{"id":7851,"date":"2023-11-28T14:57:25","date_gmt":"2023-11-28T13:57:25","guid":{"rendered":"https:\/\/sbshoppingbasket.com\/avis-legal\/"},"modified":"2023-11-29T10:07:22","modified_gmt":"2023-11-29T09:07:22","slug":"avis-legal","status":"publish","type":"page","link":"https:\/\/sbshoppingbasket.com\/fr\/avis-legal\/","title":{"rendered":"Avis l\u00e9gal"},"content":{"rendered":"\t\t<div data-elementor-type=\"wp-page\" data-elementor-id=\"7851\" class=\"elementor elementor-7851 elementor-7818\" data-elementor-post-type=\"page\">\n\t\t\t\t<div class=\"elementor-element elementor-element-c648d9f e-con-m e-con-64 e-flex e-con-boxed e-con e-parent\" data-id=\"c648d9f\" data-element_type=\"container\">\n\t\t\t\t\t<div class=\"e-con-inner\">\n\t\t<div class=\"elementor-element elementor-element-7154dc9 e-flex e-con-boxed e-con e-child\" data-id=\"7154dc9\" data-element_type=\"container\">\n\t\t\t\t\t<div class=\"e-con-inner\">\n\t\t\t\t<div class=\"elementor-element elementor-element-c170dae elementor-widget elementor-widget-shortcode\" data-id=\"c170dae\" data-element_type=\"widget\" data-widget_type=\"shortcode.default\">\n\t\t\t\t\t\t\t<div class=\"elementor-shortcode\"><nav aria-label=\"breadcrumbs\" class=\"rank-math-breadcrumb\"><p><span class=\"last\">Shopping Basket<\/span><\/p><\/nav><\/div>\n\t\t\t\t\t\t<\/div>\n\t\t\t\t<div class=\"elementor-element elementor-element-15e1054 elementor-widget elementor-widget-theme-post-title elementor-page-title elementor-widget-heading\" data-id=\"15e1054\" data-element_type=\"widget\" data-widget_type=\"theme-post-title.default\">\n\t\t\t\t\t<h1 class=\"elementor-heading-title elementor-size-default\">Avis l\u00e9gal<\/h1>\t\t\t\t<\/div>\n\t\t\t\t\t<\/div>\n\t\t\t\t<\/div>\n\t\t<div class=\"elementor-element elementor-element-2255af3 e-con-full e-flex e-con e-child\" data-id=\"2255af3\" data-element_type=\"container\">\n\t\t\t\t<div class=\"elementor-element elementor-element-e36cae7 elementor-widget elementor-widget-text-editor\" data-id=\"e36cae7\" data-element_type=\"widget\" data-widget_type=\"text-editor.default\">\n\t\t\t\t\t\t\t\t\t<p>Condition d&rsquo;utilisation<\/p>\n<p>Conform\u00e9ment \u00e0 la loi 34\/2002 du 11 juillet relative aux services de la soci\u00e9t\u00e9 de l&rsquo;information et au commerce \u00e9lectronique (LSSI-CE), SHOPPING BASKET SLU informe qu&rsquo;elle est propri\u00e9taire du site https:\/\/sbshoppingbasket.com\/. Conform\u00e9ment aux exigences de l&rsquo;article 10 de la loi pr\u00e9cit\u00e9e, SHOPPING BASKET SLU communique les informations suivantes :<\/p>\n<p>Le propri\u00e9taire de ce site est SHOPPING BASKET SLU, avec CIF B64754765 et si\u00e8ge social \u00e0 CARRER PARIS, 184 3-1 08036, BARCELONA, inscrite au Registre du Commerce, au tome 40232, folio 27, page B-360098 et inscription 5 Adresse Email pour contacter l&rsquo;entreprise est: <a href=\"mailto:info@sbshoppingbasket.com\">info@sbshoppingbasket.com<\/a><\/p>\n<\/p>\n<p>R\u00e9gime et responsabilit\u00e9 des utilisateurs<\/p>\n<p>La navigation, l&rsquo;acc\u00e8s et l&rsquo;utilisation du site SHOPPING BASKET SLU conf\u00e8rent la qualit\u00e9 d&rsquo;utilisateur, par lequel vous acceptez, en naviguant sur le site SHOPPING BASKET SLU, toutes les conditions d&rsquo;utilisation \u00e9tablies ici sans pr\u00e9judice de l&rsquo;application de la r\u00e9glementation correspondante. en vigueur.<\/p>\n<p>Le site SHOPPING BASKET SLU propose une grande vari\u00e9t\u00e9 d&rsquo;informations, de services et de donn\u00e9es. L&rsquo;utilisateur assume la responsabilit\u00e9 de l&rsquo;utilisation correcte du site Internet. Cette responsabilit\u00e9 s\u2019\u00e9tendra \u00e0 :<\/p>\n<p>La v\u00e9racit\u00e9 et la l\u00e9galit\u00e9 des informations fournies par l&rsquo;utilisateur dans les formulaires \u00e9mis par SHOPPING BASKET SLU pour acc\u00e9der \u00e0 certains contenus ou services propos\u00e9s par le site.<\/p>\n<p>L&rsquo;utilisation des informations, services et donn\u00e9es offerts par SHOPPING BASKET SLU contraire aux dispositions des pr\u00e9sentes conditions, \u00e0 la loi, aux bonnes m\u0153urs, aux bonnes m\u0153urs ou \u00e0 l&rsquo;ordre public, ou qui, de toute autre mani\u00e8re, pourrait impliquer une atteinte aux droits de tiers. ou le fonctionnement m\u00eame du site Web.<\/p>\n<p>Politique de liaison et clause de non-responsabilit\u00e9<\/p>\n<p>SHOPPING BASKET SLU n&rsquo;est pas responsable du contenu des sites Web auxquels l&rsquo;utilisateur peut acc\u00e9der \u00e0 travers les liens \u00e9tablis sur son site Web et d\u00e9clare qu&rsquo;en aucun cas il ne proc\u00e9dera \u00e0 un examen ni n&rsquo;exercera aucun type de contr\u00f4le sur le contenu d&rsquo;autrui. sites Internet. De m\u00eame, il ne garantira pas la disponibilit\u00e9 technique, l&rsquo;exactitude, la v\u00e9racit\u00e9, la validit\u00e9 ou la l\u00e9galit\u00e9 des sites ext\u00e9rieurs \u00e0 sa propri\u00e9t\u00e9 accessibles via les liens.<\/p>\n<p>SHOPPING BASKET SLU d\u00e9clare avoir adopt\u00e9 toutes les mesures n\u00e9cessaires pour \u00e9viter tout pr\u00e9judice aux utilisateurs de son site Web, qui pourrait d\u00e9couler de la navigation sur son site Web. Par cons\u00e9quent, SHOPPING BASKET SLU n&rsquo;est en aucun cas responsable des \u00e9ventuels dommages que l&rsquo;utilisateur pourrait subir lors de sa navigation sur Internet.<\/p>\n<\/p>\n<p>Changements<\/p>\n<p>SHOPPING BASKET SLU se r\u00e9serve le droit d&rsquo;apporter toutes modifications qu&rsquo;elle jugera utiles, sans pr\u00e9avis, au contenu de son site Internet. Tant concernant le contenu du site que ses conditions d\u2019utilisation.<\/p>\n<p>Ces modifications pourront \u00eatre apport\u00e9es par l&rsquo;interm\u00e9diaire de votre site Internet de toute mani\u00e8re autoris\u00e9e par la loi et seront obligatoires pendant toute la dur\u00e9e de leur publication sur le site et jusqu&rsquo;\u00e0 ce qu&rsquo;elles soient valablement modifi\u00e9es par des modifications ult\u00e9rieures.<\/p>\n<\/p>\n<p>Protection de donn\u00e9es<\/p>\n<p>Conform\u00e9ment aux dispositions de la r\u00e9glementation en vigueur sur la protection des donn\u00e9es personnelles, nous vous informons que vos donn\u00e9es seront int\u00e9gr\u00e9es dans le syst\u00e8me de traitement appartenant \u00e0 SHOPPING BASKET SLU avec CIF B64754765 et si\u00e8ge social \u00e0 CARRER PARIS, 184 3-1 08036, BARCELONA . , afin de faciliter, d&rsquo;acc\u00e9l\u00e9rer et de remplir les engagements \u00e9tablis entre les deux parties. Conform\u00e9ment \u00e0 la r\u00e9glementation en vigueur, SHOPPING BASKET SLU informe que les donn\u00e9es seront conserv\u00e9es pendant la dur\u00e9e strictement n\u00e9cessaire au respect des pr\u00e9ceptes susmentionn\u00e9s.<\/p>\n<p>Nous vous informons que le traitement de vos donn\u00e9es est l\u00e9gitim\u00e9 par votre consentement.<\/p>\n<\/p>\n<p>SHOPPING BASKET SLU informe qu&rsquo;elle traitera les donn\u00e9es de mani\u00e8re licite, loyale, transparente, ad\u00e9quate, pertinente, limit\u00e9e, exacte et actualis\u00e9e. C&rsquo;est pourquoi SHOPPING BASKET SLU s&rsquo;engage \u00e0 adopter toutes les mesures raisonnables pour assurer qu&rsquo;elles soient supprim\u00e9es ou rectifi\u00e9es sans d\u00e9lai lorsqu&rsquo;elles sont inexactes.<\/p>\n<p>Conform\u00e9ment aux droits qui vous sont conf\u00e9r\u00e9s par la r\u00e9glementation en vigueur sur la protection des donn\u00e9es, vous pouvez exercer les droits d&rsquo;acc\u00e8s, de rectification, de limitation du traitement, de suppression, de portabilit\u00e9 et d&rsquo;opposition au traitement de vos donn\u00e9es personnelles ainsi que le consentement donn\u00e9 pour le traitement. de celui-ci, en envoyant votre demande \u00e0 l&rsquo;adresse postale indiqu\u00e9e ci-dessus ou \u00e0 l&#8217;email info@sbshoppingbasket.com<\/p>\n<p>Vous pouvez contacter l&rsquo;autorit\u00e9 de contr\u00f4le comp\u00e9tente pour pr\u00e9senter la r\u00e9clamation que vous jugez appropri\u00e9e.<\/p>\n<\/p>\n<p>Certificat SSL (Secure Sockets Layer)<\/p>\n<p>Le CERTIFICAT SSL garantit l&rsquo;authentification, la confidentialit\u00e9 et la s\u00e9curit\u00e9 des informations entre SHOPPING BASKET SLU et l&rsquo;utilisateur.<\/p>\n<p>SHOPPING BASKET SLU dispose d&rsquo;un certificat de s\u00e9curit\u00e9 qui est utilis\u00e9 par SSL CERTIFICATE pour \u00e9tablir des connexions s\u00e9curis\u00e9es.<\/p>\n<p>Dans ce processus, plusieurs param\u00e8tres sont \u00e9tablis pour \u00e9tablir la connexion en toute s\u00e9curit\u00e9 et celle-ci est \u00e9tablie \u00e0 l&rsquo;aide de cl\u00e9s pr\u00e9\u00e9tablies, codant et d\u00e9codant toutes les donn\u00e9es envoy\u00e9es jusqu&rsquo;\u00e0 la fermeture de la connexion.<\/p>\n<\/p>\n<p>Propri\u00e9t\u00e9 intellectuelle et industrielle<\/p>\n<p>SHOPPING BASKET SLU, seule ou en tant que cessionnaire, est propri\u00e9taire de tous les droits de propri\u00e9t\u00e9 intellectuelle et industrielle de son site Internet, ainsi que des \u00e9l\u00e9ments qui y sont contenus (par exemple, images, sons, audio, vid\u00e9o, logiciels ou textes ; marques ou logos, combinaisons de couleurs, structure et design, s\u00e9lection des mat\u00e9riaux utilis\u00e9s, programmes informatiques n\u00e9cessaires \u00e0 son fonctionnement, acc\u00e8s et utilisation, etc.), propri\u00e9t\u00e9 de SHOPPING BASKET SLU.<\/p>\n<p>Il s&rsquo;agira donc d&rsquo;\u0153uvres prot\u00e9g\u00e9es en tant que propri\u00e9t\u00e9 intellectuelle par le syst\u00e8me juridique espagnol, dans lequel seront applicables tant la r\u00e9glementation espagnole que communautaire en la mati\u00e8re, ainsi que les trait\u00e9s internationaux sign\u00e9s par l&rsquo;Espagne en la mati\u00e8re.<\/p>\n<p>Tous droits r\u00e9serv\u00e9s. Conform\u00e9ment aux dispositions de la loi sur la propri\u00e9t\u00e9 intellectuelle, la reproduction, la distribution et la communication publique, y compris le mode de mise \u00e0 disposition, de tout ou partie du contenu de ce site Web, \u00e0 des fins commerciales, sont express\u00e9ment interdites. sur tout support et par tout moyen technique, sans l&rsquo;autorisation de SHOPPING BASKET SLU.<\/p>\n<p>L&rsquo;utilisateur s&rsquo;engage \u00e0 respecter les droits de propri\u00e9t\u00e9 intellectuelle et industrielle d\u00e9tenus par SHOPPING BASKET SLU. Vous pourrez visualiser les \u00e9l\u00e9ments du portail et m\u00eame les imprimer, les copier et les stocker sur le disque dur de votre ordinateur ou sur tout autre support physique pour autant que ce soit, uniquement et exclusivement, pour votre usage personnel et priv\u00e9. L&rsquo;utilisateur doit s&rsquo;abstenir de supprimer, alt\u00e9rer, \u00e9luder ou manipuler tout dispositif de protection ou syst\u00e8me de s\u00e9curit\u00e9 install\u00e9 sur les pages de SHOPPING BASKET SLU.<\/p>\n<\/p>\n<p>Actions judiciaires, l\u00e9gislation applicable et juridiction<\/p>\n<p>SHOPPING BASKET SLU se r\u00e9serve \u00e9galement le droit d&rsquo;engager toute action civile ou p\u00e9nale qu&rsquo;elle jugera appropri\u00e9e en cas d&rsquo;utilisation inappropri\u00e9e de son site Web et de son contenu, ou en cas de violation des pr\u00e9sentes conditions.<\/p>\n<p>La relation entre l&rsquo;utilisateur et le fournisseur sera r\u00e9gie par la r\u00e9glementation en vigueur et applicable sur le territoire espagnol. En cas de litige, les parties pourront soumettre leurs conflits \u00e0 l&rsquo;arbitrage ou les soumettre \u00e0 la juridiction ordinaire, en respectant les r\u00e8gles de comp\u00e9tence et de comp\u00e9tence en la mati\u00e8re. SHOPPING BASKET SLU est domicili\u00e9e \u00e0 BARCELONE, Espagne.<\/p>\n<\/p>\n<p>Politique de confidentialit\u00e9 des r\u00e9seaux sociaux<\/p>\n<p>Conform\u00e9ment \u00e0 la r\u00e9glementation en vigueur et applicable en mati\u00e8re de protection des donn\u00e9es personnelles (RGPD) et \u00e0 la loi 34\/2002 du 11 juillet sur les services de la soci\u00e9t\u00e9 de l&rsquo;information et du commerce \u00e9lectronique (LSSI-CE), SHOPPING BASKET SLU informe les utilisateurs qu&rsquo;elle a proc\u00e9d\u00e9 \u00e0 la cr\u00e9ation un profil sur les r\u00e9seaux sociaux Facebook, Twitter et Linkedin, avec pour objectif principal de faire la publicit\u00e9 de ses produits et services.<\/p>\n<\/p>\n<p>Donn\u00e9es de CESTA DE COMPRAS SLU :<\/p>\n<ul>\n<li>Code d&rsquo;identification fiscale.: B64754765<\/li>\n<li>ADRESSE : CARRER PARIS, 184 3-1 08036, BARCELONE<\/li>\n<li>COURRIER \u00c9LECTRONIQUE: info@sbshoppingbasket.com<\/li>\n<li>DOMAINE WEB : https:\/\/sbshoppingbasket.com\/<\/li>\n<\/ul>\n<p>L&rsquo;utilisateur dispose d&rsquo;un profil sur le m\u00eame r\u00e9seau social et a d\u00e9cid\u00e9 de rejoindre la page cr\u00e9\u00e9e par SHOPPING BASKET SLU, manifestant ainsi son int\u00e9r\u00eat pour les informations annonc\u00e9es sur le r\u00e9seau. En rejoignant notre page, vous nous donnez votre consentement au traitement de ces donn\u00e9es personnelles publi\u00e9es dans votre profil.<\/p>\n<p>L&rsquo;utilisateur peut acc\u00e9der \u00e0 tout moment aux politiques de confidentialit\u00e9 du r\u00e9seau social lui-m\u00eame, ainsi que configurer son profil pour garantir sa confidentialit\u00e9.<\/p>\n<p>SHOPPING BASKET SLU a acc\u00e8s et traite ces informations publiques d&rsquo;utilisateur, en particulier votre nom de contact. Ces donn\u00e9es ne sont utilis\u00e9es qu&rsquo;au sein du r\u00e9seau social lui-m\u00eame. Ils ne sont int\u00e9gr\u00e9s dans aucun syst\u00e8me de traitement.<\/p>\n<p>En ce qui concerne les droits d&rsquo;acc\u00e8s, de rectification, de limitation du traitement, de suppression, de portabilit\u00e9 et d&rsquo;opposition au traitement de vos donn\u00e9es personnelles dont vous disposez et que vous pouvez exercer aupr\u00e8s de SHOPPING BASKET SLU, conform\u00e9ment au RGPD, vous devez avoir pris en compte prendre en compte les \u00e9l\u00e9ments suivants : nuances :<\/p>\n<p><strong>Droit d&rsquo;acc\u00e8s :<\/strong> L&rsquo;utilisateur a le droit d&rsquo;obtenir des informations sur ses donn\u00e9es personnelles sp\u00e9cifiques et les traitements qu&rsquo;il a effectu\u00e9s ou r\u00e9alis\u00e9s, ainsi que les informations disponibles sur l&rsquo;origine de ces donn\u00e9es et les communications effectu\u00e9es ou pr\u00e9vues dans ce sujet.<\/p>\n<p><strong>Droit de rectification :<\/strong> L&rsquo;int\u00e9ress\u00e9 a le droit de modifier les donn\u00e9es inexactes ou incompl\u00e8tes. Elle ne peut \u00eatre satisfaite qu&rsquo;en ce qui concerne les informations sous le contr\u00f4le de SHOPPING BASKET SLU, par exemple en \u00e9liminant les commentaires publi\u00e9s sur la page elle-m\u00eame, les images ou les contenus Web contenant des donn\u00e9es personnelles de l&rsquo;utilisateur.<\/p>\n<p>Droit \u00e0 la limitation du traitement : Il s\u2019agit du droit \u00e0 la limitation des finalit\u00e9s de traitement initialement pr\u00e9vues par le responsable du traitement.<\/p>\n<p><strong>Droit de suppression :<\/strong> Il s&rsquo;agit du droit de supprimer les donn\u00e9es personnelles de l&rsquo;utilisateur, sauf dans les cas pr\u00e9vus par le RGPD lui-m\u00eame ou par d&rsquo;autres r\u00e9glementations applicables qui d\u00e9terminent l&rsquo;obligation de les conserver, dans le d\u00e9lai imparti.<\/p>\n<p>Droit \u00e0 la portabilit\u00e9 : Droit de recevoir les donn\u00e9es personnelles que l&rsquo;utilisateur a fournies, dans un format structur\u00e9, couramment utilis\u00e9 et lisible par machine, et de les transmettre \u00e0 un autre responsable.<\/p>\n<p><strong>Droit d&rsquo;opposition <\/strong>: l&rsquo;utilisateur a le droit de ne pas traiter ses donn\u00e9es personnelles ou de cesser leur traitement par SHOPPING BASKET SLU. SHOPPING BASKET SLU r\u00e9alisera les actions suivantes :<\/p>\n<p>Acc\u00e8s aux informations de profil public.<\/p>\n<p>Acc\u00e8s aux informations de profil public.<\/p>\n<\/p>\n<p>Publication dans le profil utilisateur de toutes les informations d\u00e9j\u00e0 publi\u00e9es sur la page SHOPPING BASKET SL.<\/p>\n<p>Envoyez des messages personnels et individuels via les r\u00e9seaux sociaux.<\/p>\n<p>Mises \u00e0 jour de l&rsquo;\u00e9tat de la page \u00e0 publier sur le profil de l&rsquo;utilisateur.<\/p>\n<p>L&rsquo;utilisateur peut toujours contr\u00f4ler ses connexions, supprimer les contenus qui ne l&rsquo;int\u00e9ressent plus et restreindre les personnes avec lesquelles il partage ses connexions, pour ce faire, il doit acc\u00e9der \u00e0 ses param\u00e8tres de confidentialit\u00e9.<\/p>\n<p>Publications<\/p>\n<p>L&rsquo;utilisateur, une fois inscrit sur la page SHOPPING BASKET SLU, pourra publier sur cette derni\u00e8re des commentaires, des liens, des images ou des photographies ou tout autre type de contenu multim\u00e9dia support\u00e9 par le r\u00e9seau social. L&rsquo;utilisateur, dans tous les cas, doit \u00eatre le propri\u00e9taire, jouir des droits d&rsquo;auteur et de propri\u00e9t\u00e9 intellectuelle ou avoir le consentement des tiers int\u00e9ress\u00e9s. Toute publication sur la page, qu&rsquo;il s&rsquo;agisse de textes, graphiques, photographies, vid\u00e9os, etc., est express\u00e9ment interdite. qui portent atteinte ou pourraient porter atteinte \u00e0 la moralit\u00e9, \u00e0 l&rsquo;\u00e9thique, au bon go\u00fbt ou \u00e0 la biens\u00e9ance, et\/ou qui portent atteinte, portent ou portent atteinte aux droits de propri\u00e9t\u00e9 intellectuelle ou industrielle, au droit \u00e0 l&rsquo;image ou \u00e0 la loi. Dans ces cas, SHOPPING BASKET SLU se r\u00e9serve le droit de supprimer imm\u00e9diatement le contenu et peut demander le blocage permanent de l&rsquo;utilisateur.<\/p>\n<p>SHOPPING BASKET SLU ne sera pas responsable du contenu qu&rsquo;un utilisateur aura librement publi\u00e9.<\/p>\n<p>L&rsquo;utilisateur doit garder \u00e0 l&rsquo;esprit que ses publications seront connues des autres utilisateurs, c&rsquo;est pourquoi il est lui-m\u00eame le premier responsable de sa vie priv\u00e9e.<\/p>\n<p>Les images qui pourraient \u00eatre publi\u00e9es sur la page ne seront stock\u00e9es dans aucun syst\u00e8me de traitement par SHOPPING BASKET SLU, mais resteront sur le r\u00e9seau social.<\/p>\n<\/p>\n<p>Concours et promotions.<\/p>\n<p>SHOPPING BASKET SLU se r\u00e9serve le droit d&rsquo;organiser des concours et des promotions, auxquels peut participer l&rsquo;utilisateur li\u00e9 \u00e0 sa page. Les concepts de base de chacun d\u2019eux y seront publi\u00e9s, lorsque la plateforme de m\u00e9dias sociaux sera utilis\u00e9e \u00e0 cette fin. Conformez-vous toujours au LSSI-CE et \u00e0 toute autre norme applicable.<\/p>\n<p>Le r\u00e9seau social ne sponsorise, n\u2019approuve ni n\u2019administre, de quelque mani\u00e8re que ce soit, aucune de nos promotions et n\u2019est associ\u00e9 \u00e0 aucune d\u2019entre elles.<\/p>\n<\/p>\n<p>Publicit\u00e9<\/p>\n<p>SHOPPING BASKET SLU utilisera le r\u00e9seau social pour faire la publicit\u00e9 de ses produits et services. Dans tous les cas, si elle d\u00e9cide de traiter vos donn\u00e9es de contact pour r\u00e9aliser des actions de prospection commerciale directe, il en sera toujours ainsi, en respectant les exigences l\u00e9gales du RGPD et le LSSI-CE.<\/p>\n<p>Recommander la page SHOPPING BASKET SLU \u00e0 d&rsquo;autres utilisateurs afin qu&rsquo;ils puissent \u00e9galement b\u00e9n\u00e9ficier de promotions ou \u00eatre inform\u00e9s de son activit\u00e9 ne sera pas consid\u00e9r\u00e9 comme de la publicit\u00e9.<\/p>\n<p>Ci-dessous nous d\u00e9taillons le lien vers la politique de confidentialit\u00e9 du r\u00e9seau social :<\/p>\n<ul>\n<li>Facebook: https:\/\/www.facebook.com\/help\/323540651073243\/<\/li>\n<li>Twitter: https:\/\/twitter.com\/privacy<\/li>\n<li>Linkedin: http:\/\/www.linkedin.com\/legal\/privacy-policy?trk=hb_ft_priv<\/li>\n<\/ul>\n\t\t\t\t\t\t\t\t<\/div>\n\t\t\t\t<\/div>\n\t\t\t\t\t<\/div>\n\t\t\t\t<\/div>\n\t\t\t\t<\/div>\n\t\t","protected":false},"excerpt":{"rendered":"<p>Condition d&rsquo;utilisation Conform\u00e9ment \u00e0 la loi 34\/2002 du 11 juillet relative aux services de la soci\u00e9t\u00e9 de l&rsquo;information et au commerce \u00e9lectronique (LSSI-CE), SHOPPING BASKET SLU informe qu&rsquo;elle est propri\u00e9taire du site https:\/\/sbshoppingbasket.com\/. Conform\u00e9ment aux exigences de l&rsquo;article 10 de la loi pr\u00e9cit\u00e9e, SHOPPING BASKET SLU communique les informations suivantes : Le propri\u00e9taire de ce [&hellip;]<\/p>\n","protected":false},"author":3,"featured_media":0,"parent":0,"menu_order":0,"comment_status":"closed","ping_status":"closed","template":"","meta":{"content-type":"","footnotes":""},"class_list":["post-7851","page","type-page","status-publish","hentry"],"_links":{"self":[{"href":"https:\/\/sbshoppingbasket.com\/fr\/wp-json\/wp\/v2\/pages\/7851","targetHints":{"allow":["GET"]}}],"collection":[{"href":"https:\/\/sbshoppingbasket.com\/fr\/wp-json\/wp\/v2\/pages"}],"about":[{"href":"https:\/\/sbshoppingbasket.com\/fr\/wp-json\/wp\/v2\/types\/page"}],"author":[{"embeddable":true,"href":"https:\/\/sbshoppingbasket.com\/fr\/wp-json\/wp\/v2\/users\/3"}],"replies":[{"embeddable":true,"href":"https:\/\/sbshoppingbasket.com\/fr\/wp-json\/wp\/v2\/comments?post=7851"}],"version-history":[{"count":1,"href":"https:\/\/sbshoppingbasket.com\/fr\/wp-json\/wp\/v2\/pages\/7851\/revisions"}],"predecessor-version":[{"id":7852,"href":"https:\/\/sbshoppingbasket.com\/fr\/wp-json\/wp\/v2\/pages\/7851\/revisions\/7852"}],"wp:attachment":[{"href":"https:\/\/sbshoppingbasket.com\/fr\/wp-json\/wp\/v2\/media?parent=7851"}],"curies":[{"name":"wp","href":"https:\/\/api.w.org\/{rel}","templated":true}]}}