{"id":6077,"date":"2023-09-08T13:37:07","date_gmt":"2023-09-08T11:37:07","guid":{"rendered":"https:\/\/sbshoppingbasket.com\/durabilite-et-rse\/"},"modified":"2023-12-11T13:27:51","modified_gmt":"2023-12-11T12:27:51","slug":"solutions-retail-durables-et-rse","status":"publish","type":"page","link":"https:\/\/sbshoppingbasket.com\/fr\/solutions-retail-durables-et-rse\/","title":{"rendered":"Solutions retail durables et RSE"},"content":{"rendered":"\t\t<div data-elementor-type=\"wp-page\" data-elementor-id=\"6077\" class=\"elementor elementor-6077 elementor-1158\" data-elementor-post-type=\"page\">\n\t\t\t\t<div class=\"elementor-element elementor-element-b7f1539 e-con-m e-con-124 e-flex e-con-boxed e-con e-parent\" data-id=\"b7f1539\" data-element_type=\"container\" data-settings=\"{&quot;background_background&quot;:&quot;classic&quot;}\">\n\t\t\t\t\t<div class=\"e-con-inner\">\n\t\t<div class=\"elementor-element elementor-element-0819259 e-flex e-con-boxed e-con e-child\" data-id=\"0819259\" data-element_type=\"container\">\n\t\t\t\t\t<div class=\"e-con-inner\">\n\t\t\t\t<div class=\"elementor-element elementor-element-7a313ac elementor-widget elementor-widget-heading\" data-id=\"7a313ac\" data-element_type=\"widget\" data-widget_type=\"heading.default\">\n\t\t\t\t\t<h1 class=\"elementor-heading-title elementor-size-default\">Responsabilit\u00e9<\/h1>\t\t\t\t<\/div>\n\t\t\t\t\t<\/div>\n\t\t\t\t<\/div>\n\t\t\t\t\t<\/div>\n\t\t\t\t<\/div>\n\t\t<div class=\"elementor-element elementor-element-272b6ad e-con-m e-con-100 e-flex e-con-boxed e-con e-parent\" data-id=\"272b6ad\" data-element_type=\"container\">\n\t\t\t\t\t<div class=\"e-con-inner\">\n\t\t<div class=\"elementor-element elementor-element-c3aa211 e-flex e-con-boxed e-con e-child\" data-id=\"c3aa211\" data-element_type=\"container\">\n\t\t\t\t\t<div class=\"e-con-inner\">\n\t\t<div class=\"elementor-element elementor-element-ba6d4e2 e-flex e-con-boxed e-con e-child\" data-id=\"ba6d4e2\" data-element_type=\"container\">\n\t\t\t\t\t<div class=\"e-con-inner\">\n\t\t\t\t<div class=\"elementor-element elementor-element-37421e5 elementor-widget elementor-widget-image\" data-id=\"37421e5\" data-element_type=\"widget\" data-widget_type=\"image.default\">\n\t\t\t\t\t\t\t\t\t\t\t\t\t\t\t<img fetchpriority=\"high\" decoding=\"async\" width=\"736\" height=\"600\" src=\"https:\/\/sbshoppingbasket.com\/wp-content\/uploads\/sb-responsability-recycled.jpg\" class=\"attachment-full size-full wp-image-4499\" alt=\"\" srcset=\"https:\/\/sbshoppingbasket.com\/wp-content\/uploads\/sb-responsability-recycled.jpg 736w, https:\/\/sbshoppingbasket.com\/wp-content\/uploads\/sb-responsability-recycled-400x326.jpg 400w, https:\/\/sbshoppingbasket.com\/wp-content\/uploads\/sb-responsability-recycled-600x489.jpg 600w\" sizes=\"(max-width: 736px) 100vw, 736px\" title=\"\">\t\t\t\t\t\t\t\t\t\t\t\t\t\t\t<\/div>\n\t\t\t\t\t<\/div>\n\t\t\t\t<\/div>\n\t\t<div class=\"elementor-element elementor-element-3193f4a e-flex e-con-boxed e-con e-child\" data-id=\"3193f4a\" data-element_type=\"container\">\n\t\t\t\t\t<div class=\"e-con-inner\">\n\t\t\t\t<div class=\"elementor-element elementor-element-7b47ce3 elementor-widget elementor-widget-heading\" data-id=\"7b47ce3\" data-element_type=\"widget\" data-widget_type=\"heading.default\">\n\t\t\t\t\t<h2 class=\"elementor-heading-title elementor-size-default\">Solutions retail durables<\/h2>\t\t\t\t<\/div>\n\t\t\t\t<div class=\"elementor-element elementor-element-c17569d elementor-widget elementor-widget-text-editor\" data-id=\"c17569d\" data-element_type=\"widget\" data-widget_type=\"text-editor.default\">\n\t\t\t\t\t\t\t\t\t<p><strong>Notre objectif est de cr\u00e9er des solutions retail durables <\/strong> v\u00e9ritablement circulaires. Nous avons travaill\u00e9 <strong>sur des produits qui, en plus d&rsquo;une production circulaire, sont con\u00e7us pour \u00eatre utilis\u00e9s de mani\u00e8re circulaire, comme ReBasket.<\/strong><\/p>\n<p>Nous sensibilisons \u00e0 la mani\u00e8re dont nous g\u00e9rons et fabriquons nos produits ainsi qu&rsquo;\u00e0 la mani\u00e8re dont ils sont con\u00e7us pour \u00eatre utilis\u00e9s et comment ils sont \u00e9limin\u00e9s.<\/p>\n\t\t\t\t\t\t\t\t<\/div>\n\t\t\t\t\t<\/div>\n\t\t\t\t<\/div>\n\t\t\t\t\t<\/div>\n\t\t\t\t<\/div>\n\t\t<div class=\"elementor-element elementor-element-a0a2891 e-flex e-con-boxed e-con e-child\" data-id=\"a0a2891\" data-element_type=\"container\">\n\t\t\t\t\t<div class=\"e-con-inner\">\n\t\t<div class=\"elementor-element elementor-element-32e3df8 e-con-full e-flex e-con e-child\" data-id=\"32e3df8\" data-element_type=\"container\">\n\t\t\t\t<div class=\"elementor-element elementor-element-f7e4e6c elementor-widget elementor-widget-heading\" data-id=\"f7e4e6c\" data-element_type=\"widget\" data-widget_type=\"heading.default\">\n\t\t\t\t\t<h2 class=\"elementor-heading-title elementor-size-default\">Empreinte carbone<\/h2>\t\t\t\t<\/div>\n\t\t\t\t<div class=\"elementor-element elementor-element-b112aee elementor-widget elementor-widget-text-editor\" data-id=\"b112aee\" data-element_type=\"widget\" data-widget_type=\"text-editor.default\">\n\t\t\t\t\t\t\t\t\t<p>L&#8217;empreinte de Shopping Basket prend en compte les \u00e9missions de carbone et les d\u00e9chets. <strong>Nous sommes en train de mesurer notre empreinte<\/strong> afin de pouvoir pleinement comprendre l\u2019impact que nous avons. Cela donnera une perspective pour cr\u00e9er des plans pour r\u00e9duire nos impacts n\u00e9gatifs et prendre des mesures pour am\u00e9liorer notre impact sur l&rsquo;environnement.<\/p>\n<p>En 2022, nous commen\u00e7ons \u00e0 calculer l\u2019empreinte carbone de chacun de nos produits et op\u00e9rations avec un expert carbone tiers.<br \/>La prochaine \u00e9tape consistera \u00e0 mettre en pratique des actions qui am\u00e9liorent notre impact dans le monde.<\/p>\n\t\t\t\t\t\t\t\t<\/div>\n\t\t\t\t<div class=\"elementor-element elementor-element-d759312 elementor-widget elementor-widget-button\" data-id=\"d759312\" data-element_type=\"widget\" data-widget_type=\"button.default\">\n\t\t\t\t\t\t\t\t\t\t<a class=\"elementor-button elementor-button-link elementor-size-sm\" href=\"https:\/\/sbshoppingbasket.com\/fr\/paniers-recycles-zero-waste\/\">\n\t\t\t\t\t\t<span class=\"elementor-button-content-wrapper\">\n\t\t\t\t\t\t\t\t\t<span class=\"elementor-button-text\">Savoir plus<\/span>\n\t\t\t\t\t<\/span>\n\t\t\t\t\t<\/a>\n\t\t\t\t\t\t\t\t<\/div>\n\t\t\t\t<\/div>\n\t\t<div class=\"elementor-element elementor-element-5251423 e-flex e-con-boxed e-con e-child\" data-id=\"5251423\" data-element_type=\"container\">\n\t\t\t\t\t<div class=\"e-con-inner\">\n\t\t\t\t<div class=\"elementor-element elementor-element-a6af1ea elementor-widget elementor-widget-image\" data-id=\"a6af1ea\" data-element_type=\"widget\" data-widget_type=\"image.default\">\n\t\t\t\t\t\t\t\t\t\t\t\t\t\t\t<img decoding=\"async\" width=\"838\" height=\"834\" src=\"https:\/\/sbshoppingbasket.com\/wp-content\/uploads\/sb-responsability-footprint.jpg\" class=\"attachment-full size-full wp-image-4503\" alt=\"\" srcset=\"https:\/\/sbshoppingbasket.com\/wp-content\/uploads\/sb-responsability-footprint.jpg 838w, https:\/\/sbshoppingbasket.com\/wp-content\/uploads\/sb-responsability-footprint-400x398.jpg 400w, https:\/\/sbshoppingbasket.com\/wp-content\/uploads\/sb-responsability-footprint-768x764.jpg 768w, https:\/\/sbshoppingbasket.com\/wp-content\/uploads\/sb-responsability-footprint-300x300.jpg 300w, https:\/\/sbshoppingbasket.com\/wp-content\/uploads\/sb-responsability-footprint-600x597.jpg 600w, https:\/\/sbshoppingbasket.com\/wp-content\/uploads\/sb-responsability-footprint-100x100.jpg 100w\" sizes=\"(max-width: 838px) 100vw, 838px\" title=\"\">\t\t\t\t\t\t\t\t\t\t\t\t\t\t\t<\/div>\n\t\t\t\t\t<\/div>\n\t\t\t\t<\/div>\n\t\t\t\t\t<\/div>\n\t\t\t\t<\/div>\n\t\t\t\t\t<\/div>\n\t\t\t\t<\/div>\n\t\t<div class=\"elementor-element elementor-element-c1922ad e-con-m e-con-100 e-flex e-con-boxed e-con e-parent\" data-id=\"c1922ad\" data-element_type=\"container\" data-settings=\"{&quot;background_background&quot;:&quot;classic&quot;}\">\n\t\t\t\t\t<div class=\"e-con-inner\">\n\t\t<div class=\"elementor-element elementor-element-84aee8a e-flex e-con-boxed e-con e-child\" data-id=\"84aee8a\" data-element_type=\"container\">\n\t\t\t\t\t<div class=\"e-con-inner\">\n\t\t\t\t<div class=\"elementor-element elementor-element-137894a elementor-widget__width-initial elementor-widget-tablet__width-initial elementor-widget-mobile__width-inherit elementor-widget elementor-widget-heading\" data-id=\"137894a\" data-element_type=\"widget\" data-widget_type=\"heading.default\">\n\t\t\t\t\t<h2 class=\"elementor-heading-title elementor-size-default\">Comment nous allons r\u00e9duire notre impact sur le monde<\/h2>\t\t\t\t<\/div>\n\t\t\t\t\t<\/div>\n\t\t\t\t<\/div>\n\t\t<div class=\"elementor-element elementor-element-5b914a5 e-con-full e-flex e-con e-child\" data-id=\"5b914a5\" data-element_type=\"container\">\n\t\t\t\t<div class=\"elementor-element elementor-element-c80e8dc elementor-widget__width-initial elementor-widget-mobile__width-inherit elementor-view-default elementor-position-block-start elementor-mobile-position-block-start elementor-widget elementor-widget-icon-box\" data-id=\"c80e8dc\" data-element_type=\"widget\" data-widget_type=\"icon-box.default\">\n\t\t\t\t\t\t\t<div class=\"elementor-icon-box-wrapper\">\n\n\t\t\t\t\t\t<div class=\"elementor-icon-box-icon\">\n\t\t\t\t<span  class=\"elementor-icon\">\n\t\t\t\t<svg xmlns=\"http:\/\/www.w3.org\/2000\/svg\" width=\"80\" height=\"80\" viewBox=\"0 0 80 80\" fill=\"none\"><path d=\"M20.9343 74.9667H46.1343C48.2222 74.9696 50.2899 74.5587 52.218 73.7577C54.1462 72.9567 55.8964 71.7815 57.3676 70.3L73.0676 54.6C73.7036 53.968 74.2056 53.2142 74.5435 52.3838C74.8814 51.5533 75.0483 50.6632 75.0343 49.7667C75.0563 48.4243 74.6725 47.1066 73.9332 45.986C73.1938 44.8654 72.1334 43.9941 70.8906 43.4862C69.6479 42.9783 68.2808 42.8575 66.9682 43.1395C65.6556 43.4214 64.4587 44.0932 63.5343 45.0667L46.3676 62.2333H43.3343C44.2583 62.2368 45.1718 62.0381 46.0109 61.6511C46.8499 61.264 47.5941 60.6981 48.1912 59.993C48.7883 59.2878 49.224 58.4606 49.4675 57.5693C49.711 56.678 49.7566 55.7441 49.6009 54.8333C49.2825 53.311 48.4417 51.9479 47.2243 50.98C46.0068 50.0121 44.4892 49.5004 42.9343 49.5333H30.4676L27.3676 48C24.7083 46.6746 21.7247 46.1397 18.7706 46.4587C15.8165 46.7778 13.0159 47.9374 10.7009 49.8C8.91515 51.2584 7.48124 53.1007 6.50591 55.1899C5.53059 57.279 5.03895 59.5612 5.06759 61.8667V62.2333\" stroke=\"#929D1B\" stroke-width=\"4\" stroke-miterlimit=\"10\"><\/path><path d=\"M43.1675 62.2334H27.3008\" stroke=\"#929D1B\" stroke-width=\"4\" stroke-miterlimit=\"10\"><\/path><path d=\"M17.7676 5.03345H24.1009C28.3179 5.03345 32.3621 6.70862 35.3439 9.69045C38.3257 12.6723 40.0009 16.7165 40.0009 20.9334H33.6342C29.4231 20.9246 25.3874 19.2455 22.4128 16.2647C19.4382 13.2838 17.7676 9.24462 17.7676 5.03345Z\" stroke=\"#929D1B\" stroke-width=\"4\" stroke-miterlimit=\"10\"><\/path><path d=\"M46.3676 24.1001H40.0009C40.0009 22.0121 40.4122 19.9445 41.2112 18.0154C42.0103 16.0864 43.1815 14.3336 44.6579 12.8571C46.1344 11.3807 47.8872 10.2095 49.8162 9.41042C51.7453 8.61137 53.8129 8.20011 55.9009 8.20011H62.2676C62.2676 12.417 60.5924 16.4613 57.6106 19.4431C54.6287 22.4249 50.5845 24.1001 46.3676 24.1001Z\" stroke=\"#929D1B\" stroke-width=\"4\" stroke-miterlimit=\"10\"><\/path><path d=\"M40 49.5334V20.9333\" stroke=\"#929D1B\" stroke-width=\"4\" stroke-miterlimit=\"10\"><\/path><\/svg>\t\t\t\t<\/span>\n\t\t\t<\/div>\n\t\t\t\n\t\t\t\t\t\t<div class=\"elementor-icon-box-content\">\n\n\t\t\t\t\t\t\t\t\t<h3 class=\"elementor-icon-box-title\">\n\t\t\t\t\t\t<span  >\n\t\t\t\t\t\t\tInt\u00e9grer la durabilit\u00e9\t\t\t\t\t\t<\/span>\n\t\t\t\t\t<\/h3>\n\t\t\t\t\n\t\t\t\t\t\t\t\t\t<p class=\"elementor-icon-box-description\">\n\t\t\t\t\t\t\u00b7 R\u00e9duire les d\u00e9chets plastiques <br>\u00b7 Promouvoir le recyclage<br>\u00b7 Cr\u00e9er des solutions retail durables\t\t\t\t\t<\/p>\n\t\t\t\t\n\t\t\t<\/div>\n\t\t\t\n\t\t<\/div>\n\t\t\t\t\t\t<\/div>\n\t\t\t\t<div class=\"elementor-element elementor-element-bbe3019 elementor-widget__width-initial elementor-widget-mobile__width-inherit elementor-view-default elementor-position-block-start elementor-mobile-position-block-start elementor-widget elementor-widget-icon-box\" data-id=\"bbe3019\" data-element_type=\"widget\" data-widget_type=\"icon-box.default\">\n\t\t\t\t\t\t\t<div class=\"elementor-icon-box-wrapper\">\n\n\t\t\t\t\t\t<div class=\"elementor-icon-box-icon\">\n\t\t\t\t<span  class=\"elementor-icon\">\n\t\t\t\t<svg xmlns=\"http:\/\/www.w3.org\/2000\/svg\" width=\"80\" height=\"80\" viewBox=\"0 0 80 80\" fill=\"none\"><path d=\"M55.9 8.16675C52.6537 8.23647 49.4812 9.14879 46.6938 10.8142C43.9064 12.4797 41.5997 14.8411 40 17.6667C38.4003 14.8411 36.0936 12.4797 33.3062 10.8142C30.5188 9.14879 27.3463 8.23647 24.1 8.16675C13.5333 8.16675 5 17.6667 5 29.4001C5 50.6001 40 71.8334 40 71.8334C40 71.8334 75 50.6001 75 29.4001C75 17.6667 66.4667 8.16675 55.9 8.16675Z\" stroke=\"#929D1B\" stroke-width=\"4\" stroke-miterlimit=\"10\"><\/path><path d=\"M17.7333 27.2668H24.1C26.2021 27.2667 28.2834 27.6835 30.2234 28.4929C32.1634 29.3024 33.9236 30.4885 35.4023 31.9826C36.8809 33.4768 38.0486 35.2493 38.8378 37.1977C39.627 39.146 40.022 41.2315 40 43.3335H33.6333C31.5312 43.3336 29.4499 42.9169 27.5099 42.1075C25.5699 41.298 23.8096 40.1119 22.331 38.6177C20.8523 37.1236 19.6846 35.3511 18.8954 33.4027C18.1063 31.4544 17.7113 29.3688 17.7333 27.2668Z\" stroke=\"#929D1B\" stroke-width=\"4\" stroke-miterlimit=\"10\"><\/path><path d=\"M46.3676 46.3667H40.0009C40.0009 42.1498 41.6761 38.1055 44.6579 35.1237C47.6397 32.1419 51.684 30.4667 55.9009 30.4667H62.2676C62.2676 34.6836 60.5924 38.7279 57.6106 41.7097C54.6287 44.6915 50.5845 46.3667 46.3676 46.3667Z\" stroke=\"#929D1B\" stroke-width=\"4\" stroke-miterlimit=\"10\"><\/path><path d=\"M40 71.8334V43.1667\" stroke=\"#929D1B\" stroke-width=\"4\" stroke-miterlimit=\"10\"><\/path><\/svg>\t\t\t\t<\/span>\n\t\t\t<\/div>\n\t\t\t\n\t\t\t\t\t\t<div class=\"elementor-icon-box-content\">\n\n\t\t\t\t\t\t\t\t\t<h3 class=\"elementor-icon-box-title\">\n\t\t\t\t\t\t<span  >\n\t\t\t\t\t\t\tUtilisation consciente du plastique\t\t\t\t\t\t<\/span>\n\t\t\t\t\t<\/h3>\n\t\t\t\t\n\t\t\t\t\t\t\t\t\t<p class=\"elementor-icon-box-description\">\n\t\t\t\t\t\t\u00b7 R\u00e9duire la consommation de plastique\n<br>\u00b7 Promouvoir l'\u00e9conomie\n<br>\u00b7 \u00c9ducation et sensibilisation\n<br>\u00b7 Am\u00e9liorations continues\t\t\t\t\t<\/p>\n\t\t\t\t\n\t\t\t<\/div>\n\t\t\t\n\t\t<\/div>\n\t\t\t\t\t\t<\/div>\n\t\t\t\t<div class=\"elementor-element elementor-element-7736a17 elementor-widget__width-initial elementor-widget-mobile__width-inherit elementor-view-default elementor-position-block-start elementor-mobile-position-block-start elementor-widget elementor-widget-icon-box\" data-id=\"7736a17\" data-element_type=\"widget\" data-widget_type=\"icon-box.default\">\n\t\t\t\t\t\t\t<div class=\"elementor-icon-box-wrapper\">\n\n\t\t\t\t\t\t<div class=\"elementor-icon-box-icon\">\n\t\t\t\t<span  class=\"elementor-icon\">\n\t\t\t\t<svg xmlns=\"http:\/\/www.w3.org\/2000\/svg\" width=\"80\" height=\"80\" viewBox=\"0 0 80 80\" fill=\"none\"><path d=\"M32.0326 33.6667C39.9486 33.6667 46.3659 27.2494 46.3659 19.3333C46.3659 11.4173 39.9486 5 32.0326 5C24.1165 5 17.6992 11.4173 17.6992 19.3333C17.6992 27.2494 24.1165 33.6667 32.0326 33.6667Z\" stroke=\"#929D1B\" stroke-width=\"4\" stroke-miterlimit=\"10\"><\/path><path d=\"M5 65.4667L7.33333 53.9C8.47368 48.1877 11.5578 43.0468 16.0609 39.3519C20.5641 35.657 26.2083 33.6362 32.0333 33.6334C37.5845 33.6222 42.9806 35.464 47.3667 38.8667\" stroke=\"#929D1B\" stroke-width=\"4\" stroke-miterlimit=\"10\"><\/path><path d=\"M55.9008 75C66.4494 75 75.0008 66.4487 75.0008 55.9001C75.0008 45.3514 66.4494 36.8 55.9008 36.8C45.3521 36.8 36.8008 45.3514 36.8008 55.9001C36.8008 66.4487 45.3521 75 55.9008 75Z\" stroke=\"#929D1B\" stroke-width=\"4\" stroke-miterlimit=\"10\"><\/path><path d=\"M65.4668 49.5334L54.3335 60.6668L47.9668 54.3334\" stroke=\"#929D1B\" stroke-width=\"4\" stroke-miterlimit=\"10\"><\/path><\/svg>\t\t\t\t<\/span>\n\t\t\t<\/div>\n\t\t\t\n\t\t\t\t\t\t<div class=\"elementor-icon-box-content\">\n\n\t\t\t\t\t\t\t\t\t<h3 class=\"elementor-icon-box-title\">\n\t\t\t\t\t\t<span  >\n\t\t\t\t\t\t\tPrendre la responsabilit\u00e9\t\t\t\t\t\t<\/span>\n\t\t\t\t\t<\/h3>\n\t\t\t\t\n\t\t\t\t\t\t\t\t\t<p class=\"elementor-icon-box-description\">\n\t\t\t\t\t\t\u00b7 Fabrication responsable\n<br>\u00b7 Programme de r\u00e9duction du plastique\n<br>\u00b7 Collaborations\n<br>\u00b7 \u00c9duquer l'utilisateur\t\t\t\t\t<\/p>\n\t\t\t\t\n\t\t\t<\/div>\n\t\t\t\n\t\t<\/div>\n\t\t\t\t\t\t<\/div>\n\t\t\t\t<\/div>\n\t\t\t\t\t<\/div>\n\t\t\t\t<\/div>\n\t\t<div class=\"elementor-element elementor-element-c69ab8f e-con-m e-con-100 e-flex e-con-boxed e-con e-parent\" data-id=\"c69ab8f\" data-element_type=\"container\">\n\t\t\t\t\t<div class=\"e-con-inner\">\n\t\t<div class=\"elementor-element elementor-element-2c89044 e-flex e-con-boxed e-con e-child\" data-id=\"2c89044\" data-element_type=\"container\">\n\t\t\t\t\t<div class=\"e-con-inner\">\n\t\t<div class=\"elementor-element elementor-element-3bb3ada e-flex e-con-boxed e-con e-child\" data-id=\"3bb3ada\" data-element_type=\"container\">\n\t\t\t\t\t<div class=\"e-con-inner\">\n\t\t\t\t<div class=\"elementor-element elementor-element-5693c68 elementor-widget elementor-widget-image\" data-id=\"5693c68\" data-element_type=\"widget\" data-widget_type=\"image.default\">\n\t\t\t\t\t\t\t\t\t\t\t\t\t\t\t<img decoding=\"async\" width=\"738\" height=\"600\" src=\"https:\/\/sbshoppingbasket.com\/wp-content\/uploads\/sb-responsability-circularity.jpg\" class=\"attachment-full size-full wp-image-4519\" alt=\"\" srcset=\"https:\/\/sbshoppingbasket.com\/wp-content\/uploads\/sb-responsability-circularity.jpg 738w, https:\/\/sbshoppingbasket.com\/wp-content\/uploads\/sb-responsability-circularity-400x325.jpg 400w, https:\/\/sbshoppingbasket.com\/wp-content\/uploads\/sb-responsability-circularity-600x488.jpg 600w\" sizes=\"(max-width: 738px) 100vw, 738px\" title=\"\">\t\t\t\t\t\t\t\t\t\t\t\t\t\t\t<\/div>\n\t\t\t\t\t<\/div>\n\t\t\t\t<\/div>\n\t\t<div class=\"elementor-element elementor-element-16250cf e-flex e-con-boxed e-con e-child\" data-id=\"16250cf\" data-element_type=\"container\">\n\t\t\t\t\t<div class=\"e-con-inner\">\n\t\t\t\t<div class=\"elementor-element elementor-element-3d7674f elementor-widget elementor-widget-heading\" data-id=\"3d7674f\" data-element_type=\"widget\" data-widget_type=\"heading.default\">\n\t\t\t\t\t<h2 class=\"elementor-heading-title elementor-size-default\">Circularit\u00e9<\/h2>\t\t\t\t<\/div>\n\t\t\t\t<div class=\"elementor-element elementor-element-1c9a066 elementor-widget elementor-widget-text-editor\" data-id=\"1c9a066\" data-element_type=\"widget\" data-widget_type=\"text-editor.default\">\n\t\t\t\t\t\t\t\t\t<p>Nous travaillons \u00e0 la cr\u00e9ation d\u2019un produit de bout en bout, renouvelable et circulaire, <strong>pouvant \u00eatre r\u00e9utilis\u00e9 de nombreuses fois. <\/strong><\/p><p>Gr\u00e2ce au contr\u00f4le de toute la cha\u00eene de valeur, <strong>nous pouvons recycler vos vieux paniers et chariots pour fabriquer de nouvelles unit\u00e9s avec ce mat\u00e9riau et prolonger au maximum la dur\u00e9e de vie du plastique.<\/strong><\/p>\t\t\t\t\t\t\t\t<\/div>\n\t\t\t\t\t<\/div>\n\t\t\t\t<\/div>\n\t\t\t\t\t<\/div>\n\t\t\t\t<\/div>\n\t\t<div class=\"elementor-element elementor-element-5f77cef e-flex e-con-boxed e-con e-child\" data-id=\"5f77cef\" data-element_type=\"container\">\n\t\t\t\t\t<div class=\"e-con-inner\">\n\t\t<div class=\"elementor-element elementor-element-ca00cb1 e-con-full e-flex e-con e-child\" data-id=\"ca00cb1\" data-element_type=\"container\">\n\t\t\t\t<div class=\"elementor-element elementor-element-12cec10 elementor-widget elementor-widget-heading\" data-id=\"12cec10\" data-element_type=\"widget\" data-widget_type=\"heading.default\">\n\t\t\t\t\t<h2 class=\"elementor-heading-title elementor-size-default\">Capital humain<\/h2>\t\t\t\t<\/div>\n\t\t\t\t<div class=\"elementor-element elementor-element-16e0cd9 elementor-widget elementor-widget-text-editor\" data-id=\"16e0cd9\" data-element_type=\"widget\" data-widget_type=\"text-editor.default\">\n\t\t\t\t\t\t\t\t\t<p>Chez SB, nous nous engageons en faveur du <strong>multiculturalisme de notre \u00e9quipe <\/strong> avec des membres du monde entier parlant jusqu&rsquo;\u00e0 10 langues diff\u00e9rentes au sein de toute l&rsquo;\u00e9quipe.<\/p>\n<p>Nous encourageons les <strong> activit\u00e9s de Team Building et les sorties entre coll\u00e8gues<\/strong> afin de renforcer les liens au sein de l&rsquo;\u00e9quipe.<\/p>\n<p><strong>La communication est l&rsquo;une des bases du SB.<\/strong> Chacun est libre d&rsquo;exprimer ses opinions et ses id\u00e9es. Nous nous engageons sur la flexibilit\u00e9 et la conciliation familiale (t\u00e9l\u00e9travail et horaires flexibles).<\/p>\n<p>Chez <strong>SB, nous souhaitons que notre \u00e9quipe continue de cro\u00eetre sur le plan personnel et professionnel,<\/strong> c&rsquo;est pourquoi nous investissons dans des cours de formation continue, ainsi que dans des ateliers de coaching pour am\u00e9liorer les comp\u00e9tences et la communication.<\/p>\n\t\t\t\t\t\t\t\t<\/div>\n\t\t\t\t<\/div>\n\t\t<div class=\"elementor-element elementor-element-6ecd1a2 e-flex e-con-boxed e-con e-child\" data-id=\"6ecd1a2\" data-element_type=\"container\">\n\t\t\t\t\t<div class=\"e-con-inner\">\n\t\t\t\t<div class=\"elementor-element elementor-element-c79db38 elementor-widget elementor-widget-image\" data-id=\"c79db38\" data-element_type=\"widget\" data-widget_type=\"image.default\">\n\t\t\t\t\t\t\t\t\t\t\t\t\t\t\t<img loading=\"lazy\" decoding=\"async\" width=\"736\" height=\"600\" src=\"https:\/\/sbshoppingbasket.com\/wp-content\/uploads\/sb-responsability-team.jpg\" class=\"attachment-full size-full wp-image-4523\" alt=\"\" srcset=\"https:\/\/sbshoppingbasket.com\/wp-content\/uploads\/sb-responsability-team.jpg 736w, https:\/\/sbshoppingbasket.com\/wp-content\/uploads\/sb-responsability-team-400x326.jpg 400w, https:\/\/sbshoppingbasket.com\/wp-content\/uploads\/sb-responsability-team-600x489.jpg 600w\" sizes=\"(max-width: 736px) 100vw, 736px\" title=\"\">\t\t\t\t\t\t\t\t\t\t\t\t\t\t\t<\/div>\n\t\t\t\t\t<\/div>\n\t\t\t\t<\/div>\n\t\t\t\t\t<\/div>\n\t\t\t\t<\/div>\n\t\t<div class=\"elementor-element elementor-element-bcbc28a e-flex e-con-boxed e-con e-child\" data-id=\"bcbc28a\" data-element_type=\"container\">\n\t\t\t\t\t<div class=\"e-con-inner\">\n\t\t<div class=\"elementor-element elementor-element-87d25b9 e-flex e-con-boxed e-con e-child\" data-id=\"87d25b9\" data-element_type=\"container\">\n\t\t\t\t\t<div class=\"e-con-inner\">\n\t\t\t\t<div class=\"elementor-element elementor-element-49070bf elementor-widget elementor-widget-image\" data-id=\"49070bf\" data-element_type=\"widget\" data-widget_type=\"image.default\">\n\t\t\t\t\t\t\t\t\t\t\t\t\t\t\t<img loading=\"lazy\" decoding=\"async\" width=\"736\" height=\"600\" src=\"https:\/\/sbshoppingbasket.com\/wp-content\/uploads\/sb-responsability-social.jpg\" class=\"attachment-full size-full wp-image-4527\" alt=\"\" srcset=\"https:\/\/sbshoppingbasket.com\/wp-content\/uploads\/sb-responsability-social.jpg 736w, https:\/\/sbshoppingbasket.com\/wp-content\/uploads\/sb-responsability-social-400x326.jpg 400w, https:\/\/sbshoppingbasket.com\/wp-content\/uploads\/sb-responsability-social-600x489.jpg 600w\" sizes=\"(max-width: 736px) 100vw, 736px\" title=\"\">\t\t\t\t\t\t\t\t\t\t\t\t\t\t\t<\/div>\n\t\t\t\t\t<\/div>\n\t\t\t\t<\/div>\n\t\t<div class=\"elementor-element elementor-element-eb2fef8 e-flex e-con-boxed e-con e-child\" data-id=\"eb2fef8\" data-element_type=\"container\">\n\t\t\t\t\t<div class=\"e-con-inner\">\n\t\t\t\t<div class=\"elementor-element elementor-element-db2d52f elementor-widget elementor-widget-heading\" data-id=\"db2d52f\" data-element_type=\"widget\" data-widget_type=\"heading.default\">\n\t\t\t\t\t<h2 class=\"elementor-heading-title elementor-size-default\">Social<\/h2>\t\t\t\t<\/div>\n\t\t\t\t<div class=\"elementor-element elementor-element-90bb934 elementor-widget elementor-widget-text-editor\" data-id=\"90bb934\" data-element_type=\"widget\" data-widget_type=\"text-editor.default\">\n\t\t\t\t\t\t\t\t\t<p><strong>Nous sommes conscients des groupes qui en ont le plus besoin <\/strong> et c&rsquo;est pourquoi nous agissons au niveau local pour am\u00e9liorer autant que possible la vie des personnes les plus vuln\u00e9rables.<\/p>\n<p>C&rsquo;est pourquoi nous <strong>collaborons avec les ONG<\/strong> C\u00e1ritas Barcelona, \u200b\u200b\u200b\u200bSan Juan de Dios, Acci\u00f3n Social Montalegre et Formacio\u0301 i Treball.<\/p>\n<p>Nous avons collabor\u00e9 en leur fournissant des chariots et des paniers afin qu&rsquo;ils puissent distribuer de la nourriture plus facilement et plus rapidement, leur permettant ainsi de servir encore plus de personnes dans le besoin.<\/p>\n\t\t\t\t\t\t\t\t<\/div>\n\t\t\t\t\t<\/div>\n\t\t\t\t<\/div>\n\t\t\t\t\t<\/div>\n\t\t\t\t<\/div>\n\t\t\t\t\t<\/div>\n\t\t\t\t<\/div>\n\t\t\t\t<\/div>\n\t\t","protected":false},"excerpt":{"rendered":"<p>Responsabilit\u00e9 Solutions retail durables Notre objectif est de cr\u00e9er des solutions retail durables v\u00e9ritablement circulaires. Nous avons travaill\u00e9 sur des produits qui, en plus d&rsquo;une production circulaire, sont con\u00e7us pour \u00eatre utilis\u00e9s de mani\u00e8re circulaire, comme ReBasket. Nous sensibilisons \u00e0 la mani\u00e8re dont nous g\u00e9rons et fabriquons nos produits ainsi qu&rsquo;\u00e0 la mani\u00e8re dont ils [&hellip;]<\/p>\n","protected":false},"author":3,"featured_media":0,"parent":0,"menu_order":0,"comment_status":"closed","ping_status":"closed","template":"","meta":{"content-type":"","footnotes":""},"class_list":["post-6077","page","type-page","status-publish","hentry"],"_links":{"self":[{"href":"https:\/\/sbshoppingbasket.com\/fr\/wp-json\/wp\/v2\/pages\/6077","targetHints":{"allow":["GET"]}}],"collection":[{"href":"https:\/\/sbshoppingbasket.com\/fr\/wp-json\/wp\/v2\/pages"}],"about":[{"href":"https:\/\/sbshoppingbasket.com\/fr\/wp-json\/wp\/v2\/types\/page"}],"author":[{"embeddable":true,"href":"https:\/\/sbshoppingbasket.com\/fr\/wp-json\/wp\/v2\/users\/3"}],"replies":[{"embeddable":true,"href":"https:\/\/sbshoppingbasket.com\/fr\/wp-json\/wp\/v2\/comments?post=6077"}],"version-history":[{"count":3,"href":"https:\/\/sbshoppingbasket.com\/fr\/wp-json\/wp\/v2\/pages\/6077\/revisions"}],"predecessor-version":[{"id":8095,"href":"https:\/\/sbshoppingbasket.com\/fr\/wp-json\/wp\/v2\/pages\/6077\/revisions\/8095"}],"wp:attachment":[{"href":"https:\/\/sbshoppingbasket.com\/fr\/wp-json\/wp\/v2\/media?parent=6077"}],"curies":[{"name":"wp","href":"https:\/\/api.w.org\/{rel}","templated":true}]}}