{"id":5894,"date":"2023-09-04T11:40:30","date_gmt":"2023-09-04T09:40:30","guid":{"rendered":"https:\/\/sbshoppingbasket.com\/contact\/"},"modified":"2025-02-12T11:20:07","modified_gmt":"2025-02-12T10:20:07","slug":"contact","status":"publish","type":"page","link":"https:\/\/sbshoppingbasket.com\/fr\/contact\/","title":{"rendered":"Contact"},"content":{"rendered":"\t\t<div data-elementor-type=\"wp-page\" data-elementor-id=\"5894\" class=\"elementor elementor-5894 elementor-56\" data-elementor-post-type=\"page\">\n\t\t\t\t<div class=\"elementor-element elementor-element-3026750 e-con-m e-con-64-top e-con-100-bottom e-flex e-con-boxed e-con e-parent\" data-id=\"3026750\" data-element_type=\"container\">\n\t\t\t\t\t<div class=\"e-con-inner\">\n\t\t<div class=\"elementor-element elementor-element-60884ff e-flex e-con-boxed e-con e-child\" data-id=\"60884ff\" data-element_type=\"container\">\n\t\t\t\t\t<div class=\"e-con-inner\">\n\t\t\t\t<div class=\"elementor-element elementor-element-c3fb61e elementor-widget elementor-widget-heading\" data-id=\"c3fb61e\" data-element_type=\"widget\" data-widget_type=\"heading.default\">\n\t\t\t\t\t<h1 class=\"elementor-heading-title elementor-size-default\">Bonjour.<\/h1>\t\t\t\t<\/div>\n\t\t\t\t<div class=\"elementor-element elementor-element-272e854 elementor-widget elementor-widget-heading\" data-id=\"272e854\" data-element_type=\"widget\" data-widget_type=\"heading.default\">\n\t\t\t\t\t<h2 class=\"elementor-heading-title elementor-size-default\">Doutes. Propositions. Projets.<\/h2>\t\t\t\t<\/div>\n\t\t\t\t<div class=\"elementor-element elementor-element-577c19c elementor-widget elementor-widget-text-editor\" data-id=\"577c19c\" data-element_type=\"widget\" data-widget_type=\"text-editor.default\">\n\t\t\t\t\t\t\t\t\t<p>Nous sommes \u00e0 seulement un clic pour vous aider \u00e0 transformer l&rsquo;exp\u00e9rience d&rsquo;achat de votre magasin d&rsquo;excellente \u00e0 incroyable.<\/p>\n<p>Remplissez le formulaire pour partager plus de d\u00e9tails sur votre projet.<\/p>\n<p>Nous aimerions avoir de vos nouvelles.<\/p>\n\t\t\t\t\t\t\t\t<\/div>\n\t\t\t\t<div class=\"elementor-element elementor-element-2bb6dec elementor-position-inline-start elementor-view-default elementor-mobile-position-block-start elementor-widget elementor-widget-icon-box\" data-id=\"2bb6dec\" data-element_type=\"widget\" data-widget_type=\"icon-box.default\">\n\t\t\t\t\t\t\t<div class=\"elementor-icon-box-wrapper\">\n\n\t\t\t\t\t\t<div class=\"elementor-icon-box-icon\">\n\t\t\t\t<a href=\"tel:+34932726188\" class=\"elementor-icon\" tabindex=\"-1\" aria-label=\"Vous pouvez \u00e9galement nous t\u00e9l\u00e9phoner, nous parlons fran\u00e7ais.\">\n\t\t\t\t<svg xmlns=\"http:\/\/www.w3.org\/2000\/svg\" width=\"48\" height=\"48\" viewBox=\"0 0 48 48\" fill=\"none\"><path d=\"M12.9838 4.5C12.1993 4.5 11.4253 4.782 10.7803 5.2965L10.6873 5.343L10.6408 5.391L5.95328 10.2195L5.99978 10.2645C5.31199 10.889 4.82467 11.7034 4.59935 12.6046C4.37402 13.5059 4.4208 14.4538 4.73378 15.3285C4.73978 15.3405 4.72778 15.363 4.73378 15.375C6.00578 19.014 9.25778 26.04 15.6088 32.391C21.9838 38.766 29.1028 41.889 32.6248 43.266H32.6713C33.5539 43.5578 34.4971 43.616 35.4089 43.4352C36.3208 43.2544 37.1703 42.8405 37.8748 42.234L42.6088 37.5C43.8508 36.258 43.8508 34.101 42.6088 32.859L36.5158 26.766L36.4678 26.6715C35.2258 25.4295 33.0238 25.4295 31.7803 26.6715L28.7803 29.6715C26.5289 28.5899 24.458 27.1671 22.6408 25.4535C20.1853 23.109 18.9313 20.4135 18.4693 19.359L21.4693 16.359C22.7293 15.099 22.7518 13.002 21.4213 11.766L21.4678 11.718L21.3283 11.5785L15.3283 5.391L15.2818 5.3445L15.1873 5.2965C14.5647 4.78815 13.7875 4.5072 12.9838 4.5ZM12.9838 7.5C13.1064 7.50712 13.2226 7.55702 13.3123 7.641L19.3123 13.7805L19.4533 13.9215C19.4413 13.9095 19.5403 14.0685 19.3588 14.25L15.6088 18L14.9053 18.657L15.2353 19.593C15.2353 19.593 16.9573 24.2055 20.5783 27.657L20.9068 27.9375C24.3913 31.119 28.4998 32.859 28.4998 32.859L29.4373 33.282L33.8908 28.827C34.1488 28.5705 34.1008 28.5705 34.3588 28.827L40.4998 34.971C40.7578 35.2275 40.7578 35.1345 40.4998 35.391L35.9053 39.9855C35.2153 40.578 34.4818 40.701 33.6103 40.4085C30.2113 39.072 23.6068 36.171 17.7178 30.2835C11.7823 24.3465 8.68328 17.6145 7.54778 14.346C7.31828 13.7355 7.48178 12.834 8.01578 12.3765L8.10878 12.282L12.6568 7.6425C12.7454 7.55861 12.8605 7.50822 12.9823 7.5H12.9838Z\" fill=\"black\"><\/path><\/svg>\t\t\t\t<\/a>\n\t\t\t<\/div>\n\t\t\t\n\t\t\t\t\t\t<div class=\"elementor-icon-box-content\">\n\n\t\t\t\t\t\t\t\t\t<p class=\"elementor-icon-box-title\">\n\t\t\t\t\t\t<a href=\"tel:+34932726188\" >\n\t\t\t\t\t\t\tVous pouvez \u00e9galement nous t\u00e9l\u00e9phoner, nous parlons fran\u00e7ais.\t\t\t\t\t\t<\/a>\n\t\t\t\t\t<\/p>\n\t\t\t\t\n\t\t\t\t\t\t\t\t\t<p class=\"elementor-icon-box-description\">\n\t\t\t\t\t\t<a href=\"tel:+34932726188\">T. +34 932 726 188<\/a>\t\t\t\t\t<\/p>\n\t\t\t\t\n\t\t\t<\/div>\n\t\t\t\n\t\t<\/div>\n\t\t\t\t\t\t<\/div>\n\t\t\t\t\t<\/div>\n\t\t\t\t<\/div>\n\t\t<div class=\"elementor-element elementor-element-0930605 e-con-full e-flex e-con e-child\" data-id=\"0930605\" data-element_type=\"container\">\n\t\t\t\t<div class=\"elementor-element elementor-element-73d3971 elementor-widget elementor-widget-html\" data-id=\"73d3971\" data-element_type=\"widget\" data-widget_type=\"html.default\">\n\t\t\t\t\t<script charset=\"utf-8\" type=\"text\/javascript\" src=\"\/\/js-eu1.hsforms.net\/forms\/embed\/v2.js\"><\/script>\r\n<script>\r\n  hbspt.forms.create({\r\n    region: \"eu1\",\r\n    portalId: \"24883085\",\r\n    formId: \"fd45d7f5-eea6-41e4-b7ff-bab0844aabc7\"\r\n  });\r\n<\/script>\t\t\t\t<\/div>\n\t\t\t\t<\/div>\n\t\t\t\t\t<\/div>\n\t\t\t\t<\/div>\n\t\t<div class=\"elementor-element elementor-element-5fef051 e-con-m e-flex e-con-boxed e-con e-parent\" data-id=\"5fef051\" data-element_type=\"container\" data-settings=\"{&quot;background_background&quot;:&quot;classic&quot;}\">\n\t\t\t\t\t<div class=\"e-con-inner\">\n\t\t<div class=\"elementor-element elementor-element-2185f63 e-flex e-con-boxed e-con e-child\" data-id=\"2185f63\" data-element_type=\"container\">\n\t\t\t\t\t<div class=\"e-con-inner\">\n\t\t\t\t<div class=\"elementor-element elementor-element-69f3b56 elementor-widget elementor-widget-heading\" data-id=\"69f3b56\" data-element_type=\"widget\" data-widget_type=\"heading.default\">\n\t\t\t\t\t<h2 class=\"elementor-heading-title elementor-size-default\">Ne manquez rien.<\/h2>\t\t\t\t<\/div>\n\t\t\t\t<div class=\"elementor-element elementor-element-d40fb39 elementor-widget elementor-widget-text-editor\" data-id=\"d40fb39\" data-element_type=\"widget\" data-widget_type=\"text-editor.default\">\n\t\t\t\t\t\t\t\t\t<p>Articles.&nbsp;<\/p>\n<p>Derni\u00e8res nouvelles du commerce de d\u00e9tail.&nbsp;<\/p>\n<p>eBooks.<\/p>\n\t\t\t\t\t\t\t\t<\/div>\n\t\t\t\t<div class=\"elementor-element elementor-element-b718a68 elementor-shape-circle elementor-grid-0 e-grid-align-center elementor-widget elementor-widget-social-icons\" data-id=\"b718a68\" data-element_type=\"widget\" data-widget_type=\"social-icons.default\">\n\t\t\t\t\t\t\t<div class=\"elementor-social-icons-wrapper elementor-grid\" role=\"list\">\n\t\t\t\t\t\t\t<span class=\"elementor-grid-item\" role=\"listitem\">\n\t\t\t\t\t<a class=\"elementor-icon elementor-social-icon elementor-social-icon-linkedin-in elementor-repeater-item-ffa114d\" href=\"https:\/\/www.linkedin.com\/company\/shopping-basket\/\" target=\"_blank\" rel=\"nofollow noopener\">\n\t\t\t\t\t\t<span class=\"elementor-screen-only\">Linkedin-in<\/span>\n\t\t\t\t\t\t<svg aria-hidden=\"true\" class=\"e-font-icon-svg e-fab-linkedin-in\" viewBox=\"0 0 448 512\" xmlns=\"http:\/\/www.w3.org\/2000\/svg\"><path d=\"M100.28 448H7.4V148.9h92.88zM53.79 108.1C24.09 108.1 0 83.5 0 53.8a53.79 53.79 0 0 1 107.58 0c0 29.7-24.1 54.3-53.79 54.3zM447.9 448h-92.68V302.4c0-34.7-.7-79.2-48.29-79.2-48.29 0-55.69 37.7-55.69 76.7V448h-92.78V148.9h89.08v40.8h1.3c12.4-23.5 42.69-48.3 87.88-48.3 94 0 111.28 61.9 111.28 142.3V448z\"><\/path><\/svg>\t\t\t\t\t<\/a>\n\t\t\t\t<\/span>\n\t\t\t\t\t\t\t<span class=\"elementor-grid-item\" role=\"listitem\">\n\t\t\t\t\t<a class=\"elementor-icon elementor-social-icon elementor-social-icon-youtube elementor-repeater-item-e1d7b32\" href=\"https:\/\/www.youtube.com\/channel\/UCO_yQfAPxK0MTaPwtRsOaxg\/videos\" target=\"_blank\" rel=\"nofollow noopener\">\n\t\t\t\t\t\t<span class=\"elementor-screen-only\">Youtube<\/span>\n\t\t\t\t\t\t<svg aria-hidden=\"true\" class=\"e-font-icon-svg e-fab-youtube\" viewBox=\"0 0 576 512\" xmlns=\"http:\/\/www.w3.org\/2000\/svg\"><path d=\"M549.655 124.083c-6.281-23.65-24.787-42.276-48.284-48.597C458.781 64 288 64 288 64S117.22 64 74.629 75.486c-23.497 6.322-42.003 24.947-48.284 48.597-11.412 42.867-11.412 132.305-11.412 132.305s0 89.438 11.412 132.305c6.281 23.65 24.787 41.5 48.284 47.821C117.22 448 288 448 288 448s170.78 0 213.371-11.486c23.497-6.321 42.003-24.171 48.284-47.821 11.412-42.867 11.412-132.305 11.412-132.305s0-89.438-11.412-132.305zm-317.51 213.508V175.185l142.739 81.205-142.739 81.201z\"><\/path><\/svg>\t\t\t\t\t<\/a>\n\t\t\t\t<\/span>\n\t\t\t\t\t\t\t<span class=\"elementor-grid-item\" role=\"listitem\">\n\t\t\t\t\t<a class=\"elementor-icon elementor-social-icon elementor-social-icon-facebook-f elementor-repeater-item-dbb5d31\" href=\"https:\/\/www.facebook.com\/ShoppingBasketSL\" target=\"_blank\" rel=\"nofollow noopener\">\n\t\t\t\t\t\t<span class=\"elementor-screen-only\">Facebook-f<\/span>\n\t\t\t\t\t\t<svg aria-hidden=\"true\" class=\"e-font-icon-svg e-fab-facebook-f\" viewBox=\"0 0 320 512\" xmlns=\"http:\/\/www.w3.org\/2000\/svg\"><path d=\"M279.14 288l14.22-92.66h-88.91v-60.13c0-25.35 12.42-50.06 52.24-50.06h40.42V6.26S260.43 0 225.36 0c-73.22 0-121.08 44.38-121.08 124.72v70.62H22.89V288h81.39v224h100.17V288z\"><\/path><\/svg>\t\t\t\t\t<\/a>\n\t\t\t\t<\/span>\n\t\t\t\t\t<\/div>\n\t\t\t\t\t\t<\/div>\n\t\t\t\t\t<\/div>\n\t\t\t\t<\/div>\n\t\t\t\t\t<\/div>\n\t\t\t\t<\/div>\n\t\t\t\t<\/div>\n\t\t","protected":false},"excerpt":{"rendered":"<p>Bonjour. Doutes. Propositions. Projets. Nous sommes \u00e0 seulement un clic pour vous aider \u00e0 transformer l&rsquo;exp\u00e9rience d&rsquo;achat de votre magasin d&rsquo;excellente \u00e0 incroyable. Remplissez le formulaire pour partager plus de d\u00e9tails sur votre projet. Nous aimerions avoir de vos nouvelles. Vous pouvez \u00e9galement nous t\u00e9l\u00e9phoner, nous parlons fran\u00e7ais. T. +34 932 726 188 Ne manquez [&hellip;]<\/p>\n","protected":false},"author":3,"featured_media":0,"parent":0,"menu_order":0,"comment_status":"closed","ping_status":"closed","template":"","meta":{"content-type":"","footnotes":""},"class_list":["post-5894","page","type-page","status-publish","hentry"],"_links":{"self":[{"href":"https:\/\/sbshoppingbasket.com\/fr\/wp-json\/wp\/v2\/pages\/5894","targetHints":{"allow":["GET"]}}],"collection":[{"href":"https:\/\/sbshoppingbasket.com\/fr\/wp-json\/wp\/v2\/pages"}],"about":[{"href":"https:\/\/sbshoppingbasket.com\/fr\/wp-json\/wp\/v2\/types\/page"}],"author":[{"embeddable":true,"href":"https:\/\/sbshoppingbasket.com\/fr\/wp-json\/wp\/v2\/users\/3"}],"replies":[{"embeddable":true,"href":"https:\/\/sbshoppingbasket.com\/fr\/wp-json\/wp\/v2\/comments?post=5894"}],"version-history":[{"count":3,"href":"https:\/\/sbshoppingbasket.com\/fr\/wp-json\/wp\/v2\/pages\/5894\/revisions"}],"predecessor-version":[{"id":8144,"href":"https:\/\/sbshoppingbasket.com\/fr\/wp-json\/wp\/v2\/pages\/5894\/revisions\/8144"}],"wp:attachment":[{"href":"https:\/\/sbshoppingbasket.com\/fr\/wp-json\/wp\/v2\/media?parent=5894"}],"curies":[{"name":"wp","href":"https:\/\/api.w.org\/{rel}","templated":true}]}}