{"id":14626,"date":"2025-06-18T15:34:13","date_gmt":"2025-06-18T13:34:13","guid":{"rendered":"https:\/\/sbshoppingbasket.com\/certifications\/"},"modified":"2026-02-03T10:46:34","modified_gmt":"2026-02-03T09:46:34","slug":"certifications","status":"publish","type":"page","link":"https:\/\/sbshoppingbasket.com\/fr\/certifications\/","title":{"rendered":"certifications"},"content":{"rendered":"\t\t<div data-elementor-type=\"wp-page\" data-elementor-id=\"14626\" class=\"elementor elementor-14626 elementor-14586\" data-elementor-post-type=\"page\">\n\t\t\t\t<div class=\"elementor-element elementor-element-b7f1539 e-con-m e-con-124 e-flex e-con-boxed e-con e-parent\" data-id=\"b7f1539\" data-element_type=\"container\" data-settings=\"{&quot;background_background&quot;:&quot;classic&quot;}\">\n\t\t\t\t\t<div class=\"e-con-inner\">\n\t\t<div class=\"elementor-element elementor-element-0819259 e-flex e-con-boxed e-con e-child\" data-id=\"0819259\" data-element_type=\"container\">\n\t\t\t\t\t<div class=\"e-con-inner\">\n\t\t\t\t<div class=\"elementor-element elementor-element-7a313ac elementor-widget elementor-widget-heading\" data-id=\"7a313ac\" data-element_type=\"widget\" data-widget_type=\"heading.default\">\n\t\t\t\t\t<h1 class=\"elementor-heading-title elementor-size-default\">Certifications<\/h1>\t\t\t\t<\/div>\n\t\t\t\t\t<\/div>\n\t\t\t\t<\/div>\n\t\t\t\t\t<\/div>\n\t\t\t\t<\/div>\n\t\t<div class=\"elementor-element elementor-element-f02cd1b e-flex e-con-boxed e-con e-parent\" data-id=\"f02cd1b\" data-element_type=\"container\">\n\t\t\t\t\t<div class=\"e-con-inner\">\n\t\t\t\t<div class=\"elementor-element elementor-element-4cfad3d elementor-widget elementor-widget-text-editor\" data-id=\"4cfad3d\" data-element_type=\"widget\" data-widget_type=\"text-editor.default\">\n\t\t\t\t\t\t\t\t\t<h2 data-start=\"235\" data-end=\"306\">Engagement envers la qualit\u00e9 et la s\u00e9curit\u00e9<\/h2>\n<p data-start=\"308\" data-end=\"542\">Chez Shopping Basket, nous nous engageons chaque jour \u00e0 proposer des solutions fiables, durables et conformes aux normes internationales les plus exigeantes.<br>C\u2019est pourquoi nous disposons de certifications cl\u00e9s qui attestent de notre excellence : <\/p>\t\t\t\t\t\t\t\t<\/div>\n\t\t\t\t\t<\/div>\n\t\t\t\t<\/div>\n\t\t<div class=\"elementor-element elementor-element-272b6ad e-con-m e-con-100 e-flex e-con-boxed e-con e-parent\" data-id=\"272b6ad\" data-element_type=\"container\">\n\t\t\t\t\t<div class=\"e-con-inner\">\n\t\t<div class=\"elementor-element elementor-element-c3aa211 e-flex e-con-boxed e-con e-child\" data-id=\"c3aa211\" data-element_type=\"container\">\n\t\t\t\t\t<div class=\"e-con-inner\">\n\t\t<div class=\"elementor-element elementor-element-ba6d4e2 e-flex e-con-boxed e-con e-child\" data-id=\"ba6d4e2\" data-element_type=\"container\">\n\t\t\t\t\t<div class=\"e-con-inner\">\n\t\t\t\t<div class=\"elementor-element elementor-element-37421e5 elementor-widget elementor-widget-image\" data-id=\"37421e5\" data-element_type=\"widget\" data-widget_type=\"image.default\">\n\t\t\t\t\t\t\t\t\t\t\t\t\t\t\t<img fetchpriority=\"high\" decoding=\"async\" width=\"1200\" height=\"1200\" src=\"https:\/\/sbshoppingbasket.com\/wp-content\/uploads\/iso-9001.jpg\" class=\"attachment-full size-full wp-image-14593\" alt=\"iso-9001\" srcset=\"https:\/\/sbshoppingbasket.com\/wp-content\/uploads\/iso-9001.jpg 1200w, https:\/\/sbshoppingbasket.com\/wp-content\/uploads\/iso-9001-1024x1024.jpg 1024w, https:\/\/sbshoppingbasket.com\/wp-content\/uploads\/iso-9001-1080x1080.jpg 1080w, https:\/\/sbshoppingbasket.com\/wp-content\/uploads\/iso-9001-400x400.jpg 400w, https:\/\/sbshoppingbasket.com\/wp-content\/uploads\/iso-9001-768x768.jpg 768w, https:\/\/sbshoppingbasket.com\/wp-content\/uploads\/iso-9001-300x300.jpg 300w, https:\/\/sbshoppingbasket.com\/wp-content\/uploads\/iso-9001-600x600.jpg 600w, https:\/\/sbshoppingbasket.com\/wp-content\/uploads\/iso-9001-100x100.jpg 100w\" sizes=\"(max-width: 1200px) 100vw, 1200px\" title=\"\">\t\t\t\t\t\t\t\t\t\t\t\t\t\t\t<\/div>\n\t\t\t\t\t<\/div>\n\t\t\t\t<\/div>\n\t\t<div class=\"elementor-element elementor-element-3193f4a e-flex e-con-boxed e-con e-child\" data-id=\"3193f4a\" data-element_type=\"container\">\n\t\t\t\t\t<div class=\"e-con-inner\">\n\t\t\t\t<div class=\"elementor-element elementor-element-7b47ce3 elementor-widget elementor-widget-heading\" data-id=\"7b47ce3\" data-element_type=\"widget\" data-widget_type=\"heading.default\">\n\t\t\t\t\t<h2 class=\"elementor-heading-title elementor-size-default\"> ISO 9001 \n<br>Gestion de la qualit\u00e9<\/h2>\t\t\t\t<\/div>\n\t\t\t\t<div class=\"elementor-element elementor-element-c17569d elementor-widget elementor-widget-text-editor\" data-id=\"c17569d\" data-element_type=\"widget\" data-widget_type=\"text-editor.default\">\n\t\t\t\t\t\t\t\t\t<p data-start=\"594\" data-end=\"721\">Cette certification internationale garantit que nos processus de production r\u00e9pondent aux plus hauts standards de qualit\u00e9.<\/p>\n<p data-start=\"723\" data-end=\"765\">Que signifie-t-elle pour nos clients ?<\/p>\n<p data-start=\"769\" data-end=\"825\">\u2714\ufe0f Des produits coh\u00e9rents, durables et bien con\u00e7us<\/p>\n<p data-start=\"828\" data-end=\"870\">\u2714\ufe0f Une am\u00e9lioration continue de tous nos processus<\/p>\n<p data-start=\"873\" data-end=\"916\">\u2714\ufe0f Une approche centr\u00e9e sur la satisfaction client<\/p>\n<p data-start=\"919\" data-end=\"978\">\u2714\ufe0f Une r\u00e9duction des erreurs, des d\u00e9chets et des d\u00e9lais de livraison<\/p>\n<p data-start=\"981\" data-end=\"1015\">\u2714\ufe0f Une efficacit\u00e9 accrue et une meilleure tra\u00e7abilit\u00e9<\/p>\n\t\t\t\t\t\t\t\t<\/div>\n\t\t\t\t<div class=\"elementor-element elementor-element-cc93acb elementor-widget elementor-widget-button\" data-id=\"cc93acb\" data-element_type=\"widget\" data-widget_type=\"button.default\">\n\t\t\t\t\t\t\t\t\t\t<a class=\"elementor-button elementor-button-link elementor-size-sm\" href=\"https:\/\/sbshoppingbasket.com\/wp-content\/uploads\/ISO9001_SB_2025_FRANCES.pdf\">\n\t\t\t\t\t\t<span class=\"elementor-button-content-wrapper\">\n\t\t\t\t\t\t\t\t\t<span class=\"elementor-button-text\">T\u00e9l\u00e9charger<\/span>\n\t\t\t\t\t<\/span>\n\t\t\t\t\t<\/a>\n\t\t\t\t\t\t\t\t<\/div>\n\t\t\t\t\t<\/div>\n\t\t\t\t<\/div>\n\t\t\t\t\t<\/div>\n\t\t\t\t<\/div>\n\t\t<div class=\"elementor-element elementor-element-a0a2891 e-flex e-con-boxed e-con e-child\" data-id=\"a0a2891\" data-element_type=\"container\">\n\t\t\t\t\t<div class=\"e-con-inner\">\n\t\t<div class=\"elementor-element elementor-element-32e3df8 e-con-full e-flex e-con e-child\" data-id=\"32e3df8\" data-element_type=\"container\">\n\t\t\t\t<div class=\"elementor-element elementor-element-f7e4e6c elementor-widget elementor-widget-heading\" data-id=\"f7e4e6c\" data-element_type=\"widget\" data-widget_type=\"heading.default\">\n\t\t\t\t\t<h2 class=\"elementor-heading-title elementor-size-default\"> ISO 28000 \n<br>S\u00e9curit\u00e9 de la cha\u00eene d\u2019approvisionnement<\/h2>\t\t\t\t<\/div>\n\t\t\t\t<div class=\"elementor-element elementor-element-b112aee elementor-widget elementor-widget-text-editor\" data-id=\"b112aee\" data-element_type=\"widget\" data-widget_type=\"text-editor.default\">\n\t\t\t\t\t\t\t\t\t<p data-start=\"1083\" data-end=\"1239\">Cette norme garantit une gestion efficace et une s\u00e9curisation de l\u2019ensemble de notre cha\u00eene d\u2019approvisionnement \u2014 depuis la mati\u00e8re premi\u00e8re jusqu\u2019\u00e0 la livraison finale.<\/p>\n<p data-start=\"1241\" data-end=\"1268\"><strong data-start=\"1241\" data-end=\"1268\">Quels avantages offre-t-elle ?<\/strong><\/p>\n<p data-start=\"1272\" data-end=\"1323\">\u2714\ufe0f Identification et ma\u00eetrise des risques logistiques<\/p>\n<p data-start=\"1326\" data-end=\"1378\">\u2714\ufe0f Protection des produits \u00e0 chaque \u00e9tape<\/p>\n<p data-start=\"1326\" data-end=\"1378\">\u2714\ufe0f Transparence et confiance dans les op\u00e9rations<\/p>\n<p data-start=\"1326\" data-end=\"1378\">\u2714\ufe0f Conformit\u00e9 aux r\u00e9glementations internationales<\/p>\n<p data-start=\"1326\" data-end=\"1378\">\u2714\ufe0f Valeur ajout\u00e9e pour les clients ayant des exigences \u00e9lev\u00e9es en mati\u00e8re de s\u00e9curit\u00e9<\/p>\n\t\t\t\t\t\t\t\t<\/div>\n\t\t\t\t<div class=\"elementor-element elementor-element-b24eaee elementor-widget elementor-widget-button\" data-id=\"b24eaee\" data-element_type=\"widget\" data-widget_type=\"button.default\">\n\t\t\t\t\t\t\t\t\t\t<a class=\"elementor-button elementor-button-link elementor-size-sm\" href=\"https:\/\/sbshoppingbasket.com\/wp-content\/uploads\/ISO28000_SB_2025_FRANCES.pdf\">\n\t\t\t\t\t\t<span class=\"elementor-button-content-wrapper\">\n\t\t\t\t\t\t\t\t\t<span class=\"elementor-button-text\">T\u00e9l\u00e9charger<\/span>\n\t\t\t\t\t<\/span>\n\t\t\t\t\t<\/a>\n\t\t\t\t\t\t\t\t<\/div>\n\t\t\t\t<\/div>\n\t\t<div class=\"elementor-element elementor-element-5251423 e-flex e-con-boxed e-con e-child\" data-id=\"5251423\" data-element_type=\"container\">\n\t\t\t\t\t<div class=\"e-con-inner\">\n\t\t\t\t<div class=\"elementor-element elementor-element-a6af1ea elementor-widget elementor-widget-image\" data-id=\"a6af1ea\" data-element_type=\"widget\" data-widget_type=\"image.default\">\n\t\t\t\t\t\t\t\t\t\t\t\t\t\t\t<img decoding=\"async\" width=\"1024\" height=\"1024\" src=\"https:\/\/sbshoppingbasket.com\/wp-content\/uploads\/iso-28000.jpg\" class=\"attachment-full size-full wp-image-14601\" alt=\"iso-28000\" srcset=\"https:\/\/sbshoppingbasket.com\/wp-content\/uploads\/iso-28000.jpg 1024w, https:\/\/sbshoppingbasket.com\/wp-content\/uploads\/iso-28000-400x400.jpg 400w, https:\/\/sbshoppingbasket.com\/wp-content\/uploads\/iso-28000-768x768.jpg 768w, https:\/\/sbshoppingbasket.com\/wp-content\/uploads\/iso-28000-300x300.jpg 300w, https:\/\/sbshoppingbasket.com\/wp-content\/uploads\/iso-28000-600x600.jpg 600w, https:\/\/sbshoppingbasket.com\/wp-content\/uploads\/iso-28000-100x100.jpg 100w\" sizes=\"(max-width: 1024px) 100vw, 1024px\" title=\"\">\t\t\t\t\t\t\t\t\t\t\t\t\t\t\t<\/div>\n\t\t\t\t\t<\/div>\n\t\t\t\t<\/div>\n\t\t\t\t\t<\/div>\n\t\t\t\t<\/div>\n\t\t\t\t\t<\/div>\n\t\t\t\t<\/div>\n\t\t\t\t<\/div>\n\t\t","protected":false},"excerpt":{"rendered":"<p>Certifications Engagement envers la qualit\u00e9 et la s\u00e9curit\u00e9 Chez Shopping Basket, nous nous engageons chaque jour \u00e0 proposer des solutions fiables, durables et conformes aux normes internationales les plus exigeantes.C\u2019est pourquoi nous disposons de certifications cl\u00e9s qui attestent de notre excellence : ISO 9001 Gestion de la qualit\u00e9 Cette certification internationale garantit que nos processus [&hellip;]<\/p>\n","protected":false},"author":3,"featured_media":0,"parent":0,"menu_order":0,"comment_status":"closed","ping_status":"closed","template":"","meta":{"content-type":"","footnotes":""},"class_list":["post-14626","page","type-page","status-publish","hentry"],"_links":{"self":[{"href":"https:\/\/sbshoppingbasket.com\/fr\/wp-json\/wp\/v2\/pages\/14626","targetHints":{"allow":["GET"]}}],"collection":[{"href":"https:\/\/sbshoppingbasket.com\/fr\/wp-json\/wp\/v2\/pages"}],"about":[{"href":"https:\/\/sbshoppingbasket.com\/fr\/wp-json\/wp\/v2\/types\/page"}],"author":[{"embeddable":true,"href":"https:\/\/sbshoppingbasket.com\/fr\/wp-json\/wp\/v2\/users\/3"}],"replies":[{"embeddable":true,"href":"https:\/\/sbshoppingbasket.com\/fr\/wp-json\/wp\/v2\/comments?post=14626"}],"version-history":[{"count":6,"href":"https:\/\/sbshoppingbasket.com\/fr\/wp-json\/wp\/v2\/pages\/14626\/revisions"}],"predecessor-version":[{"id":16424,"href":"https:\/\/sbshoppingbasket.com\/fr\/wp-json\/wp\/v2\/pages\/14626\/revisions\/16424"}],"wp:attachment":[{"href":"https:\/\/sbshoppingbasket.com\/fr\/wp-json\/wp\/v2\/media?parent=14626"}],"curies":[{"name":"wp","href":"https:\/\/api.w.org\/{rel}","templated":true}]}}