{"id":13710,"date":"2025-05-19T14:17:32","date_gmt":"2025-05-19T12:17:32","guid":{"rendered":"https:\/\/sbshoppingbasket.com\/study-cases-landing\/"},"modified":"2025-07-08T10:17:02","modified_gmt":"2025-07-08T08:17:02","slug":"study-cases-landing","status":"publish","type":"page","link":"https:\/\/sbshoppingbasket.com\/fr\/study-cases-landing\/","title":{"rendered":"Study cases &#8211; landing"},"content":{"rendered":"\t\t<div data-elementor-type=\"wp-page\" data-elementor-id=\"13710\" class=\"elementor elementor-13710 elementor-13430\" data-elementor-post-type=\"page\">\n\t\t\t\t<div class=\"elementor-element elementor-element-c706560 e-con-full jedv-enabled--yes e-flex e-con e-parent\" data-id=\"c706560\" data-element_type=\"container\">\n\t\t<div class=\"elementor-element elementor-element-8429424 e-con-m e-con-124 e-con-full e-flex e-con e-child\" data-id=\"8429424\" data-element_type=\"container\" data-settings=\"{&quot;background_background&quot;:&quot;classic&quot;}\">\n\t\t<div class=\"elementor-element elementor-element-cd9fd1f e-flex e-con-boxed e-con e-child\" data-id=\"cd9fd1f\" data-element_type=\"container\">\n\t\t\t\t\t<div class=\"e-con-inner\">\n\t\t\t\t<div class=\"elementor-element elementor-element-fa8fb36 elementor-widget elementor-widget-text-editor\" data-id=\"fa8fb36\" data-element_type=\"widget\" data-widget_type=\"text-editor.default\">\n\t\t\t\t\t\t\t\t\t<h1>\u00c9TUDES DE CAS CLIENTS<\/h1><h1><span style=\"font-size: 28px; font-weight: 400;\">7 histoires, <\/span><span style=\"font-size: 28px; font-weight: 400;\">7 probl\u00e8mes r\u00e9solus<\/span><\/h1>\t\t\t\t\t\t\t\t<\/div>\n\t\t\t\t\t<\/div>\n\t\t\t\t<\/div>\n\t\t\t\t<\/div>\n\t\t\t\t<\/div>\n\t\t<div class=\"elementor-element elementor-element-adc3c3a e-flex e-con-boxed e-con e-parent\" data-id=\"adc3c3a\" data-element_type=\"container\" data-settings=\"{&quot;background_background&quot;:&quot;classic&quot;}\">\n\t\t\t\t\t<div class=\"e-con-inner\">\n\t\t<div class=\"elementor-element elementor-element-c4e2cfe e-con-full e-flex e-con e-child\" data-id=\"c4e2cfe\" data-element_type=\"container\" data-settings=\"{&quot;background_background&quot;:&quot;classic&quot;}\">\n\t\t\t\t<div class=\"elementor-element elementor-element-152e2ab elementor-widget elementor-widget-image\" data-id=\"152e2ab\" data-element_type=\"widget\" data-widget_type=\"image.default\">\n\t\t\t\t\t\t\t\t\t\t\t\t\t\t\t<img fetchpriority=\"high\" decoding=\"async\" width=\"800\" height=\"622\" src=\"https:\/\/sbshoppingbasket.com\/wp-content\/uploads\/book07-FRA.png\" class=\"attachment-large size-large wp-image-14352\" alt=\"book07-FRA\" srcset=\"https:\/\/sbshoppingbasket.com\/wp-content\/uploads\/book07-FRA.png 800w, https:\/\/sbshoppingbasket.com\/wp-content\/uploads\/book07-FRA-400x311.png 400w, https:\/\/sbshoppingbasket.com\/wp-content\/uploads\/book07-FRA-768x597.png 768w, https:\/\/sbshoppingbasket.com\/wp-content\/uploads\/book07-FRA-600x467.png 600w\" sizes=\"(max-width: 800px) 100vw, 800px\" title=\"\">\t\t\t\t\t\t\t\t\t\t\t\t\t\t\t<\/div>\n\t\t\t\t<\/div>\n\t\t<div class=\"elementor-element elementor-element-945aeb4 e-con-full e-flex e-con e-child\" data-id=\"945aeb4\" data-element_type=\"container\">\n\t\t<div class=\"elementor-element elementor-element-d7bb2a9 e-flex e-con-boxed e-con e-child\" data-id=\"d7bb2a9\" data-element_type=\"container\">\n\t\t\t\t\t<div class=\"e-con-inner\">\n\t\t\t\t<div class=\"elementor-element elementor-element-2d4e1c6 elementor-widget elementor-widget-text-editor\" data-id=\"2d4e1c6\" data-element_type=\"widget\" data-widget_type=\"text-editor.default\">\n\t\t\t\t\t\t\t\t\t<h2>Comment le panier roulant Superbond a boost\u00e9 les ventes et l\u2019exp\u00e9rience d\u2019achat<\/h2>\n\t\t\t\t\t\t\t\t<\/div>\n\t\t\t\t\t<\/div>\n\t\t\t\t<\/div>\n\t\t<div class=\"elementor-element elementor-element-4b7b9ca e-flex e-con-boxed e-con e-child\" data-id=\"4b7b9ca\" data-element_type=\"container\">\n\t\t\t\t\t<div class=\"e-con-inner\">\n\t\t\t\t<div class=\"elementor-element elementor-element-733bc1f elementor-widget elementor-widget-button\" data-id=\"733bc1f\" data-element_type=\"widget\" data-widget_type=\"button.default\">\n\t\t\t\t\t\t\t\t\t\t<a class=\"elementor-button elementor-button-link elementor-size-sm\" href=\"https:\/\/resources.sbshoppingbasket.com\/fr\/lp-study-case-augmentez-vos-ventes-automatiquement-fra\">\n\t\t\t\t\t\t<span class=\"elementor-button-content-wrapper\">\n\t\t\t\t\t\t\t\t\t<span class=\"elementor-button-text\">LIRE<\/span>\n\t\t\t\t\t<\/span>\n\t\t\t\t\t<\/a>\n\t\t\t\t\t\t\t\t<\/div>\n\t\t\t\t\t<\/div>\n\t\t\t\t<\/div>\n\t\t\t\t<\/div>\n\t\t\t\t\t<\/div>\n\t\t\t\t<\/div>\n\t\t<div class=\"elementor-element elementor-element-c30d4f0 e-flex e-con-boxed e-con e-parent\" data-id=\"c30d4f0\" data-element_type=\"container\" data-settings=\"{&quot;background_background&quot;:&quot;classic&quot;}\">\n\t\t\t\t\t<div class=\"e-con-inner\">\n\t\t<div class=\"elementor-element elementor-element-55c60c4 e-con-full e-flex e-con e-child\" data-id=\"55c60c4\" data-element_type=\"container\" data-settings=\"{&quot;background_background&quot;:&quot;classic&quot;}\">\n\t\t\t\t<div class=\"elementor-element elementor-element-e2ffc0e elementor-widget elementor-widget-image\" data-id=\"e2ffc0e\" data-element_type=\"widget\" data-widget_type=\"image.default\">\n\t\t\t\t\t\t\t\t\t\t\t\t\t\t\t<img decoding=\"async\" width=\"800\" height=\"622\" src=\"https:\/\/sbshoppingbasket.com\/wp-content\/uploads\/book02-FRA.png\" class=\"attachment-large size-large wp-image-14381\" alt=\"book02-FRA\" srcset=\"https:\/\/sbshoppingbasket.com\/wp-content\/uploads\/book02-FRA.png 800w, https:\/\/sbshoppingbasket.com\/wp-content\/uploads\/book02-FRA-400x311.png 400w, https:\/\/sbshoppingbasket.com\/wp-content\/uploads\/book02-FRA-768x597.png 768w, https:\/\/sbshoppingbasket.com\/wp-content\/uploads\/book02-FRA-600x467.png 600w\" sizes=\"(max-width: 800px) 100vw, 800px\" title=\"\">\t\t\t\t\t\t\t\t\t\t\t\t\t\t\t<\/div>\n\t\t\t\t<\/div>\n\t\t<div class=\"elementor-element elementor-element-1118254 e-con-full e-flex e-con e-child\" data-id=\"1118254\" data-element_type=\"container\">\n\t\t<div class=\"elementor-element elementor-element-b4e5f68 e-flex e-con-boxed e-con e-child\" data-id=\"b4e5f68\" data-element_type=\"container\">\n\t\t\t\t\t<div class=\"e-con-inner\">\n\t\t\t\t<div class=\"elementor-element elementor-element-3c75633 elementor-widget elementor-widget-text-editor\" data-id=\"3c75633\" data-element_type=\"widget\" data-widget_type=\"text-editor.default\">\n\t\t\t\t\t\t\t\t\t<div class=\"elementor-element elementor-element-aae9bad elementor-widget elementor-widget-text-editor\" data-id=\"aae9bad\" data-element_type=\"widget\" data-widget_type=\"text-editor.default\">\n<div class=\"elementor-widget-container\">\n<h2>Booster instantan\u00e8ment les revenus gr\u00e2ce au panier XXL de 80L \u00e0 roulettes<\/h2>\n<\/div>\n<\/div>\n\t\t\t\t\t\t\t\t<\/div>\n\t\t\t\t\t<\/div>\n\t\t\t\t<\/div>\n\t\t<div class=\"elementor-element elementor-element-7503cbf e-flex e-con-boxed e-con e-child\" data-id=\"7503cbf\" data-element_type=\"container\">\n\t\t\t\t\t<div class=\"e-con-inner\">\n\t\t\t\t<div class=\"elementor-element elementor-element-160e56b elementor-widget elementor-widget-button\" data-id=\"160e56b\" data-element_type=\"widget\" data-widget_type=\"button.default\">\n\t\t\t\t\t\t\t\t\t\t<a class=\"elementor-button elementor-button-link elementor-size-sm\" href=\"https:\/\/resources.sbshoppingbasket.com\/fr\/lp-study-case-textile-xxl-fra\">\n\t\t\t\t\t\t<span class=\"elementor-button-content-wrapper\">\n\t\t\t\t\t\t\t\t\t<span class=\"elementor-button-text\">LIRE<\/span>\n\t\t\t\t\t<\/span>\n\t\t\t\t\t<\/a>\n\t\t\t\t\t\t\t\t<\/div>\n\t\t\t\t\t<\/div>\n\t\t\t\t<\/div>\n\t\t\t\t<\/div>\n\t\t\t\t\t<\/div>\n\t\t\t\t<\/div>\n\t\t<div class=\"elementor-element elementor-element-b32239c e-con-full e-flex e-con e-parent\" data-id=\"b32239c\" data-element_type=\"container\" data-settings=\"{&quot;background_background&quot;:&quot;classic&quot;}\">\n\t\t<div class=\"elementor-element elementor-element-123ecc2 e-flex e-con-boxed e-con e-child\" data-id=\"123ecc2\" data-element_type=\"container\" data-settings=\"{&quot;background_background&quot;:&quot;classic&quot;}\">\n\t\t\t\t\t<div class=\"e-con-inner\">\n\t\t<div class=\"elementor-element elementor-element-243aed7 e-con-full e-flex e-con e-child\" data-id=\"243aed7\" data-element_type=\"container\" data-settings=\"{&quot;background_background&quot;:&quot;classic&quot;}\">\n\t\t\t\t<div class=\"elementor-element elementor-element-50af9ec elementor-widget elementor-widget-image\" data-id=\"50af9ec\" data-element_type=\"widget\" data-widget_type=\"image.default\">\n\t\t\t\t\t\t\t\t\t\t\t\t\t\t\t<img decoding=\"async\" width=\"800\" height=\"622\" src=\"https:\/\/sbshoppingbasket.com\/wp-content\/uploads\/book03-FRA.png\" class=\"attachment-large size-large wp-image-14369\" alt=\"book03-FRA\" srcset=\"https:\/\/sbshoppingbasket.com\/wp-content\/uploads\/book03-FRA.png 800w, https:\/\/sbshoppingbasket.com\/wp-content\/uploads\/book03-FRA-400x311.png 400w, https:\/\/sbshoppingbasket.com\/wp-content\/uploads\/book03-FRA-768x597.png 768w, https:\/\/sbshoppingbasket.com\/wp-content\/uploads\/book03-FRA-600x467.png 600w\" sizes=\"(max-width: 800px) 100vw, 800px\" title=\"\">\t\t\t\t\t\t\t\t\t\t\t\t\t\t\t<\/div>\n\t\t\t\t<\/div>\n\t\t<div class=\"elementor-element elementor-element-7e529a1 e-con-full e-flex e-con e-child\" data-id=\"7e529a1\" data-element_type=\"container\">\n\t\t<div class=\"elementor-element elementor-element-da2ed9e e-flex e-con-boxed e-con e-child\" data-id=\"da2ed9e\" data-element_type=\"container\">\n\t\t\t\t\t<div class=\"e-con-inner\">\n\t\t\t\t<div class=\"elementor-element elementor-element-81e06e4 elementor-widget elementor-widget-text-editor\" data-id=\"81e06e4\" data-element_type=\"widget\" data-widget_type=\"text-editor.default\">\n\t\t\t\t\t\t\t\t\t<div class=\"elementor-element elementor-element-2669c01 elementor-widget elementor-widget-text-editor\" data-id=\"2669c01\" data-element_type=\"widget\" data-widget_type=\"text-editor.default\">\n<div class=\"elementor-widget-container\">\n<h2>Le g\u00e9ant fran\u00e7ais de la distribution r\u00e9invente le retrait de commandes<\/h2>\n<\/div>\n<\/div>\n\t\t\t\t\t\t\t\t<\/div>\n\t\t\t\t\t<\/div>\n\t\t\t\t<\/div>\n\t\t<div class=\"elementor-element elementor-element-cf18bb2 e-flex e-con-boxed e-con e-child\" data-id=\"cf18bb2\" data-element_type=\"container\">\n\t\t\t\t\t<div class=\"e-con-inner\">\n\t\t\t\t<div class=\"elementor-element elementor-element-5344027 elementor-widget elementor-widget-button\" data-id=\"5344027\" data-element_type=\"widget\" data-widget_type=\"button.default\">\n\t\t\t\t\t\t\t\t\t\t<a class=\"elementor-button elementor-button-link elementor-size-sm\" href=\"https:\/\/resources.sbshoppingbasket.com\/fr\/lp-study-case-rebasket\">\n\t\t\t\t\t\t<span class=\"elementor-button-content-wrapper\">\n\t\t\t\t\t\t\t\t\t<span class=\"elementor-button-text\">LIRE<\/span>\n\t\t\t\t\t<\/span>\n\t\t\t\t\t<\/a>\n\t\t\t\t\t\t\t\t<\/div>\n\t\t\t\t\t<\/div>\n\t\t\t\t<\/div>\n\t\t\t\t<\/div>\n\t\t\t\t\t<\/div>\n\t\t\t\t<\/div>\n\t\t\t\t<\/div>\n\t\t<div class=\"elementor-element elementor-element-dcb3c53 e-flex e-con-boxed e-con e-parent\" data-id=\"dcb3c53\" data-element_type=\"container\" data-settings=\"{&quot;background_background&quot;:&quot;classic&quot;}\">\n\t\t\t\t\t<div class=\"e-con-inner\">\n\t\t<div class=\"elementor-element elementor-element-a3b3311 e-con-full e-flex e-con e-child\" data-id=\"a3b3311\" data-element_type=\"container\">\n\t\t\t\t<div class=\"elementor-element elementor-element-a94f86f elementor-widget elementor-widget-image\" data-id=\"a94f86f\" data-element_type=\"widget\" data-widget_type=\"image.default\">\n\t\t\t\t\t\t\t\t\t\t\t\t\t\t\t<img loading=\"lazy\" decoding=\"async\" width=\"800\" height=\"622\" src=\"https:\/\/sbshoppingbasket.com\/wp-content\/uploads\/book04-FRA.png\" class=\"attachment-large size-large wp-image-14385\" alt=\"\" srcset=\"https:\/\/sbshoppingbasket.com\/wp-content\/uploads\/book04-FRA.png 800w, https:\/\/sbshoppingbasket.com\/wp-content\/uploads\/book04-FRA-400x311.png 400w, https:\/\/sbshoppingbasket.com\/wp-content\/uploads\/book04-FRA-768x597.png 768w, https:\/\/sbshoppingbasket.com\/wp-content\/uploads\/book04-FRA-600x467.png 600w\" sizes=\"(max-width: 800px) 100vw, 800px\" title=\"\">\t\t\t\t\t\t\t\t\t\t\t\t\t\t\t<\/div>\n\t\t\t\t<\/div>\n\t\t<div class=\"elementor-element elementor-element-395211f e-con-full e-flex e-con e-child\" data-id=\"395211f\" data-element_type=\"container\" data-settings=\"{&quot;background_background&quot;:&quot;classic&quot;}\">\n\t\t<div class=\"elementor-element elementor-element-d476f45 e-flex e-con-boxed e-con e-child\" data-id=\"d476f45\" data-element_type=\"container\">\n\t\t\t\t\t<div class=\"e-con-inner\">\n\t\t<div class=\"elementor-element elementor-element-7a4d9b4 e-flex e-con-boxed e-con e-child\" data-id=\"7a4d9b4\" data-element_type=\"container\">\n\t\t\t\t\t<div class=\"e-con-inner\">\n\t\t\t\t<div class=\"elementor-element elementor-element-663e0dc elementor-widget elementor-widget-text-editor\" data-id=\"663e0dc\" data-element_type=\"widget\" data-widget_type=\"text-editor.default\">\n\t\t\t\t\t\t\t\t\t<div data-id=\"aae9bad\" data-element_type=\"widget\" data-widget_type=\"text-editor.default\">\n<h2>Stimuler la croissance inm\u00e9diate des ventes gr\u00e2ce \u00e0 l\u2019adoption du panier XXL de 80L<\/h2>\n<\/div>\n\t\t\t\t\t\t\t\t<\/div>\n\t\t\t\t\t<\/div>\n\t\t\t\t<\/div>\n\t\t\t\t\t<\/div>\n\t\t\t\t<\/div>\n\t\t<div class=\"elementor-element elementor-element-fd27eb7 e-flex e-con-boxed e-con e-child\" data-id=\"fd27eb7\" data-element_type=\"container\">\n\t\t\t\t\t<div class=\"e-con-inner\">\n\t\t\t\t<div class=\"elementor-element elementor-element-d85328d elementor-widget elementor-widget-button\" data-id=\"d85328d\" data-element_type=\"widget\" data-widget_type=\"button.default\">\n\t\t\t\t\t\t\t\t\t\t<a class=\"elementor-button elementor-button-link elementor-size-sm\" href=\"https:\/\/resources.sbshoppingbasket.com\/fr\/lp-study-case-boostant-croissance-avec-xxl\">\n\t\t\t\t\t\t<span class=\"elementor-button-content-wrapper\">\n\t\t\t\t\t\t\t\t\t<span class=\"elementor-button-text\">LIRE<\/span>\n\t\t\t\t\t<\/span>\n\t\t\t\t\t<\/a>\n\t\t\t\t\t\t\t\t<\/div>\n\t\t\t\t\t<\/div>\n\t\t\t\t<\/div>\n\t\t\t\t<\/div>\n\t\t\t\t\t<\/div>\n\t\t\t\t<\/div>\n\t\t<div class=\"elementor-element elementor-element-62ece19 e-flex e-con-boxed e-con e-parent\" data-id=\"62ece19\" data-element_type=\"container\" data-settings=\"{&quot;background_background&quot;:&quot;classic&quot;}\">\n\t\t\t\t\t<div class=\"e-con-inner\">\n\t\t<div class=\"elementor-element elementor-element-468a6fe e-con-full e-flex e-con e-child\" data-id=\"468a6fe\" data-element_type=\"container\">\n\t\t\t\t<div class=\"elementor-element elementor-element-fe2b614 elementor-widget elementor-widget-image\" data-id=\"fe2b614\" data-element_type=\"widget\" data-widget_type=\"image.default\">\n\t\t\t\t\t\t\t\t\t\t\t\t\t\t\t<img loading=\"lazy\" decoding=\"async\" width=\"800\" height=\"622\" src=\"https:\/\/sbshoppingbasket.com\/wp-content\/uploads\/book06-FRA.png\" class=\"attachment-large size-large wp-image-14397\" alt=\"\" srcset=\"https:\/\/sbshoppingbasket.com\/wp-content\/uploads\/book06-FRA.png 800w, https:\/\/sbshoppingbasket.com\/wp-content\/uploads\/book06-FRA-400x311.png 400w, https:\/\/sbshoppingbasket.com\/wp-content\/uploads\/book06-FRA-768x597.png 768w, https:\/\/sbshoppingbasket.com\/wp-content\/uploads\/book06-FRA-600x467.png 600w\" sizes=\"(max-width: 800px) 100vw, 800px\" title=\"\">\t\t\t\t\t\t\t\t\t\t\t\t\t\t\t<\/div>\n\t\t\t\t<\/div>\n\t\t<div class=\"elementor-element elementor-element-2fe8de7 e-con-full e-flex e-con e-child\" data-id=\"2fe8de7\" data-element_type=\"container\">\n\t\t<div class=\"elementor-element elementor-element-93dd45a e-flex e-con-boxed e-con e-child\" data-id=\"93dd45a\" data-element_type=\"container\">\n\t\t\t\t\t<div class=\"e-con-inner\">\n\t\t\t\t<div class=\"elementor-element elementor-element-12528d5 elementor-widget elementor-widget-text-editor\" data-id=\"12528d5\" data-element_type=\"widget\" data-widget_type=\"text-editor.default\">\n\t\t\t\t\t\t\t\t\t<h2>Optimisation de la distribution d\u2019aliments frais pour une coop\u00e9rative agricole suisse<\/h2>\n\t\t\t\t\t\t\t\t<\/div>\n\t\t\t\t\t<\/div>\n\t\t\t\t<\/div>\n\t\t<div class=\"elementor-element elementor-element-02583ee e-flex e-con-boxed e-con e-child\" data-id=\"02583ee\" data-element_type=\"container\">\n\t\t\t\t\t<div class=\"e-con-inner\">\n\t\t\t\t<div class=\"elementor-element elementor-element-783d40d elementor-widget elementor-widget-button\" data-id=\"783d40d\" data-element_type=\"widget\" data-widget_type=\"button.default\">\n\t\t\t\t\t\t\t\t\t\t<a class=\"elementor-button elementor-button-link elementor-size-sm\" href=\"https:\/\/resources.sbshoppingbasket.com\/fr\/lp-study-case-organization-distribution-cooperative-agricole-fra\">\n\t\t\t\t\t\t<span class=\"elementor-button-content-wrapper\">\n\t\t\t\t\t\t\t\t\t<span class=\"elementor-button-text\">LIRE<\/span>\n\t\t\t\t\t<\/span>\n\t\t\t\t\t<\/a>\n\t\t\t\t\t\t\t\t<\/div>\n\t\t\t\t\t<\/div>\n\t\t\t\t<\/div>\n\t\t\t\t<\/div>\n\t\t\t\t\t<\/div>\n\t\t\t\t<\/div>\n\t\t<div class=\"elementor-element elementor-element-bf85c3c e-flex e-con-boxed e-con e-parent\" data-id=\"bf85c3c\" data-element_type=\"container\" data-settings=\"{&quot;background_background&quot;:&quot;classic&quot;}\">\n\t\t\t\t\t<div class=\"e-con-inner\">\n\t\t<div class=\"elementor-element elementor-element-b096034 e-con-full e-flex e-con e-child\" data-id=\"b096034\" data-element_type=\"container\">\n\t\t\t\t<div class=\"elementor-element elementor-element-7917007 elementor-widget elementor-widget-image\" data-id=\"7917007\" data-element_type=\"widget\" data-widget_type=\"image.default\">\n\t\t\t\t\t\t\t\t\t\t\t\t\t\t\t<img loading=\"lazy\" decoding=\"async\" width=\"800\" height=\"622\" src=\"https:\/\/sbshoppingbasket.com\/wp-content\/uploads\/book05-FRA.png\" class=\"attachment-large size-large wp-image-14401\" alt=\"book05-FRA\" srcset=\"https:\/\/sbshoppingbasket.com\/wp-content\/uploads\/book05-FRA.png 800w, https:\/\/sbshoppingbasket.com\/wp-content\/uploads\/book05-FRA-400x311.png 400w, https:\/\/sbshoppingbasket.com\/wp-content\/uploads\/book05-FRA-768x597.png 768w, https:\/\/sbshoppingbasket.com\/wp-content\/uploads\/book05-FRA-600x467.png 600w\" sizes=\"(max-width: 800px) 100vw, 800px\" title=\"\">\t\t\t\t\t\t\t\t\t\t\t\t\t\t\t<\/div>\n\t\t\t\t<\/div>\n\t\t<div class=\"elementor-element elementor-element-d10a1d0 e-con-full e-flex e-con e-child\" data-id=\"d10a1d0\" data-element_type=\"container\">\n\t\t<div class=\"elementor-element elementor-element-b883808 e-flex e-con-boxed e-con e-child\" data-id=\"b883808\" data-element_type=\"container\">\n\t\t\t\t\t<div class=\"e-con-inner\">\n\t\t<div class=\"elementor-element elementor-element-0fa51fa e-flex e-con-boxed e-con e-child\" data-id=\"0fa51fa\" data-element_type=\"container\">\n\t\t\t\t\t<div class=\"e-con-inner\">\n\t\t\t\t<div class=\"elementor-element elementor-element-b13899c elementor-widget elementor-widget-text-editor\" data-id=\"b13899c\" data-element_type=\"widget\" data-widget_type=\"text-editor.default\">\n\t\t\t\t\t\t\t\t\t<div data-id=\"aae9bad\" data-element_type=\"widget\" data-widget_type=\"text-editor.default\">\n<h2>Les grandes assiettes ne rentrent pas dans tous les paniers<\/h2>\n<\/div>\n\t\t\t\t\t\t\t\t<\/div>\n\t\t\t\t\t<\/div>\n\t\t\t\t<\/div>\n\t\t\t\t\t<\/div>\n\t\t\t\t<\/div>\n\t\t<div class=\"elementor-element elementor-element-b83d953 e-flex e-con-boxed e-con e-child\" data-id=\"b83d953\" data-element_type=\"container\">\n\t\t\t\t\t<div class=\"e-con-inner\">\n\t\t\t\t<div class=\"elementor-element elementor-element-afd5b23 elementor-widget elementor-widget-button\" data-id=\"afd5b23\" data-element_type=\"widget\" data-widget_type=\"button.default\">\n\t\t\t\t\t\t\t\t\t\t<a class=\"elementor-button elementor-button-link elementor-size-sm\" href=\"https:\/\/resources.sbshoppingbasket.com\/fr\/lp-study-case-solution-intelligente-transport-articles-volumineux-fragiles-fra\">\n\t\t\t\t\t\t<span class=\"elementor-button-content-wrapper\">\n\t\t\t\t\t\t\t\t\t<span class=\"elementor-button-text\">LIRE<\/span>\n\t\t\t\t\t<\/span>\n\t\t\t\t\t<\/a>\n\t\t\t\t\t\t\t\t<\/div>\n\t\t\t\t\t<\/div>\n\t\t\t\t<\/div>\n\t\t\t\t<\/div>\n\t\t\t\t\t<\/div>\n\t\t\t\t<\/div>\n\t\t<div class=\"elementor-element elementor-element-8b21a55 e-flex e-con-boxed e-con e-parent\" data-id=\"8b21a55\" data-element_type=\"container\">\n\t\t\t\t\t<div class=\"e-con-inner\">\n\t\t<div class=\"elementor-element elementor-element-c3f1fef e-con-full e-flex e-con e-child\" data-id=\"c3f1fef\" data-element_type=\"container\">\n\t\t\t\t<div class=\"elementor-element elementor-element-f1703ac elementor-widget elementor-widget-image\" data-id=\"f1703ac\" data-element_type=\"widget\" data-widget_type=\"image.default\">\n\t\t\t\t\t\t\t\t\t\t\t\t\t\t\t<img loading=\"lazy\" decoding=\"async\" width=\"800\" height=\"622\" src=\"https:\/\/sbshoppingbasket.com\/wp-content\/uploads\/book01-FRA.png\" class=\"attachment-large size-large wp-image-14365\" alt=\"book01-FRA\" srcset=\"https:\/\/sbshoppingbasket.com\/wp-content\/uploads\/book01-FRA.png 800w, https:\/\/sbshoppingbasket.com\/wp-content\/uploads\/book01-FRA-400x311.png 400w, https:\/\/sbshoppingbasket.com\/wp-content\/uploads\/book01-FRA-768x597.png 768w, https:\/\/sbshoppingbasket.com\/wp-content\/uploads\/book01-FRA-600x467.png 600w\" sizes=\"(max-width: 800px) 100vw, 800px\" title=\"\">\t\t\t\t\t\t\t\t\t\t\t\t\t\t\t<\/div>\n\t\t\t\t<\/div>\n\t\t<div class=\"elementor-element elementor-element-5dbd3d1 e-con-full e-flex e-con e-child\" data-id=\"5dbd3d1\" data-element_type=\"container\">\n\t\t<div class=\"elementor-element elementor-element-3c4eb62 e-flex e-con-boxed e-con e-child\" data-id=\"3c4eb62\" data-element_type=\"container\">\n\t\t\t\t\t<div class=\"e-con-inner\">\n\t\t<div class=\"elementor-element elementor-element-16a669c e-flex e-con-boxed e-con e-child\" data-id=\"16a669c\" data-element_type=\"container\">\n\t\t\t\t\t<div class=\"e-con-inner\">\n\t\t\t\t<div class=\"elementor-element elementor-element-1d1807e elementor-widget elementor-widget-text-editor\" data-id=\"1d1807e\" data-element_type=\"widget\" data-widget_type=\"text-editor.default\">\n\t\t\t\t\t\t\t\t\t<h2>Comment les paniers avec frein ont renforc\u00e9 la confiance des clients<\/h2>\t\t\t\t\t\t\t\t<\/div>\n\t\t\t\t\t<\/div>\n\t\t\t\t<\/div>\n\t\t\t\t\t<\/div>\n\t\t\t\t<\/div>\n\t\t<div class=\"elementor-element elementor-element-85b4cf4 e-flex e-con-boxed e-con e-child\" data-id=\"85b4cf4\" data-element_type=\"container\">\n\t\t\t\t\t<div class=\"e-con-inner\">\n\t\t\t\t<div class=\"elementor-element elementor-element-7ef606e elementor-widget elementor-widget-button\" data-id=\"7ef606e\" data-element_type=\"widget\" data-widget_type=\"button.default\">\n\t\t\t\t\t\t\t\t\t\t<a class=\"elementor-button elementor-button-link elementor-size-sm\" href=\"https:\/\/resources.sbshoppingbasket.com\/fr\/lp-study-case-securite-rampes-escalators-magasins-fra\">\n\t\t\t\t\t\t<span class=\"elementor-button-content-wrapper\">\n\t\t\t\t\t\t\t\t\t<span class=\"elementor-button-text\">LIRE<\/span>\n\t\t\t\t\t<\/span>\n\t\t\t\t\t<\/a>\n\t\t\t\t\t\t\t\t<\/div>\n\t\t\t\t\t<\/div>\n\t\t\t\t<\/div>\n\t\t\t\t<\/div>\n\t\t\t\t\t<\/div>\n\t\t\t\t<\/div>\n\t\t<div class=\"elementor-element elementor-element-cc11ca3 e-con-full e-flex e-con e-parent\" data-id=\"cc11ca3\" data-element_type=\"container\" data-settings=\"{&quot;background_background&quot;:&quot;classic&quot;}\">\n\t\t<div class=\"elementor-element elementor-element-8213f52 e-con-full e-flex e-con e-child\" data-id=\"8213f52\" data-element_type=\"container\" data-settings=\"{&quot;background_background&quot;:&quot;classic&quot;}\">\n\t\t\t\t<div class=\"elementor-element elementor-element-eb77516 elementor-widget elementor-widget-text-editor\" data-id=\"eb77516\" data-element_type=\"widget\" data-widget_type=\"text-editor.default\">\n\t\t\t\t\t\t\t\t\t<\/p>\n<p>.<\/p>\n\t\t\t\t\t\t\t\t<\/div>\n\t\t\t\t<\/div>\n\t\t\t\t<\/div>\n\t\t\t\t<\/div>\n\t\t","protected":false},"excerpt":{"rendered":"<p>\u00c9TUDES DE CAS CLIENTS 7 histoires, 7 probl\u00e8mes r\u00e9solus \u00c9TUDES DE CAS CLIENTS 7 histoires, 7 probl\u00e8mes r\u00e9solus Comment le panier roulant Superbond a boost\u00e9 les ventes et l\u2019exp\u00e9rience d\u2019achat LIRE Booster instantan\u00e8ment les revenus gr\u00e2ce au panier XXL de 80L \u00e0 roulettes LIRE Le g\u00e9ant fran\u00e7ais de la distribution r\u00e9invente le retrait de commandes [&hellip;]<\/p>\n","protected":false},"author":3,"featured_media":0,"parent":0,"menu_order":0,"comment_status":"closed","ping_status":"closed","template":"","meta":{"content-type":"","footnotes":""},"class_list":["post-13710","page","type-page","status-publish","hentry"],"_links":{"self":[{"href":"https:\/\/sbshoppingbasket.com\/fr\/wp-json\/wp\/v2\/pages\/13710","targetHints":{"allow":["GET"]}}],"collection":[{"href":"https:\/\/sbshoppingbasket.com\/fr\/wp-json\/wp\/v2\/pages"}],"about":[{"href":"https:\/\/sbshoppingbasket.com\/fr\/wp-json\/wp\/v2\/types\/page"}],"author":[{"embeddable":true,"href":"https:\/\/sbshoppingbasket.com\/fr\/wp-json\/wp\/v2\/users\/3"}],"replies":[{"embeddable":true,"href":"https:\/\/sbshoppingbasket.com\/fr\/wp-json\/wp\/v2\/comments?post=13710"}],"version-history":[{"count":3,"href":"https:\/\/sbshoppingbasket.com\/fr\/wp-json\/wp\/v2\/pages\/13710\/revisions"}],"predecessor-version":[{"id":14714,"href":"https:\/\/sbshoppingbasket.com\/fr\/wp-json\/wp\/v2\/pages\/13710\/revisions\/14714"}],"wp:attachment":[{"href":"https:\/\/sbshoppingbasket.com\/fr\/wp-json\/wp\/v2\/media?parent=13710"}],"curies":[{"name":"wp","href":"https:\/\/api.w.org\/{rel}","templated":true}]}}