{"id":10935,"date":"2024-12-09T15:53:55","date_gmt":"2024-12-09T14:53:55","guid":{"rendered":"https:\/\/sbshoppingbasket.com\/comment-choisir-un-panier-de-courses\/"},"modified":"2025-05-22T10:59:43","modified_gmt":"2025-05-22T08:59:43","slug":"comment-choisir-un-panier-de-courses","status":"publish","type":"page","link":"https:\/\/sbshoppingbasket.com\/fr\/comment-choisir-un-panier-de-courses\/","title":{"rendered":"Comment choisir un panier de courses ?"},"content":{"rendered":"\t\t<div data-elementor-type=\"wp-page\" data-elementor-id=\"10935\" class=\"elementor elementor-10935 elementor-10338\" data-elementor-post-type=\"page\">\n\t\t\t\t<div class=\"elementor-element elementor-element-c06db42 jedv-enabled--yes e-con-m e-con-124 e-flex e-con-boxed e-con e-parent\" data-id=\"c06db42\" data-element_type=\"container\" data-settings=\"{&quot;background_background&quot;:&quot;classic&quot;}\">\n\t\t\t\t\t<div class=\"e-con-inner\">\n\t\t\t\t<div class=\"elementor-element elementor-element-eb30369 elementor-widget elementor-widget-text-editor\" data-id=\"eb30369\" data-element_type=\"widget\" data-widget_type=\"text-editor.default\">\n\t\t\t\t\t\t\t\t\t<h1>Apprenez \u00e0 Choisir<\/h1><h1>Comme un Expert<\/h1><h3>D\u00c9COUVREZ LES 5 CAT\u00c9GORIES ESSENTIELLES<\/h3>\t\t\t\t\t\t\t\t<\/div>\n\t\t\t\t\t<\/div>\n\t\t\t\t<\/div>\n\t\t<div class=\"elementor-element elementor-element-ca19c72 e-con-full e-flex e-con e-parent\" data-id=\"ca19c72\" data-element_type=\"container\">\n\t\t\t\t<\/div>\n\t\t<div class=\"elementor-element elementor-element-6d97c9e e-con-full e-flex e-con e-parent\" data-id=\"6d97c9e\" data-element_type=\"container\">\n\t\t<div class=\"elementor-element elementor-element-0be0844 e-con-full jedv-enabled--yes e-flex e-con e-child\" data-id=\"0be0844\" data-element_type=\"container\" data-settings=\"{&quot;background_background&quot;:&quot;classic&quot;}\">\n\t\t<div class=\"elementor-element elementor-element-c239897 e-con-full jedv-enabled--yes e-flex e-con e-child\" data-id=\"c239897\" data-element_type=\"container\">\n\t\t\t\t<div class=\"elementor-element elementor-element-7f88b76 elementor-widget elementor-widget-image\" data-id=\"7f88b76\" data-element_type=\"widget\" data-widget_type=\"image.default\">\n\t\t\t\t\t\t\t\t\t\t\t\t\t\t\t<img decoding=\"async\" width=\"1\" height=\"1\" src=\"https:\/\/sbshoppingbasket.com\/wp-content\/uploads\/edu-1-1-1.svg\" class=\"attachment-large size-large wp-image-12833\" alt=\"\" title=\"\">\t\t\t\t\t\t\t\t\t\t\t\t\t\t\t<\/div>\n\t\t\t\t<\/div>\n\t\t<div class=\"elementor-element elementor-element-c8b6ace e-con-full e-flex e-con e-child\" data-id=\"c8b6ace\" data-element_type=\"container\">\n\t\t\t\t<div class=\"elementor-element elementor-element-41494de elementor-widget elementor-widget-text-editor\" data-id=\"41494de\" data-element_type=\"widget\" data-widget_type=\"text-editor.default\">\n\t\t\t\t\t\t\t\t\t<p>D\u00e9j\u00e0 un expert ?<\/p>\t\t\t\t\t\t\t\t<\/div>\n\t\t\t\t<div class=\"elementor-element elementor-element-745577f elementor-widget elementor-widget-text-editor\" data-id=\"745577f\" data-element_type=\"widget\" data-widget_type=\"text-editor.default\">\n\t\t\t\t\t\t\t\t\t<p>Alors, nous vous invitons \u00e0 d\u00e9couvrir notre gamme de produits :<\/p>\t\t\t\t\t\t\t\t<\/div>\n\t\t\t\t<div class=\"elementor-element elementor-element-759fb08 elementor-widget elementor-widget-button\" data-id=\"759fb08\" data-element_type=\"widget\" data-widget_type=\"button.default\">\n\t\t\t\t\t\t\t\t\t\t<a class=\"elementor-button elementor-button-link elementor-size-sm\" href=\"https:\/\/sbshoppingbasket.com\/fr\/gamme-de-produits-sb\/\">\n\t\t\t\t\t\t<span class=\"elementor-button-content-wrapper\">\n\t\t\t\t\t\t\t\t\t<span class=\"elementor-button-text\">Voir la gamme de produits<\/span>\n\t\t\t\t\t<\/span>\n\t\t\t\t\t<\/a>\n\t\t\t\t\t\t\t\t<\/div>\n\t\t\t\t<div class=\"elementor-element elementor-element-7a04a4b elementor-position-inline-start elementor-view-default elementor-mobile-position-block-start elementor-widget elementor-widget-icon-box\" data-id=\"7a04a4b\" data-element_type=\"widget\" data-widget_type=\"icon-box.default\">\n\t\t\t\t\t\t\t<div class=\"elementor-icon-box-wrapper\">\n\n\t\t\t\t\t\t<div class=\"elementor-icon-box-icon\">\n\t\t\t\t<span  class=\"elementor-icon\">\n\t\t\t\t<svg aria-hidden=\"true\" class=\"e-font-icon-svg e-far-arrow-alt-circle-down\" viewBox=\"0 0 512 512\" xmlns=\"http:\/\/www.w3.org\/2000\/svg\"><path d=\"M256 8C119 8 8 119 8 256s111 248 248 248 248-111 248-248S393 8 256 8zm0 448c-110.5 0-200-89.5-200-200S145.5 56 256 56s200 89.5 200 200-89.5 200-200 200zm-32-316v116h-67c-10.7 0-16 12.9-8.5 20.5l99 99c4.7 4.7 12.3 4.7 17 0l99-99c7.6-7.6 2.2-20.5-8.5-20.5h-67V140c0-6.6-5.4-12-12-12h-40c-6.6 0-12 5.4-12 12z\"><\/path><\/svg>\t\t\t\t<\/span>\n\t\t\t<\/div>\n\t\t\t\n\t\t\t\t\t\t<div class=\"elementor-icon-box-content\">\n\n\t\t\t\t\n\t\t\t\t\t\t\t\t\t<p class=\"elementor-icon-box-description\">\n\t\t\t\t\t\tSI VOUS VOULEZ CONTINUER \u00c0 APPRENDRE, D\u00c9COUVREZ LES 18 FACTEURS CL\u00c9S CI-DESSOUS.\n\n\n\n\n\n\n\n\t\t\t\t\t<\/p>\n\t\t\t\t\n\t\t\t<\/div>\n\t\t\t\n\t\t<\/div>\n\t\t\t\t\t\t<\/div>\n\t\t\t\t<\/div>\n\t\t\t\t<\/div>\n\t\t\t\t<\/div>\n\t\t<div class=\"elementor-element elementor-element-bddd1f8 e-con-full e-flex e-con e-parent\" data-id=\"bddd1f8\" data-element_type=\"container\" data-settings=\"{&quot;background_background&quot;:&quot;classic&quot;}\">\n\t\t\t\t<div class=\"elementor-element elementor-element-80f9119 jedv-enabled--yes elementor-widget elementor-widget-heading\" data-id=\"80f9119\" data-element_type=\"widget\" data-widget_type=\"heading.default\">\n\t\t\t\t\t<h2 class=\"elementor-heading-title elementor-size-default\">01. Exp\u00e9rience.<\/h2>\t\t\t\t<\/div>\n\t\t<div class=\"elementor-element elementor-element-7c3d117 e-grid e-con-boxed e-con e-child\" data-id=\"7c3d117\" data-element_type=\"container\">\n\t\t\t\t\t<div class=\"e-con-inner\">\n\t\t\t\t<div class=\"elementor-element elementor-element-b51584e elementor-widget elementor-widget-image\" data-id=\"b51584e\" data-element_type=\"widget\" data-widget_type=\"image.default\">\n\t\t\t\t\t\t\t\t\t\t\t\t\t\t\t<img fetchpriority=\"high\" decoding=\"async\" width=\"247\" height=\"336\" src=\"https:\/\/sbshoppingbasket.com\/wp-content\/uploads\/roues-silencieuses.svg\" class=\"attachment-large size-large wp-image-11947\" alt=\"roues silencieuses\" title=\"\">\t\t\t\t\t\t\t\t\t\t\t\t\t\t\t<\/div>\n\t\t\t\t<div class=\"elementor-element elementor-element-d31d768 elementor-widget elementor-widget-image\" data-id=\"d31d768\" data-element_type=\"widget\" data-widget_type=\"image.default\">\n\t\t\t\t\t\t\t\t\t\t\t\t\t\t\t<img decoding=\"async\" width=\"247\" height=\"336\" src=\"https:\/\/sbshoppingbasket.com\/wp-content\/uploads\/2-poignees-empilage-facile.svg\" class=\"attachment-large size-large wp-image-11951\" alt=\"\" title=\"\">\t\t\t\t\t\t\t\t\t\t\t\t\t\t\t<\/div>\n\t\t\t\t<div class=\"elementor-element elementor-element-b92c940 elementor-widget elementor-widget-image\" data-id=\"b92c940\" data-element_type=\"widget\" data-widget_type=\"image.default\">\n\t\t\t\t\t\t\t\t\t\t\t\t\t\t\t<img loading=\"lazy\" decoding=\"async\" width=\"247\" height=\"336\" src=\"https:\/\/sbshoppingbasket.com\/wp-content\/uploads\/roues-de-haute-qualite.svg\" class=\"attachment-large size-large wp-image-11955\" alt=\"\" title=\"\">\t\t\t\t\t\t\t\t\t\t\t\t\t\t\t<\/div>\n\t\t\t\t<div class=\"elementor-element elementor-element-4cc0cdb elementor-widget elementor-widget-image\" data-id=\"4cc0cdb\" data-element_type=\"widget\" data-widget_type=\"image.default\">\n\t\t\t\t\t\t\t\t\t\t\t\t\t\t\t<img loading=\"lazy\" decoding=\"async\" width=\"247\" height=\"336\" src=\"https:\/\/sbshoppingbasket.com\/wp-content\/uploads\/design-ergonomique-1.svg\" class=\"attachment-large size-large wp-image-12019\" alt=\"design ergonomique\" title=\"\">\t\t\t\t\t\t\t\t\t\t\t\t\t\t\t<\/div>\n\t\t\t\t<div class=\"elementor-element elementor-element-2ef0b22 elementor-widget elementor-widget-image\" data-id=\"2ef0b22\" data-element_type=\"widget\" data-widget_type=\"image.default\">\n\t\t\t\t\t\t\t\t\t\t\t\t\t\t\t<img loading=\"lazy\" decoding=\"async\" width=\"247\" height=\"336\" src=\"https:\/\/sbshoppingbasket.com\/wp-content\/uploads\/paniers-recycles.svg\" class=\"attachment-large size-large wp-image-11963\" alt=\"paniers recycles\" title=\"\">\t\t\t\t\t\t\t\t\t\t\t\t\t\t\t<\/div>\n\t\t\t\t<div class=\"elementor-element elementor-element-3d4f3ad elementor-widget elementor-widget-image\" data-id=\"3d4f3ad\" data-element_type=\"widget\" data-widget_type=\"image.default\">\n\t\t\t\t\t\t\t\t\t\t\t\t\t\t\t<img loading=\"lazy\" decoding=\"async\" width=\"247\" height=\"336\" src=\"https:\/\/sbshoppingbasket.com\/wp-content\/uploads\/paniers-hybrides.svg\" class=\"attachment-large size-large wp-image-11967\" alt=\"paniers hybrides\" title=\"\">\t\t\t\t\t\t\t\t\t\t\t\t\t\t\t<\/div>\n\t\t\t\t<div class=\"elementor-element elementor-element-c9bd9a6 elementor-widget elementor-widget-image\" data-id=\"c9bd9a6\" data-element_type=\"widget\" data-widget_type=\"image.default\">\n\t\t\t\t\t\t\t\t\t\t\t\t\t\t\t<img loading=\"lazy\" decoding=\"async\" width=\"247\" height=\"336\" src=\"https:\/\/sbshoppingbasket.com\/wp-content\/uploads\/poussez-ou-tirez-votre-panier.svg\" class=\"attachment-large size-large wp-image-11971\" alt=\"poussez ou tirez votre panier\" title=\"\">\t\t\t\t\t\t\t\t\t\t\t\t\t\t\t<\/div>\n\t\t\t\t<div class=\"elementor-element elementor-element-d684e13 elementor-widget elementor-widget-image\" data-id=\"d684e13\" data-element_type=\"widget\" data-widget_type=\"image.default\">\n\t\t\t\t\t\t\t\t\t\t\t\t\t\t\t<img loading=\"lazy\" decoding=\"async\" width=\"247\" height=\"336\" src=\"https:\/\/sbshoppingbasket.com\/wp-content\/uploads\/design-anti-basculement.svg\" class=\"attachment-large size-large wp-image-11975\" alt=\"design anti-basculement\" title=\"\">\t\t\t\t\t\t\t\t\t\t\t\t\t\t\t<\/div>\n\t\t\t\t\t<\/div>\n\t\t\t\t<\/div>\n\t\t\t\t<\/div>\n\t\t<div class=\"elementor-element elementor-element-cf91dd0 e-con-full e-flex e-con e-parent\" data-id=\"cf91dd0\" data-element_type=\"container\" data-settings=\"{&quot;background_background&quot;:&quot;classic&quot;}\">\n\t\t\t\t<div class=\"elementor-element elementor-element-e244faa jedv-enabled--yes elementor-widget elementor-widget-heading\" data-id=\"e244faa\" data-element_type=\"widget\" data-widget_type=\"heading.default\">\n\t\t\t\t\t<h2 class=\"elementor-heading-title elementor-size-default\">02. S\u00e9curit\u00e9.<\/h2>\t\t\t\t<\/div>\n\t\t<div class=\"elementor-element elementor-element-1410b67 e-grid e-con-boxed e-con e-child\" data-id=\"1410b67\" data-element_type=\"container\">\n\t\t\t\t\t<div class=\"e-con-inner\">\n\t\t\t\t<div class=\"elementor-element elementor-element-3118cd8 elementor-widget elementor-widget-image\" data-id=\"3118cd8\" data-element_type=\"widget\" data-widget_type=\"image.default\">\n\t\t\t\t\t\t\t\t\t\t\t\t\t\t\t<img loading=\"lazy\" decoding=\"async\" width=\"247\" height=\"336\" src=\"https:\/\/sbshoppingbasket.com\/wp-content\/uploads\/paniers-avec-frein-exclusif.svg\" class=\"attachment-large size-large wp-image-11979\" alt=\"\" title=\"\">\t\t\t\t\t\t\t\t\t\t\t\t\t\t\t<\/div>\n\t\t\t\t<div class=\"elementor-element elementor-element-51eed0e elementor-widget elementor-widget-image\" data-id=\"51eed0e\" data-element_type=\"widget\" data-widget_type=\"image.default\">\n\t\t\t\t\t\t\t\t\t\t\t\t\t\t\t<img loading=\"lazy\" decoding=\"async\" width=\"247\" height=\"336\" src=\"https:\/\/sbshoppingbasket.com\/wp-content\/uploads\/evitez-le-vol-de-paniers-et-chariots.svg\" class=\"attachment-large size-large wp-image-11983\" alt=\"evitez le vol de paniers et chariots\" title=\"\">\t\t\t\t\t\t\t\t\t\t\t\t\t\t\t<\/div>\n\t\t\t\t\t<\/div>\n\t\t\t\t<\/div>\n\t\t\t\t<\/div>\n\t\t<div class=\"elementor-element elementor-element-1052e7a e-con-full e-flex e-con e-parent\" data-id=\"1052e7a\" data-element_type=\"container\" data-settings=\"{&quot;background_background&quot;:&quot;classic&quot;}\">\n\t\t\t\t<div class=\"elementor-element elementor-element-4cd0aa1 jedv-enabled--yes elementor-widget elementor-widget-heading\" data-id=\"4cd0aa1\" data-element_type=\"widget\" data-widget_type=\"heading.default\">\n\t\t\t\t\t<h2 class=\"elementor-heading-title elementor-size-default\">03. R\u00e9sistence.<\/h2>\t\t\t\t<\/div>\n\t\t<div class=\"elementor-element elementor-element-bbf7bbc e-grid e-con-boxed e-con e-child\" data-id=\"bbf7bbc\" data-element_type=\"container\">\n\t\t\t\t\t<div class=\"e-con-inner\">\n\t\t\t\t<div class=\"elementor-element elementor-element-46fd296 elementor-widget elementor-widget-image\" data-id=\"46fd296\" data-element_type=\"widget\" data-widget_type=\"image.default\">\n\t\t\t\t\t\t\t\t\t\t\t\t\t\t\t<img loading=\"lazy\" decoding=\"async\" width=\"247\" height=\"336\" src=\"https:\/\/sbshoppingbasket.com\/wp-content\/uploads\/paniers-fabrique-d-un-seul-bloc.svg\" class=\"attachment-large size-large wp-image-11987\" alt=\"paniers fabrique d un seul bloc\" title=\"\">\t\t\t\t\t\t\t\t\t\t\t\t\t\t\t<\/div>\n\t\t\t\t<div class=\"elementor-element elementor-element-d3201c5 elementor-widget elementor-widget-image\" data-id=\"d3201c5\" data-element_type=\"widget\" data-widget_type=\"image.default\">\n\t\t\t\t\t\t\t\t\t\t\t\t\t\t\t<img loading=\"lazy\" decoding=\"async\" width=\"247\" height=\"336\" src=\"https:\/\/sbshoppingbasket.com\/wp-content\/uploads\/les-poignees-les-plus-durables.svg\" class=\"attachment-large size-large wp-image-11991\" alt=\"\" title=\"\">\t\t\t\t\t\t\t\t\t\t\t\t\t\t\t<\/div>\n\t\t\t\t\t<\/div>\n\t\t\t\t<\/div>\n\t\t\t\t<\/div>\n\t\t<div class=\"elementor-element elementor-element-71c8ef2 e-con-full e-flex e-con e-parent\" data-id=\"71c8ef2\" data-element_type=\"container\" data-settings=\"{&quot;background_background&quot;:&quot;classic&quot;}\">\n\t\t\t\t<div class=\"elementor-element elementor-element-ac581bc jedv-enabled--yes elementor-widget elementor-widget-heading\" data-id=\"ac581bc\" data-element_type=\"widget\" data-widget_type=\"heading.default\">\n\t\t\t\t\t<h2 class=\"elementor-heading-title elementor-size-default\">04. Espace.<\/h2>\t\t\t\t<\/div>\n\t\t<div class=\"elementor-element elementor-element-f650f45 e-grid e-con-boxed e-con e-child\" data-id=\"f650f45\" data-element_type=\"container\">\n\t\t\t\t\t<div class=\"e-con-inner\">\n\t\t\t\t<div class=\"elementor-element elementor-element-39c334c elementor-widget elementor-widget-image\" data-id=\"39c334c\" data-element_type=\"widget\" data-widget_type=\"image.default\">\n\t\t\t\t\t\t\t\t\t\t\t\t\t\t\t<img loading=\"lazy\" decoding=\"async\" width=\"247\" height=\"336\" src=\"https:\/\/sbshoppingbasket.com\/wp-content\/uploads\/plus-d-espace-interieur.svg\" class=\"attachment-large size-large wp-image-11995\" alt=\"\" title=\"\">\t\t\t\t\t\t\t\t\t\t\t\t\t\t\t<\/div>\n\t\t\t\t<div class=\"elementor-element elementor-element-c2560c1 elementor-widget elementor-widget-image\" data-id=\"c2560c1\" data-element_type=\"widget\" data-widget_type=\"image.default\">\n\t\t\t\t\t\t\t\t\t\t\t\t\t\t\t<img loading=\"lazy\" decoding=\"async\" width=\"247\" height=\"336\" src=\"https:\/\/sbshoppingbasket.com\/wp-content\/uploads\/capacite-maximale-espace-minimale.svg\" class=\"attachment-large size-large wp-image-11999\" alt=\"capacite maximale espace minimale\" title=\"\">\t\t\t\t\t\t\t\t\t\t\t\t\t\t\t<\/div>\n\t\t\t\t<div class=\"elementor-element elementor-element-5b45a1a elementor-widget elementor-widget-image\" data-id=\"5b45a1a\" data-element_type=\"widget\" data-widget_type=\"image.default\">\n\t\t\t\t\t\t\t\t\t\t\t\t\t\t\t<img loading=\"lazy\" decoding=\"async\" width=\"247\" height=\"336\" src=\"https:\/\/sbshoppingbasket.com\/wp-content\/uploads\/meme-capacite-plus-economies.svg\" class=\"attachment-large size-large wp-image-12003\" alt=\"meme capacite plus economies\" title=\"\">\t\t\t\t\t\t\t\t\t\t\t\t\t\t\t<\/div>\n\t\t\t\t<div class=\"elementor-element elementor-element-10795e5 elementor-widget elementor-widget-image\" data-id=\"10795e5\" data-element_type=\"widget\" data-widget_type=\"image.default\">\n\t\t\t\t\t\t\t\t\t\t\t\t\t\t\t<img loading=\"lazy\" decoding=\"async\" width=\"247\" height=\"336\" src=\"https:\/\/sbshoppingbasket.com\/wp-content\/uploads\/paniers-compacts.svg\" class=\"attachment-large size-large wp-image-12007\" alt=\"paniers-compacts\" title=\"\">\t\t\t\t\t\t\t\t\t\t\t\t\t\t\t<\/div>\n\t\t\t\t\t<\/div>\n\t\t\t\t<\/div>\n\t\t\t\t<\/div>\n\t\t<div class=\"elementor-element elementor-element-8329b39 e-con-full e-flex e-con e-parent\" data-id=\"8329b39\" data-element_type=\"container\" data-settings=\"{&quot;background_background&quot;:&quot;classic&quot;}\">\n\t\t\t\t<div class=\"elementor-element elementor-element-cbbbfe1 jedv-enabled--yes elementor-widget elementor-widget-heading\" data-id=\"cbbbfe1\" data-element_type=\"widget\" data-widget_type=\"heading.default\">\n\t\t\t\t\t<h2 class=\"elementor-heading-title elementor-size-default\">05. \u00c9conomies.<\/h2>\t\t\t\t<\/div>\n\t\t<div class=\"elementor-element elementor-element-a1b84bf e-grid e-con-boxed e-con e-child\" data-id=\"a1b84bf\" data-element_type=\"container\">\n\t\t\t\t\t<div class=\"e-con-inner\">\n\t\t\t\t<div class=\"elementor-element elementor-element-e788b31 elementor-widget elementor-widget-image\" data-id=\"e788b31\" data-element_type=\"widget\" data-widget_type=\"image.default\">\n\t\t\t\t\t\t\t\t\t\t\t\t\t\t\t<img loading=\"lazy\" decoding=\"async\" width=\"247\" height=\"336\" src=\"https:\/\/sbshoppingbasket.com\/wp-content\/uploads\/plus-d-espace-interieur-1.svg\" class=\"attachment-large size-large wp-image-12011\" alt=\"\" title=\"\">\t\t\t\t\t\t\t\t\t\t\t\t\t\t\t<\/div>\n\t\t\t\t<div class=\"elementor-element elementor-element-6182924 elementor-widget elementor-widget-image\" data-id=\"6182924\" data-element_type=\"widget\" data-widget_type=\"image.default\">\n\t\t\t\t\t\t\t\t\t\t\t\t\t\t\t<img loading=\"lazy\" decoding=\"async\" width=\"247\" height=\"336\" src=\"https:\/\/sbshoppingbasket.com\/wp-content\/uploads\/deux-produits-en-un.svg\" class=\"attachment-large size-large wp-image-12015\" alt=\"\" title=\"\">\t\t\t\t\t\t\t\t\t\t\t\t\t\t\t<\/div>\n\t\t\t\t\t<\/div>\n\t\t\t\t<\/div>\n\t\t\t\t<\/div>\n\t\t<div class=\"elementor-element elementor-element-8632806 e-flex e-con-boxed e-con e-parent\" data-id=\"8632806\" data-element_type=\"container\">\n\t\t\t\t\t<div class=\"e-con-inner\">\n\t\t<div class=\"elementor-element elementor-element-d765c0b e-con-full e-flex e-con e-child\" data-id=\"d765c0b\" data-element_type=\"container\" data-settings=\"{&quot;background_background&quot;:&quot;classic&quot;}\">\n\t\t<div class=\"elementor-element elementor-element-4981691 e-flex e-con-boxed e-con e-child\" data-id=\"4981691\" data-element_type=\"container\" data-settings=\"{&quot;background_background&quot;:&quot;classic&quot;}\">\n\t\t\t\t\t<div class=\"e-con-inner\">\n\t\t\t\t<div class=\"elementor-element elementor-element-b22341c elementor-widget elementor-widget-heading\" data-id=\"b22341c\" data-element_type=\"widget\" data-widget_type=\"heading.default\">\n\t\t\t\t\t<h2 class=\"elementor-heading-title elementor-size-default\">\u00a1T\u00e9l\u00e9chargez\n\n<br>L'infographie!<\/h2>\t\t\t\t<\/div>\n\t\t\t\t\t<\/div>\n\t\t\t\t<\/div>\n\t\t\t\t<div class=\"elementor-element elementor-element-0aa54ba elementor-widget elementor-widget-text-editor\" data-id=\"0aa54ba\" data-element_type=\"widget\" data-widget_type=\"text-editor.default\">\n\t\t\t\t\t\t\t\t\t<p data-start=\"0\" data-end=\"20\"><strong>Vous d\u00e9couvrirez :<\/strong><\/p><ul><li data-start=\"22\" data-end=\"110\"><strong>18 facteurs cl\u00e9s<\/strong> pour devenir un expert dans le choix du meilleur panier ou chariot.<\/li><li data-start=\"22\" data-end=\"110\"><strong>5 domaines essentiels<\/strong> \u00e0 prendre en compte.<\/li><li data-start=\"22\" data-end=\"110\"><strong>Des conseils d&rsquo;experts.<\/strong><\/li><\/ul>\t\t\t\t\t\t\t\t<\/div>\n\t\t\t\t<div class=\"elementor-element elementor-element-e265bbe elementor-align-right elementor-widget elementor-widget-button\" data-id=\"e265bbe\" data-element_type=\"widget\" data-widget_type=\"button.default\">\n\t\t\t\t\t\t\t\t\t\t<a class=\"elementor-button elementor-button-link elementor-size-sm\" href=\"https:\/\/resources.sbshoppingbasket.com\/fr\/lp-infographie\">\n\t\t\t\t\t\t<span class=\"elementor-button-content-wrapper\">\n\t\t\t\t\t\t\t\t\t<span class=\"elementor-button-text\">T\u00e9l\u00e9chargez Maintenant<\/span>\n\t\t\t\t\t<\/span>\n\t\t\t\t\t<\/a>\n\t\t\t\t\t\t\t\t<\/div>\n\t\t\t\t<\/div>\n\t\t<div class=\"elementor-element elementor-element-e008c7c e-con-full e-flex e-con e-child\" data-id=\"e008c7c\" data-element_type=\"container\">\n\t\t\t\t<div class=\"elementor-element elementor-element-1a130a4 elementor-widget elementor-widget-image\" data-id=\"1a130a4\" data-element_type=\"widget\" data-widget_type=\"image.default\">\n\t\t\t\t\t\t\t\t\t\t\t\t\t\t\t<img loading=\"lazy\" decoding=\"async\" width=\"400\" height=\"476\" src=\"https:\/\/sbshoppingbasket.com\/wp-content\/uploads\/comment-choisir-un-panier.jpg\" class=\"attachment-large size-large wp-image-12303\" alt=\"comment-choisir-un-panier\" srcset=\"https:\/\/sbshoppingbasket.com\/wp-content\/uploads\/comment-choisir-un-panier.jpg 400w, https:\/\/sbshoppingbasket.com\/wp-content\/uploads\/comment-choisir-un-panier-336x400.jpg 336w\" sizes=\"(max-width: 400px) 100vw, 400px\" title=\"\">\t\t\t\t\t\t\t\t\t\t\t\t\t\t\t<\/div>\n\t\t\t\t<\/div>\n\t\t\t\t\t<\/div>\n\t\t\t\t<\/div>\n\t\t\t\t<\/div>\n\t\t","protected":false},"excerpt":{"rendered":"<p>Apprenez \u00e0 Choisir Comme un Expert D\u00c9COUVREZ LES 5 CAT\u00c9GORIES ESSENTIELLES Apprenez \u00e0 Choisir Comme un Expert D\u00c9COUVREZ LES 5 CAT\u00c9GORIES ESSENTIELLES D\u00e9j\u00e0 un expert ? Alors, nous vous invitons \u00e0 d\u00e9couvrir notre gamme de produits : Voir la gamme de produits SI VOUS VOULEZ CONTINUER \u00c0 APPRENDRE, D\u00c9COUVREZ LES 18 FACTEURS CL\u00c9S CI-DESSOUS. D\u00e9j\u00e0 [&hellip;]<\/p>\n","protected":false},"author":3,"featured_media":0,"parent":0,"menu_order":0,"comment_status":"closed","ping_status":"closed","template":"","meta":{"content-type":"","footnotes":""},"class_list":["post-10935","page","type-page","status-publish","hentry"],"_links":{"self":[{"href":"https:\/\/sbshoppingbasket.com\/fr\/wp-json\/wp\/v2\/pages\/10935","targetHints":{"allow":["GET"]}}],"collection":[{"href":"https:\/\/sbshoppingbasket.com\/fr\/wp-json\/wp\/v2\/pages"}],"about":[{"href":"https:\/\/sbshoppingbasket.com\/fr\/wp-json\/wp\/v2\/types\/page"}],"author":[{"embeddable":true,"href":"https:\/\/sbshoppingbasket.com\/fr\/wp-json\/wp\/v2\/users\/3"}],"replies":[{"embeddable":true,"href":"https:\/\/sbshoppingbasket.com\/fr\/wp-json\/wp\/v2\/comments?post=10935"}],"version-history":[{"count":3,"href":"https:\/\/sbshoppingbasket.com\/fr\/wp-json\/wp\/v2\/pages\/10935\/revisions"}],"predecessor-version":[{"id":14166,"href":"https:\/\/sbshoppingbasket.com\/fr\/wp-json\/wp\/v2\/pages\/10935\/revisions\/14166"}],"wp:attachment":[{"href":"https:\/\/sbshoppingbasket.com\/fr\/wp-json\/wp\/v2\/media?parent=10935"}],"curies":[{"name":"wp","href":"https:\/\/api.w.org\/{rel}","templated":true}]}}