{"id":6298,"date":"2023-09-10T17:33:21","date_gmt":"2023-09-10T15:33:21","guid":{"rendered":"https:\/\/sbshoppingbasket.com\/barcelona-stacker\/"},"modified":"2026-02-03T16:18:20","modified_gmt":"2026-02-03T15:18:20","slug":"stacker-barcelona","status":"publish","type":"product","link":"https:\/\/sbshoppingbasket.com\/en\/stacker-barcelona\/","title":{"rendered":"Barcelona stacker"},"content":{"rendered":"","protected":false},"excerpt":{"rendered":"","protected":false},"featured_media":5230,"template":"","meta":{"content-type":"","_script-formulario":"<script charset=\"utf-8\" type=\"text\/javascript\" src=\"\/\/js-eu1.hsforms.net\/forms\/embed\/v2.js\"><\/script>\r\n<script>\r\n    \/\/ Categor\u00edas: Cestas de mano, Cestas con ruedas, Carros, Accesorios, Portacestas, Multiflex\r\n    \/\/ SubCategor\u00edas: \r\n        \/\/ Cestas de mano: Delux 12L, FIT 26L, Great 28L, Delux 12L Recycled, FIT 26L Recycled, Great 28L Recycled\r\n        \/\/ Cestas con Ruedas: RB32 32L, Barcelona 54L, XXL 80L, Match 86L, Bond 70L, Superbond 91L, RB32 32L Recycled, Barcelona 54L Recycled, XXL 80L Recycled, Match 86L Recycled, Bond 70L Recycled, Superbond 91L Recycled\r\n        \/\/ Carros: Snupy 60L, UP80 80L\r\n        \/\/ Accesorios: Cestas con freno para escaleras mec\u00e1nicas y rampas\r\n        \/\/ Portacestas: Delux, Great \/ FIT, RB32, Barcelona, XXL, Superbond\r\n        \/\/ MultiFlex: Sweet 10L, Kanguro 27L, New Market 30L, ReBasket\r\n        \/\/ Idiomas: es, fr, en\r\n\r\n    let setup=[{idioma:\"en\", categoria:\"Portacestas\", subcategoria:\"Barcelona\"}];\r\n\r\n    hbspt.forms.create({\r\n      region: \"eu1\",\r\n      portalId: \"24883085\",\r\n      locale: setup[0].idioma,\r\n      translations: {\r\n        en: {\r\n          required: \"This field is required!\",\r\n          submitText: \"Send\",\r\n          submissionErrors:{ \r\n            MISSING_REQUIRED_FIELDS: \"Please fill in all required fields!\" \r\n          },\r\n          fieldLabels: {\r\n            \"email\": \"Email\",\r\n            \"firstname\": \"Name\",\r\n            \"lastname\": \"Last name\",\r\n            \"0-2\/name\": \"Company\",\r\n            \"LEGAL_CONSENT.subscription_type_117135907\": \"I Agree to receive other communications from Shopping Basket\",\r\n            \"LEGAL_CONSENT.processing\": \"I Agree that Shopping Basket store and manage my personal data\"\r\n          }\r\n        },\r\n        es: {\r\n          required: \"Este campo es obligatorio!\",\r\n          submitText: \"Enviar\",\r\n          submissionErrors:{ \r\n            MISSING_REQUIRED_FIELDS: \"Por favor, rellene los campos obligatorios!\" \r\n          },\r\n          fieldLabels: {\r\n            \"email\": \"Email\",\r\n            \"firstname\": \"Nombre\",\r\n            \"lastname\": \"Apellidos\",\r\n            \"0-2\/name\": \"Empresa\",\r\n            \"LEGAL_CONSENT.subscription_type_117135907\": \"Acepto recibir otras comunicaciones de Shopping Basket\",\r\n            \"LEGAL_CONSENT.processing\": \"Acepto que Shopping Basket almacene y trate mis datos personales\"\r\n          }\r\n        },\r\n        fr: {\r\n          required: \"Ce champ est obligatoire!\",\r\n          submitText: \"Envoyer\",\r\n          submissionErrors:{ \r\n            MISSING_REQUIRED_FIELDS: \"S'il vous pla\u00eet remplir les champs obligatoires!\" \r\n          },\r\n          fieldLabels: {\r\n            \"email\": \"Email\",\r\n            \"firstname\": \"Pr\u00e9nom\",\r\n            \"lastname\": \"Nom\",\r\n            \"0-2\/name\": \"Nom de l'entreprise\",\r\n            \"LEGAL_CONSENT.subscription_type_117135907\": \"J'accepte de recevoir d'autres communications de Shopping Basket\",\r\n            \"LEGAL_CONSENT.processing\": \"J'accepte que Shopping Basket stocke et traite mes donn\u00e9es personnelles\"\r\n          }\r\n        },        \r\n      },\r\n      formId: \"7677d40e-2f3c-41f6-b7e7-94638a379feb\",\r\n      inlineMessage:(setup[0].idioma) === 'es' ? \"Gracias, \u00a1te hemos enviado un correo con las descargas!\" : (setup[0].idioma === 'en' ? \"Thank You, we've just sent you an email with the downloads!\" : \"Merci, nous vous avons envoy\u00e9 un e-mail avec les t\u00e9l\u00e9chargements !\"),\r\n      onFormReady: function($form) {\r\n        \r\n        $form.find('div.hs_categoria').closest('fieldset').css('display', 'none');\r\n        $form.find('div.hs_cestas_de_mano').closest('fieldset').css('display', 'none');\r\n        $form.find('div.hs_cestas_con_ruedas').closest('fieldset').css('display', 'none');\r\n        $form.find('div.hs_carros').closest('fieldset').css('display', 'none');\r\n        $form.find('div.hs_accesorios').closest('fieldset').css('display', 'none');\r\n        $form.find('div.hs_portacestas').closest('fieldset').css('display', 'none');\r\n        $form.find('div.hs_multiflex').closest('fieldset').css('display', 'none');\r\n        \/\/ Cambiar texto basado en el idioma\r\n        switch (setup[0].idioma) {\r\n          case 'es':\r\n            $form.find('.legal-consent-container .hs-richtext:nth-child(1)').html('Nos comprometemos a proteger tu privacidad, y solo usaremos tu informaci\u00f3n para mandarte alg\u00fan contenido que te interese de vez en cuando. Si aceptas, ind\u00edcanos c\u00f3mo deseas que nos comuniquemos:.');\r\n            $form.find('.legal-consent-container .hs-richtext:nth-child(3)').html('Para poder proporcionarte el contenido solicitado, debemos almacenar y procesar tus datos personales. Si aceptas, marca la casilla de abajo.');\r\n            $form.find('.legal-consent-container .hs-richtext:nth-child(2)').html('Nos comprometemos a proteger tu privacidad, y solo usaremos tu informaci\u00f3n para mandarte alg\u00fan contenido que te interese de vez en cuando. Si aceptas, ind\u00edcanos c\u00f3mo deseas que nos comuniquemos:.');\r\n            break;\r\n          case 'en':\r\n            $form.find('.legal-consent-container .hs-richtext:nth-child(1)').html('We are committed to protecting your privacy, and we will only use your information to send you content that interests you from time to time. If you accept, tell us how you want us to communicate:');\r\n            $form.find('.legal-consent-container .hs-richtext:nth-child(3)').html('In order to provide you with the requested content, we must store and process your personal data. If you accept, check the box below.');\r\n            $form.find('.legal-consent-container .hs-richtext:nth-child(5)').html('You can unsubscribe at any time. To do this, consult our Privacy Policy.');            \r\n            break;\r\n          case 'fr':\r\n            $form.find('.legal-consent-container .hs-richtext:nth-child(1)').html('Nous nous engageons \u00e0 prot\u00e9ger votre vie priv\u00e9e et nous utiliserons vos informations uniquement pour vous envoyer du contenu qui vous int\u00e9resse de temps en temps. Si vous acceptez, dites-nous comment vous souhaitez que nous communiquions:');\r\n            $form.find('.legal-consent-container .hs-richtext:nth-child(3)').html('Afin de vous fournir le contenu demand\u00e9, nous devons stocker et traiter vos donn\u00e9es personnelles. Si vous acceptez, cochez la case ci-dessous.');\r\n            $form.find('.legal-consent-container .hs-richtext:nth-child(5)').html('Vous pouvez vous d\u00e9sabonner \u00e0 tout moment. Pour ce faire, consultez notre Politique de confidentialit\u00e9.');\r\n            break;\r\n        }\r\n\r\n        $form.find('select[name=categoria] option[value=\"'+setup[0].categoria+'\"]').prop('selected',true);\r\n        $form.find('input[value=\"'+setup[0].subcategoria+'\"]').prop('checked', true);\r\n      }\r\n    });\r\n<\/script>"},"product_brand":[],"product_cat":[219],"product_tag":[],"class_list":{"0":"post-6298","1":"product","2":"type-product","3":"status-publish","4":"has-post-thumbnail","6":"product_cat-stackers","8":"first","9":"instock","10":"shipping-taxable","11":"product-type-simple"},"_links":{"self":[{"href":"https:\/\/sbshoppingbasket.com\/en\/wp-json\/wp\/v2\/product\/6298","targetHints":{"allow":["GET"]}}],"collection":[{"href":"https:\/\/sbshoppingbasket.com\/en\/wp-json\/wp\/v2\/product"}],"about":[{"href":"https:\/\/sbshoppingbasket.com\/en\/wp-json\/wp\/v2\/types\/product"}],"wp:featuredmedia":[{"embeddable":true,"href":"https:\/\/sbshoppingbasket.com\/en\/wp-json\/wp\/v2\/media\/5230"}],"wp:attachment":[{"href":"https:\/\/sbshoppingbasket.com\/en\/wp-json\/wp\/v2\/media?parent=6298"}],"wp:term":[{"taxonomy":"product_brand","embeddable":true,"href":"https:\/\/sbshoppingbasket.com\/en\/wp-json\/wp\/v2\/product_brand?post=6298"},{"taxonomy":"product_cat","embeddable":true,"href":"https:\/\/sbshoppingbasket.com\/en\/wp-json\/wp\/v2\/product_cat?post=6298"},{"taxonomy":"product_tag","embeddable":true,"href":"https:\/\/sbshoppingbasket.com\/en\/wp-json\/wp\/v2\/product_tag?post=6298"}],"curies":[{"name":"wp","href":"https:\/\/api.w.org\/{rel}","templated":true}]}}