{"id":17192,"date":"2026-04-02T13:05:42","date_gmt":"2026-04-02T11:05:42","guid":{"rendered":"https:\/\/sbshoppingbasket.com\/customization-multi-sector-adaptability\/"},"modified":"2026-05-04T10:43:06","modified_gmt":"2026-05-04T08:43:06","slug":"customization-of-plastic-shopping-baskets-and-carts","status":"publish","type":"page","link":"https:\/\/sbshoppingbasket.com\/en\/customization-of-plastic-shopping-baskets-and-carts\/","title":{"rendered":"Customization of shopping baskets and carts"},"content":{"rendered":"\t\t<div data-elementor-type=\"wp-page\" data-elementor-id=\"17192\" class=\"elementor elementor-17192 elementor-17151\" data-elementor-post-type=\"page\">\n\t\t\t\t<div class=\"elementor-element elementor-element-a0e8f2f e-con-full e-flex e-con e-parent\" data-id=\"a0e8f2f\" data-element_type=\"container\">\n\t\t<div class=\"elementor-element elementor-element-2b7b363 e-con-m e-con-124 jedv-enabled--yes e-flex e-con-boxed e-con e-child\" data-id=\"2b7b363\" data-element_type=\"container\" data-settings=\"{&quot;background_background&quot;:&quot;classic&quot;}\">\n\t\t\t\t\t<div class=\"e-con-inner\">\n\t\t<div class=\"elementor-element elementor-element-5a94fcc e-flex e-con-boxed e-con e-child\" data-id=\"5a94fcc\" data-element_type=\"container\">\n\t\t\t\t\t<div class=\"e-con-inner\">\n\t\t\t\t<div class=\"elementor-element elementor-element-16ed6fa elementor-widget elementor-widget-text-editor\" data-id=\"16ed6fa\" data-element_type=\"widget\" data-widget_type=\"text-editor.default\">\n\t\t\t\t\t\t\t\t\t<h2>Retail Personalization<\/h2><h3>Solutions adaptable to each element<br> <br><\/h3>\t\t\t\t\t\t\t\t<\/div>\n\t\t\t\t<div class=\"elementor-element elementor-element-59bc754 elementor-widget elementor-widget-button\" data-id=\"59bc754\" data-element_type=\"widget\" data-widget_type=\"button.default\">\n\t\t\t\t\t\t\t\t\t\t<a class=\"elementor-button elementor-button-link elementor-size-sm\" href=\"https:\/\/sbshoppingbasket.com\/en\/clients\/\">\n\t\t\t\t\t\t<span class=\"elementor-button-content-wrapper\">\n\t\t\t\t\t\t\t\t\t<span class=\"elementor-button-text\">Our Clients<\/span>\n\t\t\t\t\t<\/span>\n\t\t\t\t\t<\/a>\n\t\t\t\t\t\t\t\t<\/div>\n\t\t\t\t\t<\/div>\n\t\t\t\t<\/div>\n\t\t\t\t\t<\/div>\n\t\t\t\t<\/div>\n\t\t\t\t<\/div>\n\t\t<div class=\"elementor-element elementor-element-849bafc card-texto e-flex e-con-boxed e-con e-parent\" data-id=\"849bafc\" data-element_type=\"container\" id=\"certifications\">\n\t\t\t\t\t<div class=\"e-con-inner\">\n\t\t<div class=\"elementor-element elementor-element-0b64e10 e-con-full e-flex e-con e-child\" data-id=\"0b64e10\" data-element_type=\"container\">\n\t\t\t\t<div class=\"elementor-element elementor-element-225846d elementor-widget elementor-widget-heading\" data-id=\"225846d\" data-element_type=\"widget\" data-widget_type=\"heading.default\">\n\t\t\t\t\t<h2 class=\"elementor-heading-title elementor-size-default\">Private Label and Customization Solutions<\/h2>\t\t\t\t<\/div>\n\t\t<div class=\"elementor-element elementor-element-5122d3b e-con-full e-flex e-con e-child\" data-id=\"5122d3b\" data-element_type=\"container\">\n\t\t\t\t<div class=\"elementor-element elementor-element-5ff89b8 elementor-widget elementor-widget-text-editor\" data-id=\"5ff89b8\" data-element_type=\"widget\" data-widget_type=\"text-editor.default\">\n\t\t\t\t\t\t\t\t\t<p><strong>Retail equipment is increasingly becoming part of brand identity.<br> <br><\/strong> Customization options include:<br> <br><\/p><ul><li>Pantone color palette<\/li><li>Screen printing<\/li><li>High-quality industrial labels<\/li><li>In-mold labelling (IML)<\/li><li>Pad printing<\/li><li>Integration of molded logo (where applicable)<\/li><li>Custom handle colours<\/li><li>Material variations for selected models<\/li><li>Optional accessories to enhance the shopping experience<\/li><\/ul><p>The adaptability of retail solutions allows products to be integrated into different operational models, from in-store use to internal logistics, optimizing their performance in each context.<\/p>\t\t\t\t\t\t\t\t<\/div>\n\t\t\t\t<\/div>\n\t\t\t\t<\/div>\n\t\t<div class=\"elementor-element elementor-element-fc093c1 e-con-full e-flex e-con e-child\" data-id=\"fc093c1\" data-element_type=\"container\">\n\t\t\t\t<div class=\"elementor-element elementor-element-64aaff6 elementor-widget elementor-widget-image\" data-id=\"64aaff6\" data-element_type=\"widget\" data-widget_type=\"image.default\">\n\t\t\t\t\t\t\t\t\t\t\t\t\t\t\t<img fetchpriority=\"high\" decoding=\"async\" width=\"800\" height=\"665\" src=\"https:\/\/sbshoppingbasket.com\/wp-content\/uploads\/Personalizacion_en_Retail_cestas.jpg\" class=\"attachment-large size-large wp-image-18301\" alt=\"Personalizacion_en_Retail_cestas\" srcset=\"https:\/\/sbshoppingbasket.com\/wp-content\/uploads\/Personalizacion_en_Retail_cestas.jpg 1136w, https:\/\/sbshoppingbasket.com\/wp-content\/uploads\/Personalizacion_en_Retail_cestas-1024x851.jpg 1024w, https:\/\/sbshoppingbasket.com\/wp-content\/uploads\/Personalizacion_en_Retail_cestas-400x332.jpg 400w, https:\/\/sbshoppingbasket.com\/wp-content\/uploads\/Personalizacion_en_Retail_cestas-768x638.jpg 768w, https:\/\/sbshoppingbasket.com\/wp-content\/uploads\/Personalizacion_en_Retail_cestas-600x499.jpg 600w\" sizes=\"(max-width: 800px) 100vw, 800px\" title=\"\">\t\t\t\t\t\t\t\t\t\t\t\t\t\t\t<\/div>\n\t\t\t\t<\/div>\n\t\t\t\t\t<\/div>\n\t\t\t\t<\/div>\n\t\t<div class=\"elementor-element elementor-element-993f28b e-flex e-con-boxed e-con e-parent\" data-id=\"993f28b\" data-element_type=\"container\" id=\"process\" data-settings=\"{&quot;background_background&quot;:&quot;classic&quot;}\">\n\t\t\t\t\t<div class=\"e-con-inner\">\n\t\t<div class=\"elementor-element elementor-element-8b1a488 e-con-full e-flex e-con e-child\" data-id=\"8b1a488\" data-element_type=\"container\">\n\t\t\t\t<div class=\"elementor-element elementor-element-0b6e6d0 elementor-widget elementor-widget-heading\" data-id=\"0b6e6d0\" data-element_type=\"widget\" data-widget_type=\"heading.default\">\n\t\t\t\t\t<h2 class=\"elementor-heading-title elementor-size-default\">Functional Accessories and Operational Enhancements<\/h2>\t\t\t\t<\/div>\n\t\t\t\t<div class=\"elementor-element elementor-element-16fcc1e elementor-widget elementor-widget-spacer\" data-id=\"16fcc1e\" data-element_type=\"widget\" data-widget_type=\"spacer.default\">\n\t\t\t\t\t\t\t<div class=\"elementor-spacer\">\n\t\t\t<div class=\"elementor-spacer-inner\"><\/div>\n\t\t<\/div>\n\t\t\t\t\t\t<\/div>\n\t\t\t\t<div class=\"elementor-element elementor-element-b177710 elementor-widget__width-initial elementor-widget elementor-widget-text-editor\" data-id=\"b177710\" data-element_type=\"widget\" data-widget_type=\"text-editor.default\">\n\t\t\t\t\t\t\t\t\t<p>Retail environments often require additional functionalities beyond standard configurations.<\/p>\t\t\t\t\t\t\t\t<\/div>\n\t\t\t\t<\/div>\n\t\t<div class=\"elementor-element elementor-element-5f8aae8 e-con-full e-flex e-con e-child\" data-id=\"5f8aae8\" data-element_type=\"container\">\n\t\t<div class=\"elementor-element elementor-element-d7ae70b e-con-full e-flex e-con e-child\" data-id=\"d7ae70b\" data-element_type=\"container\">\n\t\t\t\t<div class=\"elementor-element elementor-element-2aaf1e5 elementor-widget elementor-widget-heading\" data-id=\"2aaf1e5\" data-element_type=\"widget\" data-widget_type=\"heading.default\">\n\t\t\t\t\t<h3 class=\"elementor-heading-title elementor-size-default\">01<\/h3>\t\t\t\t<\/div>\n\t\t\t\t<div class=\"elementor-element elementor-element-f59cdf3 elementor-widget elementor-widget-heading\" data-id=\"f59cdf3\" data-element_type=\"widget\" data-widget_type=\"heading.default\">\n\t\t\t\t\t<h3 class=\"elementor-heading-title elementor-size-default\">Accessory integration<\/h3>\t\t\t\t<\/div>\n\t\t\t\t<div class=\"elementor-element elementor-element-b921d27 elementor-widget elementor-widget-text-editor\" data-id=\"b921d27\" data-element_type=\"widget\" data-widget_type=\"text-editor.default\">\n\t\t\t\t\t\t\t\t\t<ul><li>Mobile phone holders integrated into basket handles<\/li><li>Coin-lock systems compatible with all international currencies<\/li><\/ul>\t\t\t\t\t\t\t\t<\/div>\n\t\t\t\t<\/div>\n\t\t<div class=\"elementor-element elementor-element-2168db3 e-con-full e-flex e-con e-child\" data-id=\"2168db3\" data-element_type=\"container\">\n\t\t\t\t<div class=\"elementor-element elementor-element-1b04e30 elementor-widget elementor-widget-heading\" data-id=\"1b04e30\" data-element_type=\"widget\" data-widget_type=\"heading.default\">\n\t\t\t\t\t<h3 class=\"elementor-heading-title elementor-size-default\">02<\/h3>\t\t\t\t<\/div>\n\t\t\t\t<div class=\"elementor-element elementor-element-aeaa667 elementor-widget elementor-widget-heading\" data-id=\"aeaa667\" data-element_type=\"widget\" data-widget_type=\"heading.default\">\n\t\t\t\t\t<h3 class=\"elementor-heading-title elementor-size-default\">Adaptations for escalators and safety<\/h3>\t\t\t\t<\/div>\n\t\t\t\t<div class=\"elementor-element elementor-element-1cc580e elementor-widget elementor-widget-text-editor\" data-id=\"1cc580e\" data-element_type=\"widget\" data-widget_type=\"text-editor.default\">\n\t\t\t\t\t\t\t\t\t<ul><li>Wheel systems compatible with travelators for escalators<\/li><li>Mecanismos de freno opcionales para rampas y escaleras mec\u00e1nicas y superficies irregulares. Learn more<\/li><li>Increased stability for multi-level retail environments<\/li><\/ul>\t\t\t\t\t\t\t\t<\/div>\n\t\t\t\t<\/div>\n\t\t\t\t<\/div>\n\t\t\t\t\t<\/div>\n\t\t\t\t<\/div>\n\t\t<div class=\"elementor-element elementor-element-c322666 e-flex e-con-boxed e-con e-parent\" data-id=\"c322666\" data-element_type=\"container\" id=\"test\" data-settings=\"{&quot;background_background&quot;:&quot;classic&quot;}\">\n\t\t\t\t\t<div class=\"e-con-inner\">\n\t\t<div class=\"elementor-element elementor-element-7dae9d0 e-con-full e-flex e-con e-child\" data-id=\"7dae9d0\" data-element_type=\"container\">\n\t\t\t\t<div class=\"elementor-element elementor-element-cb0601d elementor-widget elementor-widget-heading\" data-id=\"cb0601d\" data-element_type=\"widget\" data-widget_type=\"heading.default\">\n\t\t\t\t\t<h2 class=\"elementor-heading-title elementor-size-default\">Modular Configuration Options<\/h2>\t\t\t\t<\/div>\n\t\t\t\t<div class=\"elementor-element elementor-element-ca582a1 elementor-widget__width-initial elementor-widget elementor-widget-image\" data-id=\"ca582a1\" data-element_type=\"widget\" data-widget_type=\"image.default\">\n\t\t\t\t\t\t\t\t\t\t\t\t\t\t\t<img decoding=\"async\" width=\"300\" height=\"300\" src=\"https:\/\/sbshoppingbasket.com\/wp-content\/uploads\/usuario-300x300.png\" class=\"attachment-woocommerce_thumbnail size-woocommerce_thumbnail wp-image-18305\" alt=\"Personalizacion_en_Retail_cestas\" srcset=\"https:\/\/sbshoppingbasket.com\/wp-content\/uploads\/usuario-300x300.png 300w, https:\/\/sbshoppingbasket.com\/wp-content\/uploads\/usuario-1024x1024.png 1024w, https:\/\/sbshoppingbasket.com\/wp-content\/uploads\/usuario-1080x1080.png 1080w, https:\/\/sbshoppingbasket.com\/wp-content\/uploads\/usuario-400x400.png 400w, https:\/\/sbshoppingbasket.com\/wp-content\/uploads\/usuario-768x768.png 768w, https:\/\/sbshoppingbasket.com\/wp-content\/uploads\/usuario-1536x1536.png 1536w, https:\/\/sbshoppingbasket.com\/wp-content\/uploads\/usuario-600x600.png 600w, https:\/\/sbshoppingbasket.com\/wp-content\/uploads\/usuario-100x100.png 100w, https:\/\/sbshoppingbasket.com\/wp-content\/uploads\/usuario.png 1920w\" sizes=\"(max-width: 300px) 100vw, 300px\" title=\"\">\t\t\t\t\t\t\t\t\t\t\t\t\t\t\t<\/div>\n\t\t<div class=\"elementor-element elementor-element-aa38743 e-con-full e-flex e-con e-child\" data-id=\"aa38743\" data-element_type=\"container\">\n\t\t\t\t<div class=\"elementor-element elementor-element-cefb88d elementor-widget elementor-widget-text-editor\" data-id=\"cefb88d\" data-element_type=\"widget\" data-widget_type=\"text-editor.default\">\n\t\t\t\t\t\t\t\t\t<p><strong>Volume variations across product families<\/strong><\/p><ul><li>Versions with and without wheels<\/li><li>Wheel system customization<\/li><li>Reinforcement adjustments for specific use cases<\/li><li>Safety-oriented configurations<\/li><\/ul>\t\t\t\t\t\t\t\t<\/div>\n\t\t\t\t<\/div>\n\t\t\t\t<\/div>\n\t\t<div class=\"elementor-element elementor-element-135cc74 e-con-full e-flex e-con e-child\" data-id=\"135cc74\" data-element_type=\"container\">\n\t\t\t\t<div class=\"elementor-element elementor-element-9b2f1f5 elementor-widget elementor-widget-heading\" data-id=\"9b2f1f5\" data-element_type=\"widget\" data-widget_type=\"heading.default\">\n\t\t\t\t\t<h2 class=\"elementor-heading-title elementor-size-default\">Scalable Customized Production<\/h2>\t\t\t\t<\/div>\n\t\t<div class=\"elementor-element elementor-element-eb1c9cc e-con-full e-flex e-con e-child\" data-id=\"eb1c9cc\" data-element_type=\"container\">\n\t\t\t\t<div class=\"elementor-element elementor-element-97e2550 elementor-widget__width-initial elementor-widget elementor-widget-image\" data-id=\"97e2550\" data-element_type=\"widget\" data-widget_type=\"image.default\">\n\t\t\t\t\t\t\t\t\t\t\t\t\t\t\t<img decoding=\"async\" width=\"300\" height=\"300\" src=\"https:\/\/sbshoppingbasket.com\/wp-content\/uploads\/escalable-300x300.png\" class=\"attachment-woocommerce_thumbnail size-woocommerce_thumbnail wp-image-18309\" alt=\"escalable\" srcset=\"https:\/\/sbshoppingbasket.com\/wp-content\/uploads\/escalable-300x300.png 300w, https:\/\/sbshoppingbasket.com\/wp-content\/uploads\/escalable-1024x1024.png 1024w, https:\/\/sbshoppingbasket.com\/wp-content\/uploads\/escalable-1080x1080.png 1080w, https:\/\/sbshoppingbasket.com\/wp-content\/uploads\/escalable-400x400.png 400w, https:\/\/sbshoppingbasket.com\/wp-content\/uploads\/escalable-768x768.png 768w, https:\/\/sbshoppingbasket.com\/wp-content\/uploads\/escalable-1536x1536.png 1536w, https:\/\/sbshoppingbasket.com\/wp-content\/uploads\/escalable-600x600.png 600w, https:\/\/sbshoppingbasket.com\/wp-content\/uploads\/escalable-100x100.png 100w, https:\/\/sbshoppingbasket.com\/wp-content\/uploads\/escalable.png 1920w\" sizes=\"(max-width: 300px) 100vw, 300px\" title=\"\">\t\t\t\t\t\t\t\t\t\t\t\t\t\t\t<\/div>\n\t\t\t\t<div class=\"elementor-element elementor-element-a75c20e elementor-widget elementor-widget-text-editor\" data-id=\"a75c20e\" data-element_type=\"widget\" data-widget_type=\"text-editor.default\">\n\t\t\t\t\t\t\t\t\t<p><strong>Customization is integrated within our European manufacturing structure based in Spain.<\/strong><\/p><ul><li>Structured production planning<\/li><li>Controlled color batch management<\/li><li>Mold adaptation capability<\/li><li>Multi-country delivery coordination<\/li><\/ul><p>Customized programs can be managed within a scalable industrial framework or as standalone projects.<\/p>\t\t\t\t\t\t\t\t<\/div>\n\t\t\t\t<\/div>\n\t\t\t\t<\/div>\n\t\t\t\t\t<\/div>\n\t\t\t\t<\/div>\n\t\t<div class=\"elementor-element elementor-element-e71bdcc e-flex e-con-boxed e-con e-parent\" data-id=\"e71bdcc\" data-element_type=\"container\" data-settings=\"{&quot;background_background&quot;:&quot;classic&quot;}\">\n\t\t\t\t\t<div class=\"e-con-inner\">\n\t\t\t\t<div class=\"elementor-element elementor-element-90a184e elementor-widget elementor-widget-heading\" data-id=\"90a184e\" data-element_type=\"widget\" data-widget_type=\"heading.default\">\n\t\t\t\t\t<h2 class=\"elementor-heading-title elementor-size-default\">Frequently Asked Questions<\/h2>\t\t\t\t<\/div>\n\t\t<div class=\"elementor-element elementor-element-2e3c017 e-con-full e-flex e-con e-child\" data-id=\"2e3c017\" data-element_type=\"container\">\n\t\t\t\t<div class=\"elementor-element elementor-element-bf951df elementor-widget elementor-widget-n-accordion\" data-id=\"bf951df\" data-element_type=\"widget\" data-settings=\"{&quot;default_state&quot;:&quot;expanded&quot;,&quot;max_items_expended&quot;:&quot;one&quot;,&quot;n_accordion_animation_duration&quot;:{&quot;unit&quot;:&quot;ms&quot;,&quot;size&quot;:400,&quot;sizes&quot;:[]}}\" data-widget_type=\"nested-accordion.default\">\n\t\t\t\t\t\t\t<div class=\"e-n-accordion\" aria-label=\"Accordion. Open links with Enter or Space, close with Escape, and navigate with Arrow Keys\">\n\t\t\t\t\t\t<details id=\"e-n-accordion-item-2000\" class=\"e-n-accordion-item\" open>\n\t\t\t\t<summary class=\"e-n-accordion-item-title\" data-accordion-index=\"1\" tabindex=\"0\" aria-expanded=\"true\" aria-controls=\"e-n-accordion-item-2000\" >\n\t\t\t\t\t<span class='e-n-accordion-item-title-header'><div class=\"e-n-accordion-item-title-text\"> Les paniers peuvent-ils \u00eatre personnalis\u00e9s pour diff\u00e9rents secteurs du retail ? <\/div><\/span>\n\t\t\t\t\t\t\t<span class='e-n-accordion-item-title-icon'>\n\t\t\t<span class='e-opened' ><svg aria-hidden=\"true\" class=\"e-font-icon-svg e-fas-minus\" viewBox=\"0 0 448 512\" xmlns=\"http:\/\/www.w3.org\/2000\/svg\"><path d=\"M416 208H32c-17.67 0-32 14.33-32 32v32c0 17.67 14.33 32 32 32h384c17.67 0 32-14.33 32-32v-32c0-17.67-14.33-32-32-32z\"><\/path><\/svg><\/span>\n\t\t\t<span class='e-closed'><svg aria-hidden=\"true\" class=\"e-font-icon-svg e-fas-plus\" viewBox=\"0 0 448 512\" xmlns=\"http:\/\/www.w3.org\/2000\/svg\"><path d=\"M416 208H272V64c0-17.67-14.33-32-32-32h-32c-17.67 0-32 14.33-32 32v144H32c-17.67 0-32 14.33-32 32v32c0 17.67 14.33 32 32 32h144v144c0 17.67 14.33 32 32 32h32c17.67 0 32-14.33 32-32V304h144c17.67 0 32-14.33 32-32v-32c0-17.67-14.33-32-32-32z\"><\/path><\/svg><\/span>\n\t\t<\/span>\n\n\t\t\t\t\t\t<\/summary>\n\t\t\t\t<div role=\"region\" aria-labelledby=\"e-n-accordion-item-2000\" class=\"elementor-element elementor-element-36ce816 e-con-full e-flex e-con e-child\" data-id=\"36ce816\" data-element_type=\"container\">\n\t\t\t\t<div class=\"elementor-element elementor-element-54c14c3 elementor-widget elementor-widget-text-editor\" data-id=\"54c14c3\" data-element_type=\"widget\" data-widget_type=\"text-editor.default\">\n\t\t\t\t\t\t\t\t\t<p>Yes. Our solutions are adaptable to supermarkets, DIY stores, agricultural cooperatives, textile stores, and other professional environments. <\/p>\t\t\t\t\t\t\t\t<\/div>\n\t\t\t\t<\/div>\n\t\t\t\t\t<\/details>\n\t\t\t\t\t\t<details id=\"e-n-accordion-item-2001\" class=\"e-n-accordion-item\" >\n\t\t\t\t<summary class=\"e-n-accordion-item-title\" data-accordion-index=\"2\" tabindex=\"-1\" aria-expanded=\"false\" aria-controls=\"e-n-accordion-item-2001\" >\n\t\t\t\t\t<span class='e-n-accordion-item-title-header'><div class=\"e-n-accordion-item-title-text\"> Proposez-vous des syst\u00e8mes de chariots compatibles avec les escalators ? <\/div><\/span>\n\t\t\t\t\t\t\t<span class='e-n-accordion-item-title-icon'>\n\t\t\t<span class='e-opened' ><svg aria-hidden=\"true\" class=\"e-font-icon-svg e-fas-minus\" viewBox=\"0 0 448 512\" xmlns=\"http:\/\/www.w3.org\/2000\/svg\"><path d=\"M416 208H32c-17.67 0-32 14.33-32 32v32c0 17.67 14.33 32 32 32h384c17.67 0 32-14.33 32-32v-32c0-17.67-14.33-32-32-32z\"><\/path><\/svg><\/span>\n\t\t\t<span class='e-closed'><svg aria-hidden=\"true\" class=\"e-font-icon-svg e-fas-plus\" viewBox=\"0 0 448 512\" xmlns=\"http:\/\/www.w3.org\/2000\/svg\"><path d=\"M416 208H272V64c0-17.67-14.33-32-32-32h-32c-17.67 0-32 14.33-32 32v144H32c-17.67 0-32 14.33-32 32v32c0 17.67 14.33 32 32 32h144v144c0 17.67 14.33 32 32 32h32c17.67 0 32-14.33 32-32V304h144c17.67 0 32-14.33 32-32v-32c0-17.67-14.33-32-32-32z\"><\/path><\/svg><\/span>\n\t\t<\/span>\n\n\t\t\t\t\t\t<\/summary>\n\t\t\t\t<div role=\"region\" aria-labelledby=\"e-n-accordion-item-2001\" class=\"elementor-element elementor-element-98f2231 e-con-full e-flex e-con e-child\" data-id=\"98f2231\" data-element_type=\"container\">\n\t\t\t\t<div class=\"elementor-element elementor-element-1f4e28b elementor-widget elementor-widget-text-editor\" data-id=\"1f4e28b\" data-element_type=\"widget\" data-widget_type=\"text-editor.default\">\n\t\t\t\t\t\t\t\t\t<p>Vertical baskets with high capacity Bond (70L) and Superbond (91L) can be equipped with brake systems for escalators, ramps, and uneven surfaces. The Up80 trolley can be fitted with travelator wheels for escalators. <\/p>\t\t\t\t\t\t\t\t<\/div>\n\t\t\t\t<\/div>\n\t\t\t\t\t<\/details>\n\t\t\t\t\t\t<details id=\"e-n-accordion-item-2002\" class=\"e-n-accordion-item\" >\n\t\t\t\t<summary class=\"e-n-accordion-item-title\" data-accordion-index=\"3\" tabindex=\"-1\" aria-expanded=\"false\" aria-controls=\"e-n-accordion-item-2002\" >\n\t\t\t\t\t<span class='e-n-accordion-item-title-header'><div class=\"e-n-accordion-item-title-text\"> Vos syst\u00e8mes de consigne \u00e0 pi\u00e8ce sont-ils compatibles \u00e0 l\u2019international ? <\/div><\/span>\n\t\t\t\t\t\t\t<span class='e-n-accordion-item-title-icon'>\n\t\t\t<span class='e-opened' ><svg aria-hidden=\"true\" class=\"e-font-icon-svg e-fas-minus\" viewBox=\"0 0 448 512\" xmlns=\"http:\/\/www.w3.org\/2000\/svg\"><path d=\"M416 208H32c-17.67 0-32 14.33-32 32v32c0 17.67 14.33 32 32 32h384c17.67 0 32-14.33 32-32v-32c0-17.67-14.33-32-32-32z\"><\/path><\/svg><\/span>\n\t\t\t<span class='e-closed'><svg aria-hidden=\"true\" class=\"e-font-icon-svg e-fas-plus\" viewBox=\"0 0 448 512\" xmlns=\"http:\/\/www.w3.org\/2000\/svg\"><path d=\"M416 208H272V64c0-17.67-14.33-32-32-32h-32c-17.67 0-32 14.33-32 32v144H32c-17.67 0-32 14.33-32 32v32c0 17.67 14.33 32 32 32h144v144c0 17.67 14.33 32 32 32h32c17.67 0 32-14.33 32-32V304h144c17.67 0 32-14.33 32-32v-32c0-17.67-14.33-32-32-32z\"><\/path><\/svg><\/span>\n\t\t<\/span>\n\n\t\t\t\t\t\t<\/summary>\n\t\t\t\t<div role=\"region\" aria-labelledby=\"e-n-accordion-item-2002\" class=\"elementor-element elementor-element-0155462 e-con-full e-flex e-con e-child\" data-id=\"0155462\" data-element_type=\"container\">\n\t\t\t\t<div class=\"elementor-element elementor-element-07c4b8b elementor-widget elementor-widget-text-editor\" data-id=\"07c4b8b\" data-element_type=\"widget\" data-widget_type=\"text-editor.default\">\n\t\t\t\t\t\t\t\t\t<p>Oui. Nos solutions de consigne \u00e0 pi\u00e8ce sont con\u00e7ues pour \u00eatre compatibles avec plusieurs devises et syst\u00e8mes de jetons utilis\u00e9s dans diff\u00e9rents pays. <\/p>\t\t\t\t\t\t\t\t<\/div>\n\t\t\t\t<\/div>\n\t\t\t\t\t<\/details>\n\t\t\t\t\t\t<details id=\"e-n-accordion-item-2003\" class=\"e-n-accordion-item\" >\n\t\t\t\t<summary class=\"e-n-accordion-item-title\" data-accordion-index=\"4\" tabindex=\"-1\" aria-expanded=\"false\" aria-controls=\"e-n-accordion-item-2003\" >\n\t\t\t\t\t<span class='e-n-accordion-item-title-header'><div class=\"e-n-accordion-item-title-text\"> La personnalisation affecte-t-elle la durabilit\u00e9 structurelle ? <\/div><\/span>\n\t\t\t\t\t\t\t<span class='e-n-accordion-item-title-icon'>\n\t\t\t<span class='e-opened' ><svg aria-hidden=\"true\" class=\"e-font-icon-svg e-fas-minus\" viewBox=\"0 0 448 512\" xmlns=\"http:\/\/www.w3.org\/2000\/svg\"><path d=\"M416 208H32c-17.67 0-32 14.33-32 32v32c0 17.67 14.33 32 32 32h384c17.67 0 32-14.33 32-32v-32c0-17.67-14.33-32-32-32z\"><\/path><\/svg><\/span>\n\t\t\t<span class='e-closed'><svg aria-hidden=\"true\" class=\"e-font-icon-svg e-fas-plus\" viewBox=\"0 0 448 512\" xmlns=\"http:\/\/www.w3.org\/2000\/svg\"><path d=\"M416 208H272V64c0-17.67-14.33-32-32-32h-32c-17.67 0-32 14.33-32 32v144H32c-17.67 0-32 14.33-32 32v32c0 17.67 14.33 32 32 32h144v144c0 17.67 14.33 32 32 32h32c17.67 0 32-14.33 32-32V304h144c17.67 0 32-14.33 32-32v-32c0-17.67-14.33-32-32-32z\"><\/path><\/svg><\/span>\n\t\t<\/span>\n\n\t\t\t\t\t\t<\/summary>\n\t\t\t\t<div role=\"region\" aria-labelledby=\"e-n-accordion-item-2003\" class=\"elementor-element elementor-element-3089db9 e-con-full e-flex e-con e-child\" data-id=\"3089db9\" data-element_type=\"container\">\n\t\t\t\t<div class=\"elementor-element elementor-element-d085fb6 elementor-widget elementor-widget-text-editor\" data-id=\"d085fb6\" data-element_type=\"widget\" data-widget_type=\"text-editor.default\">\n\t\t\t\t\t\t\t\t\t<p>No. Structural engineering and material performance remain consistent, regardless of brand customization or accessories. <\/p>\t\t\t\t\t\t\t\t<\/div>\n\t\t\t\t<\/div>\n\t\t\t\t\t<\/details>\n\t\t\t\t\t<\/div>\n\t\t\t\t\t\t<\/div>\n\t\t\t\t<\/div>\n\t\t\t\t\t<\/div>\n\t\t\t\t<\/div>\n\t\t<div class=\"elementor-element elementor-element-24bbd1f e-flex e-con-boxed e-con e-parent\" data-id=\"24bbd1f\" data-element_type=\"container\" id=\"contact\" data-settings=\"{&quot;background_background&quot;:&quot;classic&quot;}\">\n\t\t\t\t\t<div class=\"e-con-inner\">\n\t\t\t\t<div class=\"elementor-element elementor-element-cc5d5c2 elementor-widget elementor-widget-heading\" data-id=\"cc5d5c2\" data-element_type=\"widget\" data-widget_type=\"heading.default\">\n\t\t\t\t\t<h2 class=\"elementor-heading-title elementor-size-default\">Let us Know About Your Ideas<\/h2>\t\t\t\t<\/div>\n\t\t\t\t<div class=\"elementor-element elementor-element-1ef060c elementor-widget__width-initial elementor-widget elementor-widget-text-editor\" data-id=\"1ef060c\" data-element_type=\"widget\" data-widget_type=\"text-editor.default\">\n\t\t\t\t\t\t\t\t\t<p>Tell us about your project and your needs<\/p>\t\t\t\t\t\t\t\t<\/div>\n\t\t\t\t<div class=\"elementor-element elementor-element-d916777 elementor-widget-divider--view-line elementor-widget elementor-widget-divider\" data-id=\"d916777\" data-element_type=\"widget\" data-widget_type=\"divider.default\">\n\t\t\t\t\t\t\t<div class=\"elementor-divider\">\n\t\t\t<span class=\"elementor-divider-separator\">\n\t\t\t\t\t\t<\/span>\n\t\t<\/div>\n\t\t\t\t\t\t<\/div>\n\t\t\t\t<div class=\"elementor-element elementor-element-269d35b elementor-widget elementor-widget-button\" data-id=\"269d35b\" data-element_type=\"widget\" data-widget_type=\"button.default\">\n\t\t\t\t\t\t\t\t\t\t<a class=\"elementor-button elementor-button-link elementor-size-sm\" href=\"https:\/\/sbshoppingbasket.com\/en\/contact\/\">\n\t\t\t\t\t\t<span class=\"elementor-button-content-wrapper\">\n\t\t\t\t\t\t\t\t\t<span class=\"elementor-button-text\">Get in Touch<\/span>\n\t\t\t\t\t<\/span>\n\t\t\t\t\t<\/a>\n\t\t\t\t\t\t\t\t<\/div>\n\t\t\t\t\t<\/div>\n\t\t\t\t<\/div>\n\t\t\t\t<\/div>\n\t\t","protected":false},"excerpt":{"rendered":"<p>Retail Personalization Solutions adaptable to each element Our Clients Private Label and Customization Solutions Retail equipment is increasingly becoming part of brand identity. Customization options include: Pantone color palette Screen printing High-quality industrial labels In-mold labelling (IML) Pad printing Integration of molded logo (where applicable) Custom handle colours Material variations for selected models Optional accessories [&hellip;]<\/p>\n","protected":false},"author":3,"featured_media":0,"parent":0,"menu_order":0,"comment_status":"closed","ping_status":"closed","template":"elementor_header_footer","meta":{"content-type":"","footnotes":""},"class_list":["post-17192","page","type-page","status-publish","hentry"],"_links":{"self":[{"href":"https:\/\/sbshoppingbasket.com\/en\/wp-json\/wp\/v2\/pages\/17192","targetHints":{"allow":["GET"]}}],"collection":[{"href":"https:\/\/sbshoppingbasket.com\/en\/wp-json\/wp\/v2\/pages"}],"about":[{"href":"https:\/\/sbshoppingbasket.com\/en\/wp-json\/wp\/v2\/types\/page"}],"author":[{"embeddable":true,"href":"https:\/\/sbshoppingbasket.com\/en\/wp-json\/wp\/v2\/users\/3"}],"replies":[{"embeddable":true,"href":"https:\/\/sbshoppingbasket.com\/en\/wp-json\/wp\/v2\/comments?post=17192"}],"version-history":[{"count":19,"href":"https:\/\/sbshoppingbasket.com\/en\/wp-json\/wp\/v2\/pages\/17192\/revisions"}],"predecessor-version":[{"id":18419,"href":"https:\/\/sbshoppingbasket.com\/en\/wp-json\/wp\/v2\/pages\/17192\/revisions\/18419"}],"wp:attachment":[{"href":"https:\/\/sbshoppingbasket.com\/en\/wp-json\/wp\/v2\/media?parent=17192"}],"curies":[{"name":"wp","href":"https:\/\/api.w.org\/{rel}","templated":true}]}}